{"id":57618,"date":"2024-11-21T11:52:03","date_gmt":"2024-11-21T09:52:03","guid":{"rendered":"https:\/\/safariclub.gr\/product\/sarakina\/"},"modified":"2024-12-18T12:45:39","modified_gmt":"2024-12-18T10:45:39","slug":"sarakina","status":"publish","type":"product","link":"https:\/\/safariclub.gr\/fr\/produit\/sarakina\/","title":{"rendered":"Sarakina"},"content":{"rendered":"<p>Cette journ\u00e9e est le meilleur moyen d&#8217;explorer le sud de l&#8217;\u00eele avec ses villages traditionnels, ses for\u00eats, ses gorges. D\u00e9couvrez la mythologie, la flore, la faune et la vie locale de la Cr\u00e8te.<\/p>\n<p>Nous commen\u00e7ons notre voyage le long de la route c\u00f4ti\u00e8re de la baie de Mirabello avant de nous diriger vers les montagnes pour notre premier arr\u00eat o\u00f9 vous aurez une vue magnifique sur la mer de Cr\u00e8te et de Lybie, nous nous arr\u00eaterons pour prendre un caf\u00e9 dans l&#8217;un des villages traditionnels, avant de continuer \u00e0 rouler pour atteindre les gorges de Sarakina. Vous aurez du temps libre pour explorer les gorges avant de continuer vers le village de Christos et ses sources d&#8217;eau locales.<br \/>\nDe l\u00e0, nous traversons la for\u00eat de Selakano, la plus grande for\u00eat qui subsiste sur l&#8217;\u00eele. Nous nous arr\u00eatons rapidement \u00e0 une source d&#8217;eau locale et nous continuons \u00e0 admirer les vues sur les hauteurs avant d&#8217;arriver \u00e0 Katharo, o\u00f9 un d\u00e9licieux d\u00e9jeuner traditionnel nous attend, avec autant de vin cr\u00e9tois et d&#8217;eau que vous le souhaitez. De l\u00e0, nous continuons vers Kritsa, o\u00f9 vous aurez du temps libre pour d\u00e9couvrir pourquoi le village a re\u00e7u une \u00e9toile d&#8217;or pour son huile d&#8217;olive, ainsi que la vie et la culture du village. De retour dans les v\u00e9hicules, nous reprenons lentement le chemin du retour en passant devant le monument \u00e9rig\u00e9 en l&#8217;honneur d&#8217;une l\u00e9gende locale et devant l&#8217;\u00e9tonnant paysage cr\u00e9tois accident\u00e9.<br \/>\n<strong>Cette journ\u00e9e est pleine d&#8217;opportunit\u00e9s de photos uniques et de moments forts in\u00e9gal\u00e9s. Vous n&#8217;oublierez certainement pas cette incroyable journ\u00e9e avec Safariclub.<\/strong><\/p>\n<p><strong>Points forts :<\/strong><br \/>\n<strong>Prise en charge \u00e0 l&#8217;h\u00f4tel<\/strong><br \/>\n<strong>Point de vue =<\/strong> mer de Cr\u00e8te et mer de Lybie<br \/>\n<strong>Village traditionnel =<\/strong> pause caf\u00e9<br \/>\n<strong>Gorges de Sarakina =<\/strong> exploration<br \/>\n<strong>For\u00eat de Selakano =<\/strong> source locale<br \/>\n<strong>Vue sur la montagne =<\/strong> cueillette d&#8217;herbes<br \/>\n<strong>Katharo =<\/strong> cuisine cr\u00e9toise traditionnelle avec du vin local et de l&#8217;eau<br \/>\n<strong>Kritsa =<\/strong> village local<br \/>\n<strong>Retour \u00e0 l&#8217;h\u00f4tel<\/strong><\/p>\n","protected":false},"excerpt":{"rendered":"<p>Cette journ\u00e9e est le meilleur moyen d&#8217;explorer le sud de l&#8217;\u00eele avec ses villages traditionnels, ses for\u00eats, ses gorges. D\u00e9couvrez la mythologie, la flore, la faune et la vie locale de la Cr\u00e8te. Nous commen\u00e7ons notre voyage le long de la route c\u00f4ti\u00e8re de la baie de Mirabello avant de nous diriger vers les montagnes&hellip;<\/p>\n","protected":false},"featured_media":53681,"comment_status":"open","ping_status":"closed","template":"","meta":[],"product_brand":[],"product_cat":[1428],"product_tag":[],"class_list":{"0":"post-57618","1":"product","2":"type-product","3":"status-publish","4":"has-post-thumbnail","6":"product_cat-land-rover-safari-fr","7":"description-off","9":"first","10":"instock","11":"sold-individually","12":"shipping-taxable","13":"purchasable","14":"product-type-simple"},"_links":{"self":[{"href":"https:\/\/safariclub.gr\/fr\/wp-json\/wp\/v2\/product\/57618","targetHints":{"allow":["GET"]}}],"collection":[{"href":"https:\/\/safariclub.gr\/fr\/wp-json\/wp\/v2\/product"}],"about":[{"href":"https:\/\/safariclub.gr\/fr\/wp-json\/wp\/v2\/types\/product"}],"replies":[{"embeddable":true,"href":"https:\/\/safariclub.gr\/fr\/wp-json\/wp\/v2\/comments?post=57618"}],"wp:featuredmedia":[{"embeddable":true,"href":"https:\/\/safariclub.gr\/fr\/wp-json\/wp\/v2\/media\/53681"}],"wp:attachment":[{"href":"https:\/\/safariclub.gr\/fr\/wp-json\/wp\/v2\/media?parent=57618"}],"wp:term":[{"taxonomy":"product_brand","embeddable":true,"href":"https:\/\/safariclub.gr\/fr\/wp-json\/wp\/v2\/product_brand?post=57618"},{"taxonomy":"product_cat","embeddable":true,"href":"https:\/\/safariclub.gr\/fr\/wp-json\/wp\/v2\/product_cat?post=57618"},{"taxonomy":"product_tag","embeddable":true,"href":"https:\/\/safariclub.gr\/fr\/wp-json\/wp\/v2\/product_tag?post=57618"}],"curies":[{"name":"wp","href":"https:\/\/api.w.org\/{rel}","templated":true}]}}