{"id":57614,"date":"2021-06-30T07:38:35","date_gmt":"2024-12-09T08:29:09","guid":{"rendered":"https:\/\/safariclub.gr\/?post_type=product&#038;p=57614"},"modified":"2024-12-09T13:13:52","modified_gmt":"2024-12-09T11:13:52","slug":"57614","status":"publish","type":"product","link":"https:\/\/safariclub.gr\/fr\/produit\/57614\/","title":{"rendered":"Vlychadia Route"},"content":{"rendered":"<p lang=\"en-US\"><span style=\"font-family: Times New Roman, serif;\"><span style=\"font-size: medium;\"><span style=\"color: #1d2228;\"><span style=\"font-family: Calibri, serif;\"><span lang=\"fr-FR\">D\u00e9couvrez la partie nord-est de la Cr\u00e8te et explorez la nature sauvage, la flore, la faune, les villages traditionnels et obtenez des informations int\u00e9ressantes sur la Cr\u00e8te et la vie locale.<br \/>\nNous commen\u00e7ons la journ\u00e9e par une prise en charge \u00e0 l&#8217;h\u00f4tel, puis nous nous rendons \u00e0 notre premier arr\u00eat, qui est la grotte de Milatos. L&#8217;entr\u00e9e de la grotte est \u00e0 environ 200 m\u00e8tres de marche sur un vieux sentier, avec une vue panoramique \u00e9tonnante sur la baie de Milatos. La grotte est un lieu dramatique de l\u2019histoire de la Cr\u00e8te. En suite d\u00e9gustation d&#8217;huile d&#8217;olive et de miel locaux.<br \/>\nEn remontant les montagnes vers l&#8217;est de l&#8217;\u00eele, nous visiterons le monast\u00e8re abandonn\u00e9 de Xera Xyla . Nous verrons des ch\u00e8vres dans leur environnement et ramasserons des herbes. Apr\u00e8s une petite promenade, nous poursuivons notre voyage \u00e0 travers les montagnes jusqu&#8217;au petit village de Nofalia, o\u00f9 le temps s&#8217;est pratiquement arr\u00eat\u00e9.<br \/>\nNous nous rendons \u00e0 Vlichadia, sur la c\u00f4te nord de la r\u00e9gion de Mirabello. C&#8217;est un petit village de bord de mer avec une petite plage rocheuse devant le village, o\u00f9 nous pouvons nous rafra\u00eechir en nageant.<br \/>\nPour profiter encore un peu de la vue, nous nous arr\u00eatons pour un d\u00e9licieux d\u00e9jeuner traditionnel avec vin \u00e0 volont\u00e9 (options v\u00e9g\u00e9tarienne et enfantine disponibles) juste au bord de mer.<br \/>\nApr\u00e8s avoir repris des forces, nous retournons dans les montagnes en direction des gorges de Havgas, d&#8217;o\u00f9 vous aurez une vue en h\u00e9licopt\u00e8re de l&#8217;\u00eele l\u00e9preuse de Spinalonga, avant de rouler lentement jusqu&#8217;\u00e0 notre dernier arr\u00eat dans le village traditionnel de Fourni, o\u00f9 vous pourrez go\u00fbter au Raki avant de rentrer \u00e0 votre h\u00f4tel.<\/span><\/span><\/span><\/span><\/span><\/p>\n<p lang=\"en-US\"><span style=\"font-family: Times New Roman, serif;\"><span style=\"font-size: medium;\"><span style=\"color: #1d2228;\"><span style=\"font-family: Calibri, serif;\"><span lang=\"fr-FR\">Cette journ\u00e9e sera pleine de surprises et de d\u00e9couvertes sans \u00e9gale. Vous n&#8217;oublierez certainement pas cette journ\u00e9e avec le Safariclub !<\/span><\/span><\/span><\/span><\/span><\/p>\n<p><strong>Highlights:<\/strong><\/p>\n<p class=\"western\"><span style=\"font-family: Calibri, sans-serif;\"><span style=\"font-size: medium;\">Prise en charge \u00e0 l&#8217;h\u00f4tel<br \/>\nGrotte de Milatos = Visite de la grotte<br \/>\nD\u00e9gustation = Huile d&#8217;olive<br \/>\nMonast\u00e8re de Xera Xyla = Visite<br \/>\nCueillette d&#8217;herbes = Appr\u00e9cier l&#8217;odeur et le go\u00fbt unique<br \/>\nVillage traditionnel = Temps pour une petite promenade<br \/>\nPlage de Vlichadia = Temps pour une baignade<br \/>\nD\u00e9jeuner = Cuisine traditionnelle cr\u00e9toise avec du vin local et de l&#8217;eau<br \/>\nPoint de vue = sur Spinalonga<br \/>\nFourni = D\u00e9gustation de Raki<\/span><\/span><\/p>\n","protected":false},"excerpt":{"rendered":"<p>D\u00e9couvrez la partie nord-est de la Cr\u00e8te et explorez la nature sauvage, la flore, la faune, les villages traditionnels et obtenez des informations int\u00e9ressantes sur la Cr\u00e8te et la vie locale. Nous commen\u00e7ons la journ\u00e9e par une prise en charge \u00e0 l&#8217;h\u00f4tel, puis nous nous rendons \u00e0 notre premier arr\u00eat, qui est la grotte de&hellip;<\/p>\n","protected":false},"featured_media":54510,"comment_status":"open","ping_status":"closed","template":"","meta":[],"product_brand":[],"product_cat":[1428],"product_tag":[],"class_list":{"0":"post-57614","1":"product","2":"type-product","3":"status-publish","4":"has-post-thumbnail","6":"product_cat-land-rover-safari-fr","7":"description-off","9":"first","10":"instock","11":"shipping-taxable","12":"purchasable","13":"product-type-simple"},"_links":{"self":[{"href":"https:\/\/safariclub.gr\/fr\/wp-json\/wp\/v2\/product\/57614","targetHints":{"allow":["GET"]}}],"collection":[{"href":"https:\/\/safariclub.gr\/fr\/wp-json\/wp\/v2\/product"}],"about":[{"href":"https:\/\/safariclub.gr\/fr\/wp-json\/wp\/v2\/types\/product"}],"replies":[{"embeddable":true,"href":"https:\/\/safariclub.gr\/fr\/wp-json\/wp\/v2\/comments?post=57614"}],"wp:featuredmedia":[{"embeddable":true,"href":"https:\/\/safariclub.gr\/fr\/wp-json\/wp\/v2\/media\/54510"}],"wp:attachment":[{"href":"https:\/\/safariclub.gr\/fr\/wp-json\/wp\/v2\/media?parent=57614"}],"wp:term":[{"taxonomy":"product_brand","embeddable":true,"href":"https:\/\/safariclub.gr\/fr\/wp-json\/wp\/v2\/product_brand?post=57614"},{"taxonomy":"product_cat","embeddable":true,"href":"https:\/\/safariclub.gr\/fr\/wp-json\/wp\/v2\/product_cat?post=57614"},{"taxonomy":"product_tag","embeddable":true,"href":"https:\/\/safariclub.gr\/fr\/wp-json\/wp\/v2\/product_tag?post=57614"}],"curies":[{"name":"wp","href":"https:\/\/api.w.org\/{rel}","templated":true}]}}