{"id":57568,"date":"2022-09-27T08:17:49","date_gmt":"2022-09-27T08:17:49","guid":{"rendered":"https:\/\/safariclub.gr\/product\/minoan-route-from-november-to-march\/"},"modified":"2024-11-22T14:08:31","modified_gmt":"2024-11-22T12:08:31","slug":"minoan-route-from-november-to-march","status":"publish","type":"product","link":"https:\/\/safariclub.gr\/fr\/produit\/minoan-route-from-november-to-march\/","title":{"rendered":"Minoan Route Dec &#8211; Mar"},"content":{"rendered":"<p>D\u00e9couvrez la partie centrale de la Cr\u00e8te avec sa mythologie, faune, flore, et de nombreuses informations cocasses et int\u00e9ressantes \u00e0 propos de la Cr\u00e8te et de sa vie locale.<\/p>\n<p>Votre excursion commence d\u00e8s que vous rencontrez vos chauffeurs qui vous conduirons au premier arr\u00eat, au barrage d\u2019Aposelemi. Notre excursion se poursuit dans les sentiers et oliveraies pour rejoindre les ruines de l\u2019aqueduc romain de Lyttos. La prochaine halte est le village tranquille de Kastamonitsa o\u00f9 nous joindrons les locaux pour une d\u00e9gustation de raki et d\u2019huile d\u2019olive. Ensuite d\u00e9butera r\u00e9ellement la partie hors-piste de la journ\u00e9e, gravissant la montagne en suivant le sentier minoen qui nous conduira chez un berger, o\u00f9 vous aurez la chance de nourrir les ch\u00e8vres et ensuite de d\u00e9guster du fromage fait maison.<\/p>\n<p>De l\u00e0, nous poursuivons notre chemin jusqu\u2019au magnifique point de vue, d\u2019o\u00f9 vous pouvez voir le sentier ancien des minoens ainsi que le plateau du Lassithi. Nous rejoindrons le plateau du Lassithi pour gagner la grotte de Zeus (o\u00f9, d\u2019apr\u00e8s la mythologie, Zeus, le p\u00e8re de tous les dieux, serait n\u00e9). Il y a un droit d\u2019entr\u00e9e de 6 euros et des chaussures de marche sont recommand\u00e9es. En atteignant l\u2019entr\u00e9e de la grotte, vous aurez l\u2019opportunit\u00e9 de surplomber tout le plateau du Lassithi et ainsi de prendre de superbes photos panoramiques a\u00e9riennes.<\/p>\n<p lang=\"en-US\"><span style=\"color: #ff3333;\"><span style=\"font-family: Calibri, sans-serif;\"><span style=\"font-size: small;\"><b>(En raison de travaux de r\u00e9novation, la grotte est temporairement ferm\u00e9e ! !! Nous visitons le parc de la Mythologie grecque \u00e0 la place \/ il y a un droit d&#8217;entr\u00e9e de 6\u20ac)<\/b><\/span><\/span><\/span><\/p>\n<p>De l\u00e0, nous traverserons le plateau et nous arr\u00eaterons pour un d\u00e9jeuner traditionnel accompagn\u00e9 de vin (repas v\u00e9g\u00e9tarien possible).<\/p>\n<p>En poursuivant notre route, nous arriverons au village de Krassi, notre derni\u00e8re halte de la journ\u00e9e, un village connu pour son platane \u00e2g\u00e9 de 2000 ans et ses fontaines naturelles d\u2019eau de source.<\/p>\n<p>C\u2019est une journ\u00e9e pleine de surprises et vous n\u2019oublierez certainement pas cette sortie avec<\/p>\n<p>Great adventure!!<\/p>\n<p>Points forts:<\/p>\n<ul>\n<li>barrage Aposelimi= le village englouti de Sfendili<\/li>\n<li>Lyttos= aqueduc Romain<\/li>\n<li>Kastamonitsa= d\u00e9gustation de raki et d\u2019huile d\u2019olive<\/li>\n<li>Berger= nourrir les ch\u00e8vres et d\u00e9gustation de fromage<\/li>\n<li>Sentier minoen= Point de vue<\/li>\n<li>Psychro = Grotte de Zeus ou parc de la mythologie grecque<\/li>\n<li>D\u00e9jeuner = cuisine traditionnelle cr\u00e9toise avec vin local et eau<\/li>\n<li>Krassi= platane \u00e2g\u00e9 de 2000 ans<\/li>\n<\/ul>\n","protected":false},"excerpt":{"rendered":"<p>Land Rover Safari Minoan Route<\/p>\n","protected":false},"featured_media":54184,"comment_status":"open","ping_status":"closed","template":"","meta":[],"product_brand":[],"product_cat":[1428],"product_tag":[1516,1517,1518,1519,1520,1521,1522,1523,1524,1525,1526,1527,1528,1529,1530],"class_list":{"0":"post-57568","1":"product","2":"type-product","3":"status-publish","4":"has-post-thumbnail","6":"product_cat-land-rover-safari-fr","7":"product_tag-land-rover-jeep-safari-form-ammoudara-fr","8":"product_tag-land-rover-jeep-safari-from-analipsi-fr","9":"product_tag-land-rover-jeep-safari-from-anissaras-fr","10":"product_tag-land-rover-jeep-safari-from-chersonissos-fr","11":"product_tag-land-rover-jeep-safari-from-gouves-fr","12":"product_tag-land-rover-jeep-safari-from-heraklion-fr","13":"product_tag-land-rover-jeep-safari-from-hersonissos-fr","14":"product_tag-land-rover-jeep-safari-from-kokkini-hani-fr","15":"product_tag-land-rover-jeep-safari-from-koutouloufari-fr","16":"product_tag-lyttos-beach-fr","17":"product_tag-land-rover-jeep-safari-from-malia-fr","18":"product_tag-land-rover-jeep-safari-from-milatos-fr","19":"product_tag-land-rover-jeep-safari-from-piskopiano-fr","20":"product_tag-land-rover-jeep-safari-from-sissi-fr","21":"product_tag-land-rover-jeep-safari-from-stalis-fr","22":"description-off","24":"first","25":"instock","26":"sold-individually","27":"shipping-taxable","28":"purchasable","29":"product-type-simple"},"_links":{"self":[{"href":"https:\/\/safariclub.gr\/fr\/wp-json\/wp\/v2\/product\/57568","targetHints":{"allow":["GET"]}}],"collection":[{"href":"https:\/\/safariclub.gr\/fr\/wp-json\/wp\/v2\/product"}],"about":[{"href":"https:\/\/safariclub.gr\/fr\/wp-json\/wp\/v2\/types\/product"}],"replies":[{"embeddable":true,"href":"https:\/\/safariclub.gr\/fr\/wp-json\/wp\/v2\/comments?post=57568"}],"wp:featuredmedia":[{"embeddable":true,"href":"https:\/\/safariclub.gr\/fr\/wp-json\/wp\/v2\/media\/54184"}],"wp:attachment":[{"href":"https:\/\/safariclub.gr\/fr\/wp-json\/wp\/v2\/media?parent=57568"}],"wp:term":[{"taxonomy":"product_brand","embeddable":true,"href":"https:\/\/safariclub.gr\/fr\/wp-json\/wp\/v2\/product_brand?post=57568"},{"taxonomy":"product_cat","embeddable":true,"href":"https:\/\/safariclub.gr\/fr\/wp-json\/wp\/v2\/product_cat?post=57568"},{"taxonomy":"product_tag","embeddable":true,"href":"https:\/\/safariclub.gr\/fr\/wp-json\/wp\/v2\/product_tag?post=57568"}],"curies":[{"name":"wp","href":"https:\/\/api.w.org\/{rel}","templated":true}]}}