{"id":57284,"date":"2023-08-31T10:52:29","date_gmt":"2023-08-31T07:52:29","guid":{"rendered":"https:\/\/safariclub.gr\/?post_type=product&#038;p=57284"},"modified":"2023-08-31T11:02:22","modified_gmt":"2023-08-31T08:02:22","slug":"lasinthos-route","status":"publish","type":"product","link":"https:\/\/safariclub.gr\/fr\/produit\/lasinthos-route\/","title":{"rendered":"Lasinthos Route"},"content":{"rendered":"<p>Rejoignez-nous pour une combinaison d&#8217;exploration hors route avec des vues magnifiques sur notre belle \u00eele et pour avoir l&#8217;opportunit\u00e9 d&#8217;en apprendre davantage sur les traditions, l&#8217;artisanat et la cuisine comme autrefois dans l&#8217;unique parc \u00e9cologique de Lasinthos. Votre chauffeur viendra vous chercher \u00e0 votre h\u00f4tel pour commencer \u00e0 parcourir les montagnes avec vue sur<br \/>\nle littoral pour finir par la visite d&#8217;un petit village de montagne appel\u00e9 Mochos o\u00f9 nous aurons le temps pour une petite merveille.<\/p>\n<p>Ensuite, nous longeons les nombreuses oliveraies o\u00f9 vous pouvez trouver au bord de la route des herbes et des fleurs sauvages qui sont utilis\u00e9es depuis de nombreuses g\u00e9n\u00e9rations pour leur pouvoir de gu\u00e9rison, jusqu&#8217;\u00e0 ce que nous atteignions le barrage d&#8217;Aposelemi. En suivant des chemins de terre, nous montons pour une visite au monast\u00e8re de Vidiani avec sa source vivifiante avant d&#8217;atteindre le parc \u00e9cologique de Lasinthos.<\/p>\n<p>Ici, vous avez la possibilit\u00e9 de devenir actif en vous initiant \u00e0 la fabrication de la poterie et de la sculpture sur bois, apr\u00e8s avoir pu vous promener dans le petit zoo des animaux cr\u00e9tois avant de cueillir des l\u00e9gumes pour le cours de cuisine qui suit. Regarder les produits locaux pr\u00e9par\u00e9s d&#8217;une mani\u00e8re unique vous donnera l&#8217;app\u00e9tit pour le repas inclus apr\u00e8s, avec autant de vin et d&#8217;eau locaux que vous le souhaitez.<\/p>\n<p>Rafra\u00eechis, nous continuerons notre voyage vers une usine d&#8217;huile d&#8217;olive o\u00f9 vous d\u00e9couvrirez le processus de fabrication de l&#8217;huile qui a \u00e9t\u00e9 utilis\u00e9e pour votre repas plus t\u00f4t.<br \/>\nEn continuant notre route, nous atteignons le village de Krassi, c\u00e9l\u00e8bre pour son platane vieux de 2 000 ans et dot\u00e9 d&#8217;une source d&#8217;eau de source naturelle, avant de retourner \u00e0 votre h\u00f4tel. C&#8217;est une journ\u00e9e pleine de nombreuses surprises et l&#8217;excitation est sans \u00e9gal, vous ne le ferez certainement pas.<br \/>\noubliez votre journ\u00e9e amusante lors de notre GRANDE AVENTURE !!<\/p>\n","protected":false},"excerpt":{"rendered":"<p>Rejoignez-nous pour une combinaison d&#8217;exploration hors route avec des vues magnifiques sur notre belle \u00eele et pour avoir l&#8217;opportunit\u00e9 d&#8217;en apprendre davantage sur les traditions, l&#8217;artisanat et la cuisine comme autrefois dans l&#8217;unique parc \u00e9cologique de Lasinthos. Votre chauffeur viendra vous chercher \u00e0 votre h\u00f4tel pour commencer \u00e0 parcourir les montagnes avec vue sur le&hellip;<\/p>\n","protected":false},"featured_media":55913,"comment_status":"open","ping_status":"closed","template":"","meta":[],"product_brand":[],"product_cat":[],"product_tag":[],"class_list":{"0":"post-57284","1":"product","2":"type-product","3":"status-publish","4":"has-post-thumbnail","6":"description-off","8":"first","9":"instock","10":"sold-individually","11":"shipping-taxable","12":"purchasable","13":"product-type-simple"},"_links":{"self":[{"href":"https:\/\/safariclub.gr\/fr\/wp-json\/wp\/v2\/product\/57284","targetHints":{"allow":["GET"]}}],"collection":[{"href":"https:\/\/safariclub.gr\/fr\/wp-json\/wp\/v2\/product"}],"about":[{"href":"https:\/\/safariclub.gr\/fr\/wp-json\/wp\/v2\/types\/product"}],"replies":[{"embeddable":true,"href":"https:\/\/safariclub.gr\/fr\/wp-json\/wp\/v2\/comments?post=57284"}],"wp:featuredmedia":[{"embeddable":true,"href":"https:\/\/safariclub.gr\/fr\/wp-json\/wp\/v2\/media\/55913"}],"wp:attachment":[{"href":"https:\/\/safariclub.gr\/fr\/wp-json\/wp\/v2\/media?parent=57284"}],"wp:term":[{"taxonomy":"product_brand","embeddable":true,"href":"https:\/\/safariclub.gr\/fr\/wp-json\/wp\/v2\/product_brand?post=57284"},{"taxonomy":"product_cat","embeddable":true,"href":"https:\/\/safariclub.gr\/fr\/wp-json\/wp\/v2\/product_cat?post=57284"},{"taxonomy":"product_tag","embeddable":true,"href":"https:\/\/safariclub.gr\/fr\/wp-json\/wp\/v2\/product_tag?post=57284"}],"curies":[{"name":"wp","href":"https:\/\/api.w.org\/{rel}","templated":true}]}}