{"id":57283,"date":"2023-08-31T10:50:34","date_gmt":"2023-08-31T07:50:34","guid":{"rendered":"https:\/\/safariclub.gr\/?post_type=product&#038;p=57283"},"modified":"2023-08-31T10:51:26","modified_gmt":"2023-08-31T07:51:26","slug":"vlychadia-route","status":"publish","type":"product","link":"https:\/\/safariclub.gr\/fr\/produit\/vlychadia-route\/","title":{"rendered":"Vlychadia Route"},"content":{"rendered":"<p>D\u00e9couvrez la partie nord-est de la Cr\u00e8te et explorez la nature sauvage, la flore, la faune, les villages traditionnels et obtenez des informations int\u00e9ressantes sur la Cr\u00e8te et la vie locale.<br \/>\nEn commen\u00e7ant notre journ\u00e9e apr\u00e8s avoir \u00e9t\u00e9 pris en charge \u00e0 votre h\u00f4tel, nous nous dirigerons vers notre premier arr\u00eat, une usine d&#8217;huile d&#8217;olive, o\u00f9 vous b\u00e9n\u00e9ficierez d&#8217;une petite visite et d&#8217;une d\u00e9gustation, avant de nous diriger vers la grotte de Milatos. L&#8217;entr\u00e9e de la grotte se fait \u00e0 environ 200 m\u00e8tres de marche sur un ancien sentier, ce qui est tout un site en soi avec une vue panoramique imprenable sur la baie de Milatos, admirez un monument et d\u00e9couvrez les l\u00e9gendes locales.<\/p>\n<p>En montant les montagnes vers le c\u00f4t\u00e9 est de l&#8217;\u00eele, nous visiterons le monast\u00e8re de Xera Xyla. Nous verrons des ch\u00e8vres dans leur environnement et r\u00e9colterons des herbes. Apr\u00e8s une petite balade nous poursuivons notre voyage \u00e0 travers les montagnes et le petit village de Nofalia o\u00f9 le temps s&#8217;est pratiquement arr\u00eat\u00e9.<\/p>\n<p>Nous nous dirigeons vers Vlichadia qui se trouve sur la rive nord de la r\u00e9gion de Mirabello. C&#8217;est un petit village baln\u00e9aire avec une petite plage rocheuse devant le village, o\u00f9 l&#8217;on peut se rafra\u00eechir en se baignant.<\/p>\n<p>Pour profiter un peu plus longtemps de la belle vue, nous nous arr\u00eatons pour un d\u00e9licieux d\u00e9jeuner barbecue avec vin \u00e0 volont\u00e9 (options v\u00e9g\u00e9tariennes et enfants disponibles) juste \u00e0 c\u00f4t\u00e9 de la mer.<br \/>\nRafra\u00eechis, nous retournons sur les montagnes en direction des gorges de Havgas o\u00f9 vous aurez une vue en h\u00e9licopt\u00e8re de l&#8217;\u00eele aux l\u00e9preux de Spinalonga avant de conduire lentement jusqu&#8217;\u00e0 notre dernier arr\u00eat \u00e0 Kasani o\u00f9 vous pourrez voir un nid de vautour et essayer du Raki avant de retourner \u00e0 votre destination. h\u00f4tel.<\/p>\n<p>C&#8217;est une journ\u00e9e pleine de nombreuses surprises et l&#8217;excitation est sans \u00e9gal, vous n&#8217;oublierez certainement pas votre journ\u00e9e amusante avec SAFARI CLUB !!<\/p>\n","protected":false},"excerpt":{"rendered":"<p>D\u00e9couvrez la partie nord-est de la Cr\u00e8te et explorez la nature sauvage, la flore, la faune, les villages traditionnels et obtenez des informations int\u00e9ressantes sur la Cr\u00e8te et la vie locale. En commen\u00e7ant notre journ\u00e9e apr\u00e8s avoir \u00e9t\u00e9 pris en charge \u00e0 votre h\u00f4tel, nous nous dirigerons vers notre premier arr\u00eat, une usine d&#8217;huile d&#8217;olive,&hellip;<\/p>\n","protected":false},"featured_media":54508,"comment_status":"open","ping_status":"closed","template":"","meta":[],"product_brand":[],"product_cat":[],"product_tag":[],"class_list":{"0":"post-57283","1":"product","2":"type-product","3":"status-publish","4":"has-post-thumbnail","6":"description-off","8":"first","9":"instock","10":"sold-individually","11":"shipping-taxable","12":"purchasable","13":"product-type-simple"},"_links":{"self":[{"href":"https:\/\/safariclub.gr\/fr\/wp-json\/wp\/v2\/product\/57283","targetHints":{"allow":["GET"]}}],"collection":[{"href":"https:\/\/safariclub.gr\/fr\/wp-json\/wp\/v2\/product"}],"about":[{"href":"https:\/\/safariclub.gr\/fr\/wp-json\/wp\/v2\/types\/product"}],"replies":[{"embeddable":true,"href":"https:\/\/safariclub.gr\/fr\/wp-json\/wp\/v2\/comments?post=57283"}],"wp:featuredmedia":[{"embeddable":true,"href":"https:\/\/safariclub.gr\/fr\/wp-json\/wp\/v2\/media\/54508"}],"wp:attachment":[{"href":"https:\/\/safariclub.gr\/fr\/wp-json\/wp\/v2\/media?parent=57283"}],"wp:term":[{"taxonomy":"product_brand","embeddable":true,"href":"https:\/\/safariclub.gr\/fr\/wp-json\/wp\/v2\/product_brand?post=57283"},{"taxonomy":"product_cat","embeddable":true,"href":"https:\/\/safariclub.gr\/fr\/wp-json\/wp\/v2\/product_cat?post=57283"},{"taxonomy":"product_tag","embeddable":true,"href":"https:\/\/safariclub.gr\/fr\/wp-json\/wp\/v2\/product_tag?post=57283"}],"curies":[{"name":"wp","href":"https:\/\/api.w.org\/{rel}","templated":true}]}}