{"id":55998,"date":"2021-05-27T06:58:35","date_gmt":"2021-05-27T06:58:35","guid":{"rendered":"https:\/\/safariclub.gr\/product\/private\/"},"modified":"2023-08-31T10:31:41","modified_gmt":"2023-08-31T07:31:41","slug":"private","status":"publish","type":"product","link":"https:\/\/safariclub.gr\/fr\/produit\/private\/","title":{"rendered":"Prive"},"content":{"rendered":"<p>Toutes nos excursions\u00a0 peuvent \u00eatre r\u00e9serv\u00e9es comme excursions priv\u00e9es. Nous viendrons vous chercher \u00e0 n\u2019importe quel lieu de r\u00e9sidence o\u00f9 port de croisi\u00e8re sur l\u2019\u00eele.<\/p>\n<p>C\u2019est la mani\u00e8re id\u00e9ale d\u2019explorer la Cr\u00e8te avec un petit groupe ou plus avec un maximum de 8 personnes par v\u00e9hicule. Votre chauffeur, qui sera \u00e9galement votre guide priv\u00e9 pour la journ\u00e9e, sera \u00e0 l\u2019\u00e9coute de chacun. C\u2019est la solution id\u00e9ale pour ceux et celles qui souhaitent personnaliser leur programme et leur journ\u00e9e, sur n\u2019importe quelle partie de l\u2019\u00eele, chaque jour de l\u2019ann\u00e9e\u00a0!!<\/p>\n<p>&nbsp;<\/p>\n<p>Ces excursions peuvent \u00eatre modifi\u00e9es selon vos souhaits et a y ajouter d\u2019autres activit\u00e9s d\u2019\u00e9quipe telles que le\u00e7ons de cuisine, production de fromage, hiking et bien d\u2019autres encore\u2026<\/p>\n","protected":false},"excerpt":{"rendered":"<p>Toutes nos excursions\u00a0 peuvent \u00eatre r\u00e9serv\u00e9es comme excursions priv\u00e9es. Nous viendrons vous chercher \u00e0 n\u2019importe quel lieu de r\u00e9sidence o\u00f9 port de croisi\u00e8re sur l\u2019\u00eele. C\u2019est la mani\u00e8re id\u00e9ale d\u2019explorer la Cr\u00e8te avec un petit groupe ou plus avec un maximum de 8 personnes par v\u00e9hicule. Votre chauffeur, qui sera \u00e9galement votre guide priv\u00e9 pour&hellip;<\/p>\n","protected":false},"featured_media":53531,"comment_status":"open","ping_status":"closed","template":"","meta":[],"product_brand":[],"product_cat":[1428],"product_tag":[],"class_list":{"0":"post-55998","1":"product","2":"type-product","3":"status-publish","4":"has-post-thumbnail","6":"product_cat-land-rover-safari-fr","7":"description-off","9":"first","10":"instock","11":"sold-individually","12":"shipping-taxable","13":"purchasable","14":"product-type-simple"},"_links":{"self":[{"href":"https:\/\/safariclub.gr\/fr\/wp-json\/wp\/v2\/product\/55998","targetHints":{"allow":["GET"]}}],"collection":[{"href":"https:\/\/safariclub.gr\/fr\/wp-json\/wp\/v2\/product"}],"about":[{"href":"https:\/\/safariclub.gr\/fr\/wp-json\/wp\/v2\/types\/product"}],"replies":[{"embeddable":true,"href":"https:\/\/safariclub.gr\/fr\/wp-json\/wp\/v2\/comments?post=55998"}],"wp:featuredmedia":[{"embeddable":true,"href":"https:\/\/safariclub.gr\/fr\/wp-json\/wp\/v2\/media\/53531"}],"wp:attachment":[{"href":"https:\/\/safariclub.gr\/fr\/wp-json\/wp\/v2\/media?parent=55998"}],"wp:term":[{"taxonomy":"product_brand","embeddable":true,"href":"https:\/\/safariclub.gr\/fr\/wp-json\/wp\/v2\/product_brand?post=55998"},{"taxonomy":"product_cat","embeddable":true,"href":"https:\/\/safariclub.gr\/fr\/wp-json\/wp\/v2\/product_cat?post=55998"},{"taxonomy":"product_tag","embeddable":true,"href":"https:\/\/safariclub.gr\/fr\/wp-json\/wp\/v2\/product_tag?post=55998"}],"curies":[{"name":"wp","href":"https:\/\/api.w.org\/{rel}","templated":true}]}}