{"id":55995,"date":"2021-05-26T12:05:51","date_gmt":"2021-05-26T12:05:51","guid":{"rendered":"https:\/\/safariclub.gr\/product\/preveli-route\/"},"modified":"2023-08-31T09:21:45","modified_gmt":"2023-08-31T06:21:45","slug":"preveli-route","status":"publish","type":"product","link":"https:\/\/safariclub.gr\/fr\/produit\/preveli-route\/","title":{"rendered":"Preveli Route"},"content":{"rendered":"<p>Notre excursion est la plus belle des mani\u00e8res d\u2019explorer la partie sud de la Cr\u00e8te,\u00a0 des montagnes et gorges aux superbes plages bord\u00e9es de palmiers.<\/p>\n<p>Notre journ\u00e9e nous emm\u00e8ne vers la nature sauvage et les hauteurs,\u00a0 o\u00f9 vous admirerez une vue panoramique de gorges magnifiques, o\u00f9 vous pourrez apercevoir des vautours\u00a0 planant\u00a0 haut dans le ciel.<\/p>\n<p>Nous traverserons de petits villages traditionnels, pleins de charme et d\u2019int\u00e9r\u00eat,\u00a0 nous ferons une br\u00e8ve halte pour vous laisser prendre des photos et admirer les paysages grandioses du barrage Potamon. Nous nous rendrons ensuite aux gorges de patsos et ses imposantes parois de roc, o\u00f9 vous aurez l\u2019occasion de prendre un caf\u00e9 et tester une boisson locale, le raki. De retour dans les voitures, \u00e0 travers les montanges, nous atteindrons notre prochaine halte. Tout le monde sera impressionn\u00e9 par le village de Spili, connu pour ses fontaines d\u2019eau de source. Une fontaine de plus de 25 t\u00eates de lions o\u00f9 une eau de montagne fra\u00eeche coule toute l\u2019ann\u00e9e. De petits magasins vendent souvenirs et artisant local traditionnel.<\/p>\n<p>Nous poursuivrons notre route en empruntant des sentiers de terre cahoteux et traversant de petits villages o\u00f9 le temps s\u2019est litt\u00e9ralement arr\u00eat\u00e9.\u00a0 Apr\u00e8s avoir pass\u00e9 le village de Kerame, s\u2019offrira \u00e0 vous le panorama \u00e9poustouflant du sud de la Cr\u00e8te et de la mer de Lybie.\u00a0 Apr\u00e8s tant d epoussi\u00e8re, une baignade \u00e0 Prevelisera la bienvenue? Preveli est une des plus belles plages de l\u2019\u00eele. C\u2019est une plage bord\u00e9e de palmiers, aux eaux cristallines, choisie pour tourner un spot publicitaire pour Bacardi. C\u2019est la seule plage o\u00f9 vous pouvez nager en eau fra\u00eeche de montagne et en eau de mer au m\u00eame endroit.<\/p>\n<p>L\u2019app\u00e9tit venu, en au retour de la plage, nous nous arr\u00eaterons pour un repas cr\u00e9tois traditionnel avec vin \u00e0 volont\u00e9. Apr\u00e8s le repas, nous commencerons \u00e0 rebrousser chemin \u00e0 travers les montagnes et paysages sauvages, et prendre des photos en traversant les gorges Kroustaliotico. En regagnant l\u2019h\u00f4tel, vous aurez une vue sur l\u2019ensemble de la ville de R\u00e9thymnon depuis des montanges que l\u2019on ne peut atteindre qu\u2019en Land Rover. Cette excursion pleine de surprises sans nul autre pareil sera un moment avec Great adventure que vous n\u2019oublierez pas de sit\u00f4t!!<\/p>\n<ul>\n<li>Sauvage = Aigles<\/li>\n<li>Barrage Potamon =\u00a0 vue panoramique<\/li>\n<li>Gorges de Patsos = pause caf\u00e9 + d\u00e9gustation de raki<\/li>\n<li>Spili = Fontaine aux 25 t\u00eates de lion<\/li>\n<li>Kerame = vue panoramique<\/li>\n<li>Plage de Preveli = baignade et repas<\/li>\n<li>Gorge de Kroustaliotico = vue panoramique<\/li>\n<li>Vue de R\u00e9thymnon<\/li>\n<\/ul>\n","protected":false},"excerpt":{"rendered":"<p>Notre excursion est la plus belle des mani\u00e8res d\u2019explorer la partie sud de la Cr\u00e8te,\u00a0 des montagnes et gorges aux superbes plages bord\u00e9es de palmiers. Notre journ\u00e9e nous emm\u00e8ne vers la nature sauvage et les hauteurs,\u00a0 o\u00f9 vous admirerez une vue panoramique de gorges magnifiques, o\u00f9 vous pourrez apercevoir des vautours\u00a0 planant\u00a0 haut dans le&hellip;<\/p>\n","protected":false},"featured_media":53579,"comment_status":"open","ping_status":"closed","template":"","meta":[],"product_brand":[],"product_cat":[1428],"product_tag":[1516,1521],"class_list":{"0":"post-55995","1":"product","2":"type-product","3":"status-publish","4":"has-post-thumbnail","6":"product_cat-land-rover-safari-fr","7":"product_tag-land-rover-jeep-safari-form-ammoudara-fr","8":"product_tag-land-rover-jeep-safari-from-heraklion-fr","9":"description-off","11":"first","12":"instock","13":"sold-individually","14":"shipping-taxable","15":"purchasable","16":"product-type-simple"},"_links":{"self":[{"href":"https:\/\/safariclub.gr\/fr\/wp-json\/wp\/v2\/product\/55995","targetHints":{"allow":["GET"]}}],"collection":[{"href":"https:\/\/safariclub.gr\/fr\/wp-json\/wp\/v2\/product"}],"about":[{"href":"https:\/\/safariclub.gr\/fr\/wp-json\/wp\/v2\/types\/product"}],"replies":[{"embeddable":true,"href":"https:\/\/safariclub.gr\/fr\/wp-json\/wp\/v2\/comments?post=55995"}],"wp:featuredmedia":[{"embeddable":true,"href":"https:\/\/safariclub.gr\/fr\/wp-json\/wp\/v2\/media\/53579"}],"wp:attachment":[{"href":"https:\/\/safariclub.gr\/fr\/wp-json\/wp\/v2\/media?parent=55995"}],"wp:term":[{"taxonomy":"product_brand","embeddable":true,"href":"https:\/\/safariclub.gr\/fr\/wp-json\/wp\/v2\/product_brand?post=55995"},{"taxonomy":"product_cat","embeddable":true,"href":"https:\/\/safariclub.gr\/fr\/wp-json\/wp\/v2\/product_cat?post=55995"},{"taxonomy":"product_tag","embeddable":true,"href":"https:\/\/safariclub.gr\/fr\/wp-json\/wp\/v2\/product_tag?post=55995"}],"curies":[{"name":"wp","href":"https:\/\/api.w.org\/{rel}","templated":true}]}}