{"id":55992,"date":"2021-05-26T12:02:01","date_gmt":"2021-05-26T12:02:01","guid":{"rendered":"https:\/\/safariclub.gr\/product\/sunset-route\/"},"modified":"2024-12-09T10:33:37","modified_gmt":"2024-12-09T08:33:37","slug":"sunset-route","status":"publish","type":"product","link":"https:\/\/safariclub.gr\/fr\/produit\/sunset-route\/","title":{"rendered":"Sunset Route"},"content":{"rendered":"<p lang=\"fr-FR\"><span style=\"color: #1d2228;\"><span style=\"font-family: Calibri, sans-serif;\"><span style=\"font-size: medium;\">Profitez avec nous d&#8217;une excursion sur les hauteurs des montagnes cr\u00e9toises qui vous ravira avec des informations locales, des d\u00e9gustations et de la nourriture traditionnelle, ainsi qu&#8217;un coucher de soleil \u00e0 couper le souffle.<br \/>\nL&#8217;excursion commence d\u00e8s que vous \u00eates pris en charge \u00e0 votre h\u00f4tel votre chauffeur vous divertira avec des anecdotes ainsi que des informations, des faits de la vie quotidienne de la Cr\u00e8te et de ses habitants.<br \/>\nLa cueillette des herbes qui poussent le long du chemin et la d\u00e9gustation des produits locaux font tout autant partie du programme que la visite des petits villages pittoresques cach\u00e9s dans les montagnes, loin du tourisme de masse.<br \/>\nLe point culminant de la soir\u00e9e est la vue depuis un point \u00e9lev\u00e9, d&#8217;o\u00f9 vous pouvez appr\u00e9cier le coucher du soleil avec un vin mousseux accompagn\u00e9 de fruits frais . N&#8217;oubliez pas de pr\u00e9parer votre appareil photo pour prendre des clich\u00e9s inoubliables.<br \/>\nLes premiers signes d\u2019un ventre creux se faisant ressentir, nous nous dirigerons vers un d\u00eener cr\u00e9tois dans une taverne locale, o\u00f9 vous aurez l&#8217;occasion de go\u00fbter \u00e0 une s\u00e9lection d&#8217;entr\u00e9es et de plats traditionnels locaux (y compris une option v\u00e9g\u00e9tarienne) appr\u00e9cier les vins Cr\u00e9tois volont\u00e9 ainsi que de nombreuses surprises.<br \/>\nApr\u00e8s avoir quitt\u00e9 la taverne, nous descendons les routes de montagne en admirant la c\u00f4te \u00e9clair\u00e9e par la lune et parsem\u00e9e des lumi\u00e8res scintillantes des villes et des villages, avant d&#8217;\u00eatre ramen\u00e9s \u00e0 votre h\u00f4tel.<br \/>\nCette soir\u00e9e sera pleine de d\u00e9couvertes et de bonnes surprise qui resterons d\u2019inoubliables souvenirs en notre compagnie le Safari-Club\u00a0!<\/span><\/span><\/span><\/p>\n<p class=\"western\"><strong><span style=\"font-family: Calibri, sans-serif;\"><span style=\"font-size: medium;\">Highlights\u00a0:<\/span><\/span><\/strong><\/p>\n<p class=\"western\"><span style=\"font-family: Calibri, sans-serif;\"><span style=\"font-size: medium;\">Prise en charge \u00e0 l&#8217;h\u00f4tel<br \/>\nRoute dans les montagnes = cueillette d&#8217;herbes<br \/>\nVillage traditionnel = visite<br \/>\nProduits locaux = d\u00e9gustation<br \/>\nAltitude la plus \u00e9lev\u00e9e = point de vue au coucher du soleil<br \/>\nVin p\u00e9tillant + fruits frais<br \/>\nRestaurant local = d\u00eener<br \/>\nRetour \u00e0 l&#8217;h\u00f4tel vers 23.00 <\/span><\/span><\/p>\n","protected":false},"excerpt":{"rendered":"<p>Profitez avec nous d&#8217;une excursion sur les hauteurs des montagnes cr\u00e9toises qui vous ravira avec des informations locales, des d\u00e9gustations et de la nourriture traditionnelle, ainsi qu&#8217;un coucher de soleil \u00e0 couper le souffle. L&#8217;excursion commence d\u00e8s que vous \u00eates pris en charge \u00e0 votre h\u00f4tel votre chauffeur vous divertira avec des anecdotes ainsi que&hellip;<\/p>\n","protected":false},"featured_media":54285,"comment_status":"open","ping_status":"closed","template":"","meta":[],"product_brand":[],"product_cat":[1428],"product_tag":[1516,1517,1518,1519,1520,1521,1522,1523,1524,1526,1528,1529,1530],"class_list":{"0":"post-55992","1":"product","2":"type-product","3":"status-publish","4":"has-post-thumbnail","6":"product_cat-land-rover-safari-fr","7":"product_tag-land-rover-jeep-safari-form-ammoudara-fr","8":"product_tag-land-rover-jeep-safari-from-analipsi-fr","9":"product_tag-land-rover-jeep-safari-from-anissaras-fr","10":"product_tag-land-rover-jeep-safari-from-chersonissos-fr","11":"product_tag-land-rover-jeep-safari-from-gouves-fr","12":"product_tag-land-rover-jeep-safari-from-heraklion-fr","13":"product_tag-land-rover-jeep-safari-from-hersonissos-fr","14":"product_tag-land-rover-jeep-safari-from-kokkini-hani-fr","15":"product_tag-land-rover-jeep-safari-from-koutouloufari-fr","16":"product_tag-land-rover-jeep-safari-from-malia-fr","17":"product_tag-land-rover-jeep-safari-from-piskopiano-fr","18":"product_tag-land-rover-jeep-safari-from-sissi-fr","19":"product_tag-land-rover-jeep-safari-from-stalis-fr","20":"description-off","22":"first","23":"instock","24":"sold-individually","25":"shipping-taxable","26":"purchasable","27":"product-type-simple"},"_links":{"self":[{"href":"https:\/\/safariclub.gr\/fr\/wp-json\/wp\/v2\/product\/55992","targetHints":{"allow":["GET"]}}],"collection":[{"href":"https:\/\/safariclub.gr\/fr\/wp-json\/wp\/v2\/product"}],"about":[{"href":"https:\/\/safariclub.gr\/fr\/wp-json\/wp\/v2\/types\/product"}],"replies":[{"embeddable":true,"href":"https:\/\/safariclub.gr\/fr\/wp-json\/wp\/v2\/comments?post=55992"}],"wp:featuredmedia":[{"embeddable":true,"href":"https:\/\/safariclub.gr\/fr\/wp-json\/wp\/v2\/media\/54285"}],"wp:attachment":[{"href":"https:\/\/safariclub.gr\/fr\/wp-json\/wp\/v2\/media?parent=55992"}],"wp:term":[{"taxonomy":"product_brand","embeddable":true,"href":"https:\/\/safariclub.gr\/fr\/wp-json\/wp\/v2\/product_brand?post=55992"},{"taxonomy":"product_cat","embeddable":true,"href":"https:\/\/safariclub.gr\/fr\/wp-json\/wp\/v2\/product_cat?post=55992"},{"taxonomy":"product_tag","embeddable":true,"href":"https:\/\/safariclub.gr\/fr\/wp-json\/wp\/v2\/product_tag?post=55992"}],"curies":[{"name":"wp","href":"https:\/\/api.w.org\/{rel}","templated":true}]}}