{"id":55989,"date":"2021-05-26T11:58:46","date_gmt":"2021-05-26T11:58:46","guid":{"rendered":"https:\/\/safariclub.gr\/product\/trypiti-route\/"},"modified":"2024-11-25T13:54:12","modified_gmt":"2024-11-25T11:54:12","slug":"trypiti-route","status":"publish","type":"product","link":"https:\/\/safariclub.gr\/fr\/produit\/trypiti-route\/","title":{"rendered":"Trypiti Route"},"content":{"rendered":"<p>Cette journ\u00e9e est la mani\u00e8re id\u00e9ale d\u2019explorer le centre de la Cr\u00e8te , ses montagnes, gorges et superbes plages.<\/p>\n<p>Notre excursion d\u00e9bute alors que nous nous dirigeons vers le mont Juktas avec des panoramas \u00e0 couper le souffle sur le bleu infini de la mer Eg\u00e9e<\/p>\n<p>Le dieu Zeus savait ce qu\u2019il faisait en choisissant le mont Juktas pour sa demeure finale.<\/p>\n<p>De l\u00e0, nous emprunterons une route \u00e0 travers les vignobles o\u00f9 les minoens ont construit la plus ancienne presse \u00e0 vin du monde, jusqu\u2019\u00e0 notre prochain arr\u00eat de Charakas, un petit village de montagne o\u00f9 nous nous m\u00ealerons aux locaux pour une pause caf\u00e9 dans un caf\u00e9nion local.<\/p>\n<p>Nous continuerons ensuite notre p\u00e9riple sur des routes hors-piste, des collines peupl\u00e9es d\u2019olivers, jusqu\u2019\u00e0 notre prochaine halte , le sommet des gorges de Tripiti et sa magnifique vue sur les gorges et ses diff\u00e9rentes couches de roches, ses herbers sauvages et la mer de Lybie. Resdendans une des plus belles gorges de Cr\u00e8te, nous nous arr\u00eaterons pour vous laisser le loisir de vous promener dans les gorges jusqu\u2019\u00e0 la petite chapelle troglodyte de la Panagia, construite dans la roche.<\/p>\n<p>Apr\u00e8s avoir creus\u00e9 l&#8217;app\u00e9tit, nous nous rendrons \u00e0 la plage de Tripiti pour un d\u00e9jeuner traditionnel, avec du vin et de l&#8217;eau \u00e0 volont\u00e9. Ensuite, vous aurez du temps libre pour une baignade rafra\u00eechissante dans la mer de Libye, dont les eaux cristallines sont toujours plus chaudes que celles de la mer \u00c9g\u00e9e. Nous longerons ensuite la c\u00f4te sud et ses petits villages de caract\u00e8re, avant de nous arr\u00eater pour prendre un rafra\u00eechissement et go\u00fbter au raki local&#8230;<\/p>\n<p>C\u2019est une journ\u00e9e pleine de surprises et vous n\u2019oublierez certainement pas cette sortie avec Great adventure!!<\/p>\n<p>&nbsp;<\/p>\n<ul>\n<li>Juktas = point de vue<\/li>\n<li>Vineyards = Plus vieux pressoir \u00e0 vin<\/li>\n<li>Charakas = pause caf\u00e9<\/li>\n<li>Sommet des gorges de Tripiti = point de vue<\/li>\n<li>Pied des gorges de Tripiti = \u00e9glise de la\u00a0 Panagia<\/li>\n<li>Plage de Tripiti = baignade et repas<\/li>\n<li>Village traditionnel =\u00a0 d\u00e9gustation de Raki<\/li>\n<\/ul>\n","protected":false},"excerpt":{"rendered":"<p>Cette journ\u00e9e est la mani\u00e8re id\u00e9ale d\u2019explorer le centre de la Cr\u00e8te , ses montagnes, gorges et superbes plages. Notre excursion d\u00e9bute alors que nous nous dirigeons vers le mont Juktas avec des panoramas \u00e0 couper le souffle sur le bleu infini de la mer Eg\u00e9e Le dieu Zeus savait ce qu\u2019il faisait en choisissant&hellip;<\/p>\n","protected":false},"featured_media":54356,"comment_status":"open","ping_status":"closed","template":"","meta":[],"product_brand":[],"product_cat":[1428],"product_tag":[1516,1517,1518,1519,1520,1521,1522],"class_list":{"0":"post-55989","1":"product","2":"type-product","3":"status-publish","4":"has-post-thumbnail","6":"product_cat-land-rover-safari-fr","7":"product_tag-land-rover-jeep-safari-form-ammoudara-fr","8":"product_tag-land-rover-jeep-safari-from-analipsi-fr","9":"product_tag-land-rover-jeep-safari-from-anissaras-fr","10":"product_tag-land-rover-jeep-safari-from-chersonissos-fr","11":"product_tag-land-rover-jeep-safari-from-gouves-fr","12":"product_tag-land-rover-jeep-safari-from-heraklion-fr","13":"product_tag-land-rover-jeep-safari-from-hersonissos-fr","14":"description-off","16":"first","17":"instock","18":"sold-individually","19":"shipping-taxable","20":"purchasable","21":"product-type-simple"},"_links":{"self":[{"href":"https:\/\/safariclub.gr\/fr\/wp-json\/wp\/v2\/product\/55989","targetHints":{"allow":["GET"]}}],"collection":[{"href":"https:\/\/safariclub.gr\/fr\/wp-json\/wp\/v2\/product"}],"about":[{"href":"https:\/\/safariclub.gr\/fr\/wp-json\/wp\/v2\/types\/product"}],"replies":[{"embeddable":true,"href":"https:\/\/safariclub.gr\/fr\/wp-json\/wp\/v2\/comments?post=55989"}],"wp:featuredmedia":[{"embeddable":true,"href":"https:\/\/safariclub.gr\/fr\/wp-json\/wp\/v2\/media\/54356"}],"wp:attachment":[{"href":"https:\/\/safariclub.gr\/fr\/wp-json\/wp\/v2\/media?parent=55989"}],"wp:term":[{"taxonomy":"product_brand","embeddable":true,"href":"https:\/\/safariclub.gr\/fr\/wp-json\/wp\/v2\/product_brand?post=55989"},{"taxonomy":"product_cat","embeddable":true,"href":"https:\/\/safariclub.gr\/fr\/wp-json\/wp\/v2\/product_cat?post=55989"},{"taxonomy":"product_tag","embeddable":true,"href":"https:\/\/safariclub.gr\/fr\/wp-json\/wp\/v2\/product_tag?post=55989"}],"curies":[{"name":"wp","href":"https:\/\/api.w.org\/{rel}","templated":true}]}}