{"id":55986,"date":"2021-05-26T11:55:10","date_gmt":"2021-05-26T11:55:10","guid":{"rendered":"https:\/\/safariclub.gr\/product\/ha-canyon\/"},"modified":"2024-12-09T10:46:45","modified_gmt":"2024-12-09T08:46:45","slug":"ha-canyon","status":"publish","type":"product","link":"https:\/\/safariclub.gr\/fr\/produit\/ha-canyon\/","title":{"rendered":"Ha Canyon"},"content":{"rendered":"<p lang=\"en-US\"><span style=\"font-family: Times New Roman, serif;\"><span style=\"font-size: medium;\"><span style=\"color: #1d2228;\"><span style=\"font-family: Calibri, serif;\"><span lang=\"fr-FR\">Cette journ\u00e9e vous permettra d&#8217;explorer la partie sud-est de l&#8217;\u00eele, avec ses villages traditionnels et la vie authentique de ses habitants. Les montagnes, les for\u00eats et les gorges vous permettront d&#8217;admirer la beaut\u00e9 naturelle de l&#8217;\u00eele.<br \/>\nNous commen\u00e7ons notre voyage par la gorge de Peristeronas, c\u00e9l\u00e8bres pour les papillons rouges qui volent \u00e0 travers les buissons et les fleurs. Nous traversons des villages traditionnels o\u00f9 le temps s&#8217;est pratiquement arr\u00eat\u00e9 et nous faisons une pause pour rencontrer les habitants locaux autour d&#8217;un caf\u00e9 dans un \u00ab Kafeneion \u00bb \u00e0 Oreino et prendre le temps de nous d\u00e9tendre. Des vall\u00e9es riches en oliviers sont visibles le long du chemin, ainsi que des herbes sauvages qui seront cueillies pour que vous puissiez en appr\u00e9cier le go\u00fbt unique et en apprendre les vertus curatives.<br \/>\nNous poursuivons l&#8217;aventure en nous \u00e9levant dans les montagnes o\u00f9 nous trouvons une combinaison des montagnes Rocheuses, le parfum des buissons de thym et de sauge et une vue unique sur la mer de Libye au sud de la Cr\u00e8te. Ensuite, nous serpentons \u00e0 travers la for\u00eat de pins de Thripti, o\u00f9 les arbres peuvent atteindre l&#8217;\u00e2ge de 1000 ans. Avant que l&#8217;estomac ne commence \u00e0 gronder, nous nous arr\u00eatons pour un repas cr\u00e9tois traditionnel avec vin \u00e0 volont\u00e9 dans une taverne locale.<br \/>\nApr\u00e8s avoir repris des forces, nous nous rendons \u00e0 Agia Anna, une petite \u00e9glise traditionnelle construite \u00e0 l&#8217;entr\u00e9e de la gorge de XA consid\u00e9r\u00e9e comme La reine des gorges de Cr\u00e8te, d\u2019o\u00f9 nous nous arr\u00eatons pour prendre de magnifiques photos avant de retourner tranquillement \u00e0 l&#8217;h\u00f4tel, o\u00f9 nous nous arr\u00eatons encore une fois pour admirer la vue imprenable sur la mer du nord de la Cr\u00e8te.<\/span><\/span><\/span><\/span><\/span><\/p>\n<p lang=\"en-US\"><span style=\"font-family: Times New Roman, serif;\"><span style=\"font-size: medium;\"><span style=\"color: #1d2228;\"><span style=\"font-family: Calibri, serif;\"><span lang=\"fr-FR\">Cette journ\u00e9e sera pleine de surprises et l&#8217;excitation sans \u00e9gale. Que vous n\u2019oubliiez certainement pas avec le Safariclub !<\/span><\/span><\/span><\/span><\/span><\/p>\n<p class=\"western\" lang=\"en-US\"><span style=\"font-family: Calibri, sans-serif;\"><span style=\"font-size: medium;\"><b><span style=\"color: #1d2228;\"><span lang=\"fr-FR\">Highlights:<\/span><\/span><\/b><\/span><\/span><\/p>\n<ul>\n<li>\n<p class=\"western\" lang=\"en-US\"><span style=\"font-family: Calibri, sans-serif;\"><span style=\"font-size: medium;\">Prise en charge \u00e0 l&#8217;h\u00f4tel<\/span><\/span><\/p>\n<\/li>\n<li>\n<p class=\"western\" lang=\"en-US\"><span style=\"font-family: Calibri, sans-serif;\"><span style=\"font-size: medium;\">Gorge aux papillons = arr\u00eat photo<\/span><\/span><\/p>\n<\/li>\n<li>\n<p class=\"western\" lang=\"en-US\"><span style=\"font-family: Calibri, sans-serif;\"><span style=\"font-size: medium;\">Village traditionnel = pause caf\u00e9<\/span><\/span><\/p>\n<\/li>\n<li>\n<p class=\"western\" lang=\"en-US\"><span style=\"font-family: Calibri, sans-serif;\"><span style=\"font-size: medium;\">Cueillette d&#8217;herbes<\/span><\/span><\/p>\n<\/li>\n<li>\n<p class=\"western\" lang=\"en-US\"><span style=\"font-family: Calibri, sans-serif;\"><span style=\"font-size: medium;\">Mer de Cr\u00e8te du Sud = point de vue<\/span><\/span><\/p>\n<\/li>\n<li>\n<p class=\"western\" lang=\"en-US\"><span style=\"font-family: Calibri, sans-serif;\"><span style=\"font-size: medium;\">Thripiti = d\u00e9jeuner<\/span><\/span><\/p>\n<\/li>\n<li>\n<p class=\"western\" lang=\"en-US\"><span style=\"font-family: Calibri, sans-serif;\"><span style=\"font-size: medium;\">Agia Anna = petite \u00e9glise<\/span><\/span><\/p>\n<\/li>\n<li>\n<p class=\"western\" lang=\"en-US\"><span style=\"font-family: Calibri, sans-serif;\"><span style=\"font-size: medium;\">Entr\u00e9e de Ha = arr\u00eat photo<\/span><\/span><\/p>\n<\/li>\n<li>\n<p class=\"western\" lang=\"en-US\"><span style=\"font-family: Calibri, sans-serif;\"><span style=\"font-size: medium;\">Mer de Cr\u00e8te Nord = point de vue<\/span><\/span><\/p>\n<\/li>\n<li>\n<p class=\"western\" lang=\"en-US\"><span style=\"font-family: Calibri, sans-serif;\"><span style=\"font-size: medium;\">Retour \u00e0 l&#8217;h\u00f4tel<\/span><\/span><\/p>\n<\/li>\n<\/ul>\n","protected":false},"excerpt":{"rendered":"<p>Cette journ\u00e9e vous permettra d&#8217;explorer la partie sud-est de l&#8217;\u00eele, avec ses villages traditionnels et la vie authentique de ses habitants. Les montagnes, les for\u00eats et les gorges vous permettront d&#8217;admirer la beaut\u00e9 naturelle de l&#8217;\u00eele. Nous commen\u00e7ons notre voyage par la gorge de Peristeronas, c\u00e9l\u00e8bres pour les papillons rouges qui volent \u00e0 travers les&hellip;<\/p>\n","protected":false},"featured_media":54533,"comment_status":"open","ping_status":"closed","template":"","meta":[],"product_brand":[],"product_cat":[1428],"product_tag":[],"class_list":{"0":"post-55986","1":"product","2":"type-product","3":"status-publish","4":"has-post-thumbnail","6":"product_cat-land-rover-safari-fr","7":"description-off","9":"first","10":"instock","11":"sold-individually","12":"shipping-taxable","13":"purchasable","14":"product-type-simple"},"_links":{"self":[{"href":"https:\/\/safariclub.gr\/fr\/wp-json\/wp\/v2\/product\/55986","targetHints":{"allow":["GET"]}}],"collection":[{"href":"https:\/\/safariclub.gr\/fr\/wp-json\/wp\/v2\/product"}],"about":[{"href":"https:\/\/safariclub.gr\/fr\/wp-json\/wp\/v2\/types\/product"}],"replies":[{"embeddable":true,"href":"https:\/\/safariclub.gr\/fr\/wp-json\/wp\/v2\/comments?post=55986"}],"wp:featuredmedia":[{"embeddable":true,"href":"https:\/\/safariclub.gr\/fr\/wp-json\/wp\/v2\/media\/54533"}],"wp:attachment":[{"href":"https:\/\/safariclub.gr\/fr\/wp-json\/wp\/v2\/media?parent=55986"}],"wp:term":[{"taxonomy":"product_brand","embeddable":true,"href":"https:\/\/safariclub.gr\/fr\/wp-json\/wp\/v2\/product_brand?post=55986"},{"taxonomy":"product_cat","embeddable":true,"href":"https:\/\/safariclub.gr\/fr\/wp-json\/wp\/v2\/product_cat?post=55986"},{"taxonomy":"product_tag","embeddable":true,"href":"https:\/\/safariclub.gr\/fr\/wp-json\/wp\/v2\/product_tag?post=55986"}],"curies":[{"name":"wp","href":"https:\/\/api.w.org\/{rel}","templated":true}]}}