{"id":55983,"date":"2021-05-26T11:50:50","date_gmt":"2021-05-26T11:50:50","guid":{"rendered":"https:\/\/safariclub.gr\/product\/nida-route\/"},"modified":"2024-12-09T10:44:16","modified_gmt":"2024-12-09T08:44:16","slug":"nida-route","status":"publish","type":"product","link":"https:\/\/safariclub.gr\/fr\/produit\/nida-route\/","title":{"rendered":"Nida Route"},"content":{"rendered":"<p lang=\"en-US\"><span style=\"font-family: Calibri, sans-serif;\"><span style=\"font-size: medium;\"><span style=\"color: #1d2228;\"><span lang=\"fr-FR\">Combinez la visite de villages traditionnels, de grottes, de plateaux et de sites montagneux avec la d\u00e9gustation de produits locaux et apprenez \u00e0 conna\u00eetre la vie locale en Cr\u00e8te.<br \/>\nAu d\u00e9part de Gazi, nous nous dirigeons vers le village de Krousonas, o\u00f9 nous avons l&#8217;occasion de d\u00e9guster des produits locaux tels que l&#8217;huile d&#8217;olive, raki,miel local etc\u2026 Ici, nous avons du temps libre pour prendre un caf\u00e9, nous d\u00e9tendre et profiter des vues imprenables.<br \/>\nEn continuant notre voyage vers le plateau de Livadi, nous verrons quelques-uns des nombreux vergers de pommiers de la r\u00e9gion, des oliviers et des herbes sauvages dont l&#8217;ar\u00f4me est dans l&#8217;air et nous rencontrerons sans doute quelques sympathiques ch\u00e8vres locales sur le chemin de la grotte de Sfendoni. La grotte est richement d\u00e9cor\u00e9e de stalactites et de stalagmites, ainsi que de plusieurs vagues fossilis\u00e9es. Elle abrite non seulement diff\u00e9rents types de chauves-souris, mais aussi des dizaines d&#8217;esp\u00e8ces d&#8217;invert\u00e9br\u00e9s. L&#8217;entr\u00e9e est payante (6 \u20ac), (guide compris), et il est recommand\u00e9 de porter des chaussures de marche.<br \/>\nL&#8217;app\u00e9tit se faisant ressentir, nous nous rendons au restaurant o\u00f9 nous prenons un d\u00e9licieux d\u00e9jeuner traditionnel accompagn\u00e9 de vin \u00e0 volont\u00e9 (option v\u00e9g\u00e9tarienne disponible). Une fois rafra\u00eechis, nous visitons le c\u00e9l\u00e8bre village d&#8217;Anogia, perch\u00e9 sur les pentes du Psiloritis. Vous pouvez faire une courte promenade pour visiter le centre de ce village de montagnards et de bergers. Avant de reprendre lentement la route, nous nous arr\u00eatons pour admirer une vue magnifique sur la c\u00f4te nord d&#8217;H\u00e9raklion, o\u00f9 vous aurez l&#8217;occasion de prendre de superbes photos avant de rentrer chez vous.<\/span><\/span><\/span><\/span><\/p>\n<p lang=\"en-US\"><span style=\"font-family: Calibri, sans-serif;\"><span style=\"font-size: medium;\"><span style=\"color: #1d2228;\"><span lang=\"fr-FR\">Une journ\u00e9e pleine de surprises et de d\u00e9couvertes sans \u00e9gale qui restera s\u00fbrement dans vos bons souvenirs avec le SAFARICLUB !<\/span><\/span><\/span><\/span><\/p>\n<p class=\"western\"><span style=\"font-size: medium;\"><b><span style=\"font-family: Calibri, sans-serif;\">Highlights:<\/span><\/b><\/span><\/p>\n<p class=\"western\"><span style=\"font-size: medium;\"><span style=\"font-family: Calibri, sans-serif;\">Prise en charge \u00e0 l&#8217;h\u00f4tel<br \/>\nKrousonas = d\u00e9gustation de raki et d&#8217;huile d&#8217;olive<br \/>\nPlateau de Livadi = vergers de pommes<br \/>\nCueillette d&#8217;herbes<br \/>\nGrotte de Sfendoni = visite facultative<br \/>\nArr\u00eat d\u00e9jeuner = nourriture cr\u00e9toise traditionnelle avec vin local et eau<br \/>\nAnogia = Petite promenade<br \/>\nPoint de vue sur la mer du Nord cr\u00e9toise = arr\u00eat photo<br \/>\nRetour \u00e0 l&#8217;h\u00f4tel<\/span> <\/span><\/p>\n","protected":false},"excerpt":{"rendered":"<p>Combinez la visite de villages traditionnels, de grottes, de plateaux et de sites montagneux avec la d\u00e9gustation de produits locaux et apprenez \u00e0 conna\u00eetre la vie locale en Cr\u00e8te. Au d\u00e9part de Gazi, nous nous dirigeons vers le village de Krousonas, o\u00f9 nous avons l&#8217;occasion de d\u00e9guster des produits locaux tels que l&#8217;huile d&#8217;olive, raki,miel&hellip;<\/p>\n","protected":false},"featured_media":55483,"comment_status":"open","ping_status":"closed","template":"","meta":[],"product_brand":[],"product_cat":[1428],"product_tag":[1516,1517,1518,1519,1520,1521,1522],"class_list":{"0":"post-55983","1":"product","2":"type-product","3":"status-publish","4":"has-post-thumbnail","6":"product_cat-land-rover-safari-fr","7":"product_tag-land-rover-jeep-safari-form-ammoudara-fr","8":"product_tag-land-rover-jeep-safari-from-analipsi-fr","9":"product_tag-land-rover-jeep-safari-from-anissaras-fr","10":"product_tag-land-rover-jeep-safari-from-chersonissos-fr","11":"product_tag-land-rover-jeep-safari-from-gouves-fr","12":"product_tag-land-rover-jeep-safari-from-heraklion-fr","13":"product_tag-land-rover-jeep-safari-from-hersonissos-fr","14":"description-off","16":"first","17":"instock","18":"sold-individually","19":"shipping-taxable","20":"purchasable","21":"product-type-simple"},"_links":{"self":[{"href":"https:\/\/safariclub.gr\/fr\/wp-json\/wp\/v2\/product\/55983","targetHints":{"allow":["GET"]}}],"collection":[{"href":"https:\/\/safariclub.gr\/fr\/wp-json\/wp\/v2\/product"}],"about":[{"href":"https:\/\/safariclub.gr\/fr\/wp-json\/wp\/v2\/types\/product"}],"replies":[{"embeddable":true,"href":"https:\/\/safariclub.gr\/fr\/wp-json\/wp\/v2\/comments?post=55983"}],"wp:featuredmedia":[{"embeddable":true,"href":"https:\/\/safariclub.gr\/fr\/wp-json\/wp\/v2\/media\/55483"}],"wp:attachment":[{"href":"https:\/\/safariclub.gr\/fr\/wp-json\/wp\/v2\/media?parent=55983"}],"wp:term":[{"taxonomy":"product_brand","embeddable":true,"href":"https:\/\/safariclub.gr\/fr\/wp-json\/wp\/v2\/product_brand?post=55983"},{"taxonomy":"product_cat","embeddable":true,"href":"https:\/\/safariclub.gr\/fr\/wp-json\/wp\/v2\/product_cat?post=55983"},{"taxonomy":"product_tag","embeddable":true,"href":"https:\/\/safariclub.gr\/fr\/wp-json\/wp\/v2\/product_tag?post=55983"}],"curies":[{"name":"wp","href":"https:\/\/api.w.org\/{rel}","templated":true}]}}