{"id":55980,"date":"2021-05-26T11:13:06","date_gmt":"2021-05-26T11:13:06","guid":{"rendered":"https:\/\/safariclub.gr\/product\/katharo-route\/"},"modified":"2025-03-31T12:50:38","modified_gmt":"2025-03-31T09:50:38","slug":"katharo-route","status":"publish","type":"product","link":"https:\/\/safariclub.gr\/fr\/produit\/katharo-route\/","title":{"rendered":"Katharo Route"},"content":{"rendered":"<p lang=\"en-US\"><span style=\"font-family: Times New Roman, serif;\"><span style=\"font-size: medium;\"><span style=\"color: #1d2228;\"><span style=\"font-family: Helvetica, serif;\"><span lang=\"fr-FR\">Notre excursion est la mani\u00e8re parfaite d\u2019explorer la partie centrale de la Cr\u00e8te avec deux plateaux diff\u00e9rents, de la mythologie de nombreuses informations sur cette ile ainsi que la vie locale. Notre premi\u00e8re halte sera Kritsa, un village traditionnel de basse montagne o\u00f9 vous pourrez vous promener un peu, visiter les magasins d\u2019artisanat locaux et prendre le temps d\u2019un rafra\u00eechissement. Nous continuerons par un magnifique point de vue sur la baie de Mirabello, depuis lequel on peut admirer les c\u00f4tes nord et sud de l\u2019\u00eele.<\/span><\/span><\/span><\/span><\/span><\/p>\n<p lang=\"en-US\"><span style=\"font-family: Times New Roman, serif;\"><span style=\"font-size: medium;\"><span style=\"color: #1d2228;\"><span style=\"font-family: Helvetica, serif;\"><span lang=\"fr-FR\">Notre voyage nous m\u00e8nera ensuite sur plateau de Katharo, en passant \u00e0 travers la plus grande pin\u00e8de de l\u2019\u00eele, o\u00f9 les routes sont inexistantes et les montagnes atteignent 1500 m. Dans cette nature sauvage iI y aura une halte de rafra\u00eechissement dans un kafeneion local. Nous continuerons \u00e0 travers les sentiers montagneux entour\u00e9 de ch\u00e8vres et de moutons. C\u2019est l\u00e0 que l\u2019aventure commence \u00e0 \u00eatre passionnante. Notre prochain arr\u00eat vous donnera l&#8217;occasion de prendre des photos avec une vue panoramique du plateau de Lassithi, o\u00f9 nous d\u00e9gusterons un d\u00e9jeuner traditionnel avec le vin local. <\/span><\/span><\/span><\/span><\/span><b><\/b><\/p>\n<p lang=\"en-US\"><span style=\"font-family: Times New Roman, serif;\"><span style=\"font-size: medium;\"><span style=\"color: #1d2228;\"><span style=\"font-family: Helvetica, serif;\"><span lang=\"fr-FR\">Ensuite, retour sur le plateau du lassithi o\u00f9 le temps s\u2019est litt\u00e9ralement arr\u00eat\u00e9, o\u00f9 la population locale est principalement compos\u00e9e d\u2019agriculteurs et de bergers l\u00e0 ou encore certains \u00e2nes sont encore au travail. En continuant notre route, nous arrivons au village de Krassi, connu pour son platane \u00e2g\u00e9 de plus de 2000 ans et ses fontaines naturelles d\u2019eau de source. Au retour, nous passerons par Selinari, o\u00f9 vous verrez des vautours d\u2019une esp\u00e8ce d\u00e9sormais prot\u00e9g\u00e9e.<\/span><\/span><\/span><\/span><\/span><\/p>\n<p lang=\"en-US\"><span style=\"font-family: Times New Roman, serif;\"><span style=\"font-size: medium;\"><span style=\"color: #1d2228;\"><span style=\"font-family: Helvetica, serif;\"><span lang=\"fr-FR\">C\u2019est une journ\u00e9e pleine de surprises et vous n\u2019oublierez certainement pas cette sortie avec le SAFARI CLUB\u00a0!<\/span><\/span><\/span><\/span><\/span><\/p>\n<ul>\n<li>Kritsa= halte caf\u00e9<\/li>\n<li>For\u00eat de Selakano= la plus grande pin\u00e8de de l\u2019\u00eele\/ point de vue<\/li>\n<li>Katharo= d\u00e9gustation de miel et raki<\/li>\n<li>Gorges de Havgas: point de vue<\/li>\n<li>Vall\u00e9e des ch\u00e8vres: point de vue du plateau du Lassithi<\/li>\n<li>D\u00e9jeuner : cuisine cr\u00e9toise traditionnelle avec vin local et eau<\/li>\n<li>Plateau de Lassithi = Fermes et moulins \u00e0 vent<\/li>\n<li>Krassi: platane de 200 ans\/fontaine du village<\/li>\n<li>Selinari: vautours<\/li>\n<\/ul>\n","protected":false},"excerpt":{"rendered":"<p>Notre excursion est la mani\u00e8re parfaite d\u2019explorer la partie centrale de la Cr\u00e8te avec deux plateaux diff\u00e9rents, de la mythologie de nombreuses informations sur cette ile ainsi que la vie locale. Notre premi\u00e8re halte sera Kritsa, un village traditionnel de basse montagne o\u00f9 vous pourrez vous promener un peu, visiter les magasins d\u2019artisanat locaux et&hellip;<\/p>\n","protected":false},"featured_media":55378,"comment_status":"open","ping_status":"closed","template":"","meta":[],"product_brand":[],"product_cat":[1428],"product_tag":[1526,1530],"class_list":{"0":"post-55980","1":"product","2":"type-product","3":"status-publish","4":"has-post-thumbnail","6":"product_cat-land-rover-safari-fr","7":"product_tag-land-rover-jeep-safari-from-malia-fr","8":"product_tag-land-rover-jeep-safari-from-stalis-fr","9":"description-off","11":"first","12":"instock","13":"sold-individually","14":"shipping-taxable","15":"purchasable","16":"product-type-simple"},"_links":{"self":[{"href":"https:\/\/safariclub.gr\/fr\/wp-json\/wp\/v2\/product\/55980","targetHints":{"allow":["GET"]}}],"collection":[{"href":"https:\/\/safariclub.gr\/fr\/wp-json\/wp\/v2\/product"}],"about":[{"href":"https:\/\/safariclub.gr\/fr\/wp-json\/wp\/v2\/types\/product"}],"replies":[{"embeddable":true,"href":"https:\/\/safariclub.gr\/fr\/wp-json\/wp\/v2\/comments?post=55980"}],"wp:featuredmedia":[{"embeddable":true,"href":"https:\/\/safariclub.gr\/fr\/wp-json\/wp\/v2\/media\/55378"}],"wp:attachment":[{"href":"https:\/\/safariclub.gr\/fr\/wp-json\/wp\/v2\/media?parent=55980"}],"wp:term":[{"taxonomy":"product_brand","embeddable":true,"href":"https:\/\/safariclub.gr\/fr\/wp-json\/wp\/v2\/product_brand?post=55980"},{"taxonomy":"product_cat","embeddable":true,"href":"https:\/\/safariclub.gr\/fr\/wp-json\/wp\/v2\/product_cat?post=55980"},{"taxonomy":"product_tag","embeddable":true,"href":"https:\/\/safariclub.gr\/fr\/wp-json\/wp\/v2\/product_tag?post=55980"}],"curies":[{"name":"wp","href":"https:\/\/api.w.org\/{rel}","templated":true}]}}