{"id":52679,"date":"2018-03-13T12:36:22","date_gmt":"2018-03-13T12:36:22","guid":{"rendered":"https:\/\/safariclub.gr\/?page_id=52679"},"modified":"2019-04-09T12:31:28","modified_gmt":"2019-04-09T12:31:28","slug":"conditions-generales-dutilisation","status":"publish","type":"page","link":"https:\/\/safariclub.gr\/fr\/conditions-generales-dutilisation\/","title":{"rendered":"Conditions G\u00e9n\u00e9rales d&#8217;Utilisation"},"content":{"rendered":"<div class=\"wpb-content-wrapper\"><p>\t\t\t\t[vc_row][vc_column][vc_column_text]<\/p>\n<h2>TERMS ET CONDITIONS<\/h2>\n<ol>\n<li><strong>Introduction<\/strong><\/li>\n<\/ol>\n<p>Ces Termes et Conditions standard du site Web \u00e9crits sur cette page Web g\u00e8rent votre utilisation de ce site Web. Ces conditions seront enti\u00e8rement appliqu\u00e9es et affecteront votre utilisation de ce site Web. En utilisant ce site Web, vous acceptez d&#8217;accepter toutes les modalit\u00e9s et conditions \u00e9crites ici. Vous ne devez pas utiliser ce site Web si vous n&#8217;\u00eates pas d&#8217;accord avec l&#8217;un de ces termes et conditions.<\/p>\n<p>Les mineurs ou les personnes de moins de 18 ans ne sont pas autoris\u00e9s \u00e0 utiliser ce site Web.<\/p>\n<p>&nbsp;<\/p>\n<ol start=\"2\">\n<li><strong>Droits de propri\u00e9t\u00e9 intellectuelle<\/strong><\/li>\n<\/ol>\n<p>Outre le contenu que vous poss\u00e9dez, conform\u00e9ment aux pr\u00e9sentes Conditions, Safari Club S.A. et \/ ou ses conc\u00e9dants de licence poss\u00e8dent tous les droits de propri\u00e9t\u00e9 intellectuelle et les \u00e9l\u00e9ments contenus dans ce site Web.<\/p>\n<p>Vous obtenez une licence limit\u00e9e uniquement pour visionner le contenu de ce site Web.<\/p>\n<p>&nbsp;<\/p>\n<ol start=\"3\">\n<li><strong>Restrictions<\/strong><\/li>\n<\/ol>\n<p>Vous \u00eates sp\u00e9cifiquement limit\u00e9 de tous les \u00e9l\u00e9ments suivants<\/p>\n<ul>\n<li>Publier du mat\u00e9riel sur un site Web dans tout autre m\u00e9dia ;&nbsp;<\/li>\n<li>Vendre, sous-licencier et \/ ou commercialiser autrement tout mat\u00e9riel de site Web&nbsp;<\/li>\n<li>Effectuer publiquement et \/ ou montrer du mat\u00e9riel sur le site Web ;&nbsp;<\/li>\n<li>Utiliser ce site de quelque mani\u00e8re que ce soit qui pourrait \u00eatre dommageable pour ce site Web ;&nbsp;<\/li>\n<li>Utiliser ce site Web de quelque fa\u00e7on que ce soit ayant un impact sur l&#8217;acc\u00e8s des utilisateurs \u00e0 ce site Web ;&nbsp;<\/li>\n<li>L\u2019utilisation de ce site Web en contravention des lois et r\u00e8glements applicables, ou de quelque fa\u00e7on que ce soit, peut causer des dommages au site Web ou \u00e0 toute personne ou entit\u00e9 commerciale ;&nbsp;<\/li>\n<li>S\u2019engager dans l&#8217;extraction de donn\u00e9es, la collecte de donn\u00e9es, l&#8217;extraction de donn\u00e9es ou toute autre activit\u00e9 similaire par rapport \u00e0 ce site Web ;&nbsp;<\/li>\n<li>Utiliser ce site Web pour vous engager dans toute publicit\u00e9 ou marketing.<\/li>\n<\/ul>\n<p>Certaines zones de ce site Web sont interdites d&#8217;acc\u00e8s par vous et Safari Club S.A. peut en outre restreindre l&#8217;acc\u00e8s de votre part \u00e0 toutes les zones de ce site Web, \u00e0 tout moment, dans une discr\u00e9tion absolue. Tout identifiant et mot de passe que vous pouvez avoir pour ce site Web est confidentiel et vous devez \u00e9galement maintenir la confidentialit\u00e9.<\/p>\n<p>4\u00a0<strong>Votre contenu<\/strong><\/p>\n<p>Dans les pr\u00e9sentes conditions g\u00e9n\u00e9rales du site Web, \u00abvotre contenu\u00bb d\u00e9signe tout contenu audio, vid\u00e9o, image ou autre contenu que vous choisissez d&#8217;afficher sur ce site Web. En affichant Your Content, vous accordez \u00e0 Safari Club S.A. une licence non exclusive, irr\u00e9vocable et sous licence mondiale pour l&#8217;utiliser, la reproduire, l&#8217;adapter, la publier, la traduire et la distribuer dans tous les m\u00e9dias.<\/p>\n<p>Votre contenu doit \u00eatre le v\u00f4tre et ne doit pas envahir les droits d&#8217;un tiers. Safari Club S.A. se r\u00e9serve le droit de supprimer tout ou partie de votre contenu de ce site Web \u00e0 tout moment sans pr\u00e9avis.<\/p>\n<p>&nbsp;<\/p>\n<ol start=\"5\">\n<li><strong>Aucune garantie<\/strong><\/li>\n<\/ol>\n<p>Ce site Web est fourni \u00aben l&#8217;\u00e9tat\u00bb, avec tous les d\u00e9fauts, et Safari Club S.A. n&#8217;expriment aucune repr\u00e9sentation ou garantie, de quelque nature que ce soit li\u00e9e \u00e0 ce site Web ou les mat\u00e9riaux contenus sur ce site Web. En outre, rien sur ce site Web ne doit \u00eatre interpr\u00e9t\u00e9 comme vous conseillant.<\/p>\n<p>6\u00a0 <strong>Limitation de responsabilit\u00e9<\/strong><\/p>\n<p>En aucun cas Safari Club S.A., ni aucun de ses dirigeants, administrateurs et employ\u00e9s, ne seront tenus responsables de quelque chose d\u00e9coulant de ou li\u00e9 de quelque mani\u00e8re que ce soit \u00e0 votre utilisation de ce site Web, que cette responsabilit\u00e9 soit contractuelle. Safari Club S.A., y compris ses dirigeants, administrateurs et employ\u00e9s ne sera pas tenu responsable de toute responsabilit\u00e9 indirecte, cons\u00e9cutive ou sp\u00e9ciale d\u00e9coulant de ou li\u00e9e de quelque fa\u00e7on que ce soit \u00e0 votre utilisation de ce site Web.<\/p>\n<ol start=\"7\">\n<li><strong>Indemnit\u00e9<\/strong><\/li>\n<\/ol>\n<p>Vous garantissez par la pr\u00e9sente Safari Club SA contre et contre tout ou partie des responsabilit\u00e9s, co\u00fbts, demandes, causes d&#8217;action, dommages et d\u00e9penses d\u00e9coulant de quelque mani\u00e8re que ce soit de votre violation de l&#8217;une des dispositions des pr\u00e9sentes Conditions.<\/p>\n<ol start=\"8\">\n<li><strong>Divisibilit\u00e9<\/strong><\/li>\n<\/ol>\n<p>Si une disposition de ces Conditions est jug\u00e9e invalide en vertu d&#8217;une loi applicable, ces dispositions doivent \u00eatre supprim\u00e9es sans affecter les dispositions restantes dans les pr\u00e9sentes.<\/p>\n<ol start=\"9\">\n<li><strong>Variation des termes<\/strong><\/li>\n<\/ol>\n<p>Safari Club S.A. est autoris\u00e9 \u00e0 r\u00e9viser les pr\u00e9sentes Conditions \u00e0 tout moment comme bon lui semble, et en utilisant ce site Web, vous \u00eates tenu de revoir ces Conditions sur une base r\u00e9guli\u00e8re.<\/p>\n<ol start=\"10\">\n<li><strong>Affectation<\/strong><\/li>\n<\/ol>\n<p>Le Safari Club S.A. est autoris\u00e9 \u00e0 c\u00e9der, transf\u00e9rer et sous-traiter ses droits et \/ ou obligations en vertu des pr\u00e9sentes Conditions sans aucune notification. Cependant, vous n&#8217;\u00eates pas autoris\u00e9 \u00e0 c\u00e9der, transf\u00e9rer ou sous-traiter vos droits et \/ ou obligations en vertu des pr\u00e9sentes Conditions.<\/p>\n<ol start=\"11\">\n<li><strong>Accord complet<\/strong><\/li>\n<\/ol>\n<p>Ces Conditions constituent l&#8217;int\u00e9gralit\u00e9 de l&#8217;accord entre Safari Club S.A. et vous en relation avec votre utilisation de ce site Web, et remplacent tous les accords et accords ant\u00e9rieurs.<\/p>\n<ol start=\"12\">\n<li><strong>\u00a0Loi applicable et juridiction<\/strong><\/li>\n<\/ol>\n<p>Ces conditions seront r\u00e9gies et interpr\u00e9t\u00e9es conform\u00e9ment aux lois de l&#8217;\u00c9tat de la Gr\u00e8ce, et vous vous soumettez \u00e0 la juridiction non exclusive des tribunaux d&#8217;\u00c9tat et f\u00e9d\u00e9raux situ\u00e9s en Gr\u00e8ce pour la r\u00e9solution de tout litige.<\/p>\n<ol start=\"13\">\n<li><strong>Annulation<\/strong><\/li>\n<\/ol>\n<p>Pour un remboursement complet du Tour une annulation doit \u00eatre faite un plein 24 heures avant l&#8217;heure de ramassage de l&#8217;h\u00e9bergement.<\/p>\n<p>Si le client annule moins de 24 heures avant l&#8217;heure de d\u00e9part de l&#8217;h\u00e9bergement ou ne se pr\u00e9sente pas pour le ramassage, le Tour est non-remboursable.<\/p>\n<p>&nbsp;[\/vc_column_text][\/vc_column][\/vc_row]\t\t<\/p>\n<\/div>","protected":false},"excerpt":{"rendered":"<p>[vc_row][vc_column][vc_column_text] TERMS ET CONDITIONS Introduction Ces Termes et Conditions standard du site Web \u00e9crits sur cette page Web g\u00e8rent votre utilisation de ce site Web. Ces conditions seront enti\u00e8rement appliqu\u00e9es et affecteront votre utilisation de ce site Web. En utilisant ce site Web, vous acceptez d&#8217;accepter toutes les modalit\u00e9s et conditions \u00e9crites ici. Vous ne&hellip;<\/p>\n","protected":false},"author":1,"featured_media":0,"parent":0,"menu_order":0,"comment_status":"closed","ping_status":"closed","template":"","meta":{"footnotes":""},"class_list":["post-52679","page","type-page","status-publish","hentry","description-off"],"_links":{"self":[{"href":"https:\/\/safariclub.gr\/fr\/wp-json\/wp\/v2\/pages\/52679","targetHints":{"allow":["GET"]}}],"collection":[{"href":"https:\/\/safariclub.gr\/fr\/wp-json\/wp\/v2\/pages"}],"about":[{"href":"https:\/\/safariclub.gr\/fr\/wp-json\/wp\/v2\/types\/page"}],"author":[{"embeddable":true,"href":"https:\/\/safariclub.gr\/fr\/wp-json\/wp\/v2\/users\/1"}],"replies":[{"embeddable":true,"href":"https:\/\/safariclub.gr\/fr\/wp-json\/wp\/v2\/comments?post=52679"}],"version-history":[{"count":1,"href":"https:\/\/safariclub.gr\/fr\/wp-json\/wp\/v2\/pages\/52679\/revisions"}],"predecessor-version":[{"id":53233,"href":"https:\/\/safariclub.gr\/fr\/wp-json\/wp\/v2\/pages\/52679\/revisions\/53233"}],"wp:attachment":[{"href":"https:\/\/safariclub.gr\/fr\/wp-json\/wp\/v2\/media?parent=52679"}],"curies":[{"name":"wp","href":"https:\/\/api.w.org\/{rel}","templated":true}]}}