{"id":52616,"date":"2018-03-13T11:46:36","date_gmt":"2018-03-13T11:46:36","guid":{"rendered":"https:\/\/safariclub.gr\/?page_id=52616"},"modified":"2019-04-09T12:31:46","modified_gmt":"2019-04-09T12:31:46","slug":"chauffeur","status":"publish","type":"page","link":"https:\/\/safariclub.gr\/fr\/chauffeur\/","title":{"rendered":"Chauffeur"},"content":{"rendered":"<div class=\"wpb-content-wrapper\"><p>[vc_row][vc_column][vc_column_text]Nous sommes convaincus que les pilotes sont l&#8217;aspect le plus important de tout safari. Le v\u00e9hicule doit \u00eatre en tr\u00e8s bon \u00e9tat, les op\u00e9rations doivent \u00eatre \u00e0 l&#8217;heure et bien organis\u00e9es. Nous avons un processus de recrutement tr\u00e8s rigoureux pour nous assurer que nous avons le meilleur du meilleur: Exp\u00e9riment\u00e9, professionnel, joyeux, dr\u00f4le, bavard et capable d&#8217;enflammer la passion de chacun et de faire de ce voyage un moment inoubliable. Apr\u00e8s tout, un safari avec Safariclub peut \u00eatre un voyage d&#8217;une vie.<br \/>\nCela arrive la plupart du temps: nos invit\u00e9s arrivent en Cr\u00e8te, un nouveau pays o\u00f9 ils n&#8217;ont jamais \u00e9t\u00e9, \u00e9merveill\u00e9s, des questions sur tous les animaux qu&#8217;ils vont voir et sur les endroits incroyables qu&#8217;ils pourront voir. Mais \u00e0 la fin, quand il est temps de dire au revoir, c&#8217;est la connexion avec le guide qui est plus difficile \u00e0 laisser derri\u00e8re.[\/vc_column_text][\/vc_column][\/vc_row]<\/p>\n<\/div>","protected":false},"excerpt":{"rendered":"<p>[vc_row][vc_column][vc_column_text]Nous sommes convaincus que les pilotes sont l&#8217;aspect le plus important de tout safari. Le v\u00e9hicule doit \u00eatre en tr\u00e8s bon \u00e9tat, les op\u00e9rations doivent \u00eatre \u00e0 l&#8217;heure et bien organis\u00e9es. Nous avons un processus de recrutement tr\u00e8s rigoureux pour nous assurer que nous avons le meilleur du meilleur: Exp\u00e9riment\u00e9, professionnel, joyeux, dr\u00f4le, bavard et&hellip;<\/p>\n","protected":false},"author":1,"featured_media":0,"parent":0,"menu_order":0,"comment_status":"closed","ping_status":"closed","template":"","meta":{"footnotes":""},"class_list":["post-52616","page","type-page","status-publish","hentry","description-off"],"_links":{"self":[{"href":"https:\/\/safariclub.gr\/fr\/wp-json\/wp\/v2\/pages\/52616","targetHints":{"allow":["GET"]}}],"collection":[{"href":"https:\/\/safariclub.gr\/fr\/wp-json\/wp\/v2\/pages"}],"about":[{"href":"https:\/\/safariclub.gr\/fr\/wp-json\/wp\/v2\/types\/page"}],"author":[{"embeddable":true,"href":"https:\/\/safariclub.gr\/fr\/wp-json\/wp\/v2\/users\/1"}],"replies":[{"embeddable":true,"href":"https:\/\/safariclub.gr\/fr\/wp-json\/wp\/v2\/comments?post=52616"}],"version-history":[{"count":1,"href":"https:\/\/safariclub.gr\/fr\/wp-json\/wp\/v2\/pages\/52616\/revisions"}],"predecessor-version":[{"id":53227,"href":"https:\/\/safariclub.gr\/fr\/wp-json\/wp\/v2\/pages\/52616\/revisions\/53227"}],"wp:attachment":[{"href":"https:\/\/safariclub.gr\/fr\/wp-json\/wp\/v2\/media?parent=52616"}],"curies":[{"name":"wp","href":"https:\/\/api.w.org\/{rel}","templated":true}]}}