{"id":52392,"date":"2018-03-07T10:25:11","date_gmt":"2018-03-07T10:25:11","guid":{"rendered":"https:\/\/safariclub.gr\/?page_id=52392"},"modified":"2019-04-09T12:31:49","modified_gmt":"2019-04-09T12:31:49","slug":"a-propos-de-nous","status":"publish","type":"page","link":"https:\/\/safariclub.gr\/fr\/a-propos-de-nous\/","title":{"rendered":"\u00c0 propos de nous"},"content":{"rendered":"<div class=\"wpb-content-wrapper\"><p>[vc_row css=&#8221;.vc_custom_1518778961615{margin-top: -130px !important;background-color: #ffffff !important;border-radius: 1px !important;}&#8221;][vc_column css=&#8221;.vc_custom_1518778850975{padding-top: 20px !important;background-color: #ffffff !important;border-radius: 5px !important;}&#8221;][vc_column_text]La Cr\u00e8te est une \u00eele merveilleuse et vari\u00e9e avec beaucoup \u00e0 offrir \u00e0 ses nombreux visiteurs et habitants. Notre objectif est de fournir une introduction amusante et enthousiaste \u00e0 sa beaut\u00e9 naturelle et crue, ses traditions, ses m\u00e9tiers, son histoire et sa gastronomie, ainsi que sa vie moderne.<\/p>\n<p>Safari Club a commenc\u00e9 en 2002 en op\u00e9rant une route pour le march\u00e9 britannique et a depuis r\u00e9alis\u00e9 pour devenir le tour num\u00e9ro un sur l&#8217;\u00eele de Cr\u00e8te selon les avis de Trip Advisor. Au fil du temps, nous avons \u00e9largi et maintenant offrir plusieurs itin\u00e9raires \u00e0 travers l&#8217;\u00eele et \u00e9galement inclure des visites en fran\u00e7ais, allemand et n\u00e9erlandais, chacune op\u00e9r\u00e9e en priv\u00e9.<\/p>\n<p>La plupart des visiteurs viennent pour la c\u00f4te avec ses plages dor\u00e9es et ses eaux bleues tranquilles o\u00f9 notre objectif est de sortir les voyageurs des sentiers battus et des montagnes pour go\u00fbter \u00e0 la \u00abvraie Cr\u00e8te\u00bb en soutenant les villages, les entreprises et les traditions locales. diminuer avec le temps.<\/p>\n<p>Nous travaillons en collaboration avec la plupart des grands voyagistes qui se concentrent sur les r\u00e8glements de la F\u00e9d\u00e9ration des Tours Op\u00e9rateurs (FTO) et tous nos itin\u00e9raires sont con\u00e7us selon les normes de sant\u00e9 et de s\u00e9curit\u00e9 du march\u00e9 europ\u00e9en. Nous sommes \u00e9galement catalogu\u00e9s par Thomas Cook comme une tourn\u00e9e \u00abLocalement en Gr\u00e8ce\u00bb qui profite au maximum aux communaut\u00e9s et \u00e0 l&#8217;environnement, tant sur le plan \u00e9conomique que social.<\/p>\n<p>Nous cherchons toujours \u00e0 am\u00e9liorer le service que nous offrons et tous les commentaires sont les bienvenus et appr\u00e9ci\u00e9[\/vc_column_text][\/vc_column][\/vc_row]<\/p>\n<\/div>","protected":false},"excerpt":{"rendered":"<p>[vc_row css=&#8221;.vc_custom_1518778961615{margin-top: -130px !important;background-color: #ffffff !important;border-radius: 1px !important;}&#8221;][vc_column css=&#8221;.vc_custom_1518778850975{padding-top: 20px !important;background-color: #ffffff !important;border-radius: 5px !important;}&#8221;][vc_column_text]La Cr\u00e8te est une \u00eele merveilleuse et vari\u00e9e avec beaucoup \u00e0 offrir \u00e0 ses nombreux visiteurs et habitants. Notre objectif est de fournir une introduction amusante et enthousiaste \u00e0 sa beaut\u00e9 naturelle et crue, ses traditions, ses m\u00e9tiers, son histoire et&hellip;<\/p>\n","protected":false},"author":1,"featured_media":0,"parent":0,"menu_order":0,"comment_status":"closed","ping_status":"closed","template":"","meta":{"footnotes":""},"class_list":["post-52392","page","type-page","status-publish","hentry","description-off"],"_links":{"self":[{"href":"https:\/\/safariclub.gr\/fr\/wp-json\/wp\/v2\/pages\/52392","targetHints":{"allow":["GET"]}}],"collection":[{"href":"https:\/\/safariclub.gr\/fr\/wp-json\/wp\/v2\/pages"}],"about":[{"href":"https:\/\/safariclub.gr\/fr\/wp-json\/wp\/v2\/types\/page"}],"author":[{"embeddable":true,"href":"https:\/\/safariclub.gr\/fr\/wp-json\/wp\/v2\/users\/1"}],"replies":[{"embeddable":true,"href":"https:\/\/safariclub.gr\/fr\/wp-json\/wp\/v2\/comments?post=52392"}],"version-history":[{"count":1,"href":"https:\/\/safariclub.gr\/fr\/wp-json\/wp\/v2\/pages\/52392\/revisions"}],"predecessor-version":[{"id":53222,"href":"https:\/\/safariclub.gr\/fr\/wp-json\/wp\/v2\/pages\/52392\/revisions\/53222"}],"wp:attachment":[{"href":"https:\/\/safariclub.gr\/fr\/wp-json\/wp\/v2\/media?parent=52392"}],"curies":[{"name":"wp","href":"https:\/\/api.w.org\/{rel}","templated":true}]}}