{"id":52115,"date":"2018-02-27T10:04:48","date_gmt":"2018-02-27T10:04:48","guid":{"rendered":"https:\/\/safariclub.gr\/?page_id=52115"},"modified":"2023-08-31T11:09:39","modified_gmt":"2023-08-31T08:09:39","slug":"accueil","status":"publish","type":"page","link":"https:\/\/safariclub.gr\/fr\/","title":{"rendered":"Accueil"},"content":{"rendered":"<div class=\"wpb-content-wrapper\"><p>[vc_row bg_type=&#8221;bg_color&#8221; css=&#8221;.vc_custom_1518772945247{margin-top: -70px !important;background-color: #fcfcfc !important;border-radius: 5px !important;}&#8221;][vc_column][vc_text_separator title=&#8221;CR\u00c8TE&#8221; color=&#8221;orange&#8221;][vc_row_inner][vc_column_inner width=&#8221;1\/3&#8243;][vc_single_image image=&#8221;53744&#8243; img_size=&#8221;350&#215;250&#8243; add_caption=&#8221;yes&#8221; alignment=&#8221;center&#8221; style=&#8221;vc_box_rounded&#8221; onclick=&#8221;custom_link&#8221; lazy_loading=&#8221;true&#8221; title=&#8221;MINOAN&#8221; link=&#8221;\/fr\/minoan-fr\/&#8221;]<span id=\"creative-link-wrap-9485\" class=\"ult_main_cl ult-adjust-bottom-margin  \" >\n\t \t\t\t<span class=\"ult_cl_link_1  ult_crlink\" >\n\t\t\t\t\t<a  data-ultimate-target='#creative-link-wrap-9485 .ult_colorlink'  data-responsive-json-new='{\"font-size\":\"\",\"line-height\":\"\"}'  href=\"https:\/\/safariclub.gr\/fr\/minoan-fr\/\" title=\"Minoan\"  class=\"ult_colorlink ult-responsive \" style=\"font-weight:normal;color:; \"  data-textcolor=\"\" data-texthover=\"#333333\"data-style=\"Style_1\">\n\t\t\t\t\t\t\n\t\t\t\t\t\t<span data-hover=\"Minoan Route\" style=\"color:;;;\" class=\"ult_btn10_span   \">Minoan Route<\/span>\n\t\t\t\t\t\t\n\t\t\t\t\t<\/a>\n\t\t\t\t<\/span>\n\t\t\t<\/span>[\/vc_column_inner][vc_column_inner width=&#8221;1\/3&#8243;][vc_single_image image=&#8221;53699&#8243; img_size=&#8221;350&#215;250&#8243; add_caption=&#8221;yes&#8221; alignment=&#8221;center&#8221; style=&#8221;vc_box_rounded&#8221; onclick=&#8221;custom_link&#8221; lazy_loading=&#8221;true&#8221; title=&#8221;KATHARO&#8221; link=&#8221;\/fr\/katharo-4\/&#8221;]<span id=\"creative-link-wrap-8572\" class=\"ult_main_cl ult-adjust-bottom-margin  \" >\n\t \t\t\t<span class=\"ult_cl_link_1  ult_crlink\" >\n\t\t\t\t\t<a  data-ultimate-target='#creative-link-wrap-8572 .ult_colorlink'  data-responsive-json-new='{\"font-size\":\"\",\"line-height\":\"\"}'  href=\"https:\/\/safariclub.gr\/fr\/katharo-4\/\" title=\"Minoan\"  class=\"ult_colorlink ult-responsive \" style=\"font-weight:normal;color:; \"  data-textcolor=\"\" data-texthover=\"#333333\"data-style=\"Style_1\">\n\t\t\t\t\t\t\n\t\t\t\t\t\t<span data-hover=\"Katharo Route\" style=\"color:;;;\" class=\"ult_btn10_span   \">Katharo Route<\/span>\n\t\t\t\t\t\t\n\t\t\t\t\t<\/a>\n\t\t\t\t<\/span>\n\t\t\t<\/span>[\/vc_column_inner][vc_column_inner width=&#8221;1\/3&#8243;][vc_single_image image=&#8221;53606&#8243; img_size=&#8221;350&#215;250&#8243; add_caption=&#8221;yes&#8221; alignment=&#8221;center&#8221; style=&#8221;vc_box_rounded&#8221; onclick=&#8221;custom_link&#8221; lazy_loading=&#8221;true&#8221; title=&#8221;COUCHER DE SOLEIL&#8221; link=&#8221;\/fr\/sunset-4\/&#8221;]<span id=\"creative-link-wrap-2685\" class=\"ult_main_cl ult-adjust-bottom-margin  \" >\n\t \t\t\t<span class=\"ult_cl_link_1  ult_crlink\" >\n\t\t\t\t\t<a  data-ultimate-target='#creative-link-wrap-2685 .ult_colorlink'  data-responsive-json-new='{\"font-size\":\"\",\"line-height\":\"\"}'  href=\"https:\/\/safariclub.gr\/fr\/sunset-4\/\" title=\"Minoan\"  class=\"ult_colorlink ult-responsive \" style=\"font-weight:normal;color:; \"  data-textcolor=\"\" data-texthover=\"#333333\"data-style=\"Style_1\">\n\t\t\t\t\t\t\n\t\t\t\t\t\t<span data-hover=\"Sunset Route\" style=\"color:;;;\" class=\"ult_btn10_span   \">Sunset Route<\/span>\n\t\t\t\t\t\t\n\t\t\t\t\t<\/a>\n\t\t\t\t<\/span>\n\t\t\t<\/span>[\/vc_column_inner][\/vc_row_inner][vc_row_inner][vc_column_inner width=&#8221;1\/3&#8243;][vc_single_image image=&#8221;53579&#8243; img_size=&#8221;350&#215;250&#8243; add_caption=&#8221;yes&#8221; alignment=&#8221;center&#8221; style=&#8221;vc_box_rounded&#8221; onclick=&#8221;custom_link&#8221; lazy_loading=&#8221;true&#8221; title=&#8221;PREVELI&#8221; link=&#8221;\/lasinthos-route\/&#8221;]<span id=\"creative-link-wrap-1288\" class=\"ult_main_cl ult-adjust-bottom-margin  \" >\n\t \t\t\t<span class=\"ult_cl_link_1  ult_crlink\" >\n\t\t\t\t\t<a  data-ultimate-target='#creative-link-wrap-1288 .ult_colorlink'  data-responsive-json-new='{\"font-size\":\"\",\"line-height\":\"\"}'  href=\"https:\/\/safariclub.gr\/fr\/preveli-4\/\" title=\"Minoan\"  class=\"ult_colorlink ult-responsive \" style=\"font-weight:normal;color:; \"  data-textcolor=\"\" data-texthover=\"#333333\"data-style=\"Style_1\">\n\t\t\t\t\t\t\n\t\t\t\t\t\t<span data-hover=\"Preveli Route\" style=\"color:;;;\" class=\"ult_btn10_span   \">Preveli Route<\/span>\n\t\t\t\t\t\t\n\t\t\t\t\t<\/a>\n\t\t\t\t<\/span>\n\t\t\t<\/span>[\/vc_column_inner][vc_column_inner width=&#8221;1\/3&#8243;][vc_single_image image=&#8221;53621&#8243; img_size=&#8221;350&#215;250&#8243; add_caption=&#8221;yes&#8221; alignment=&#8221;center&#8221; style=&#8221;vc_box_rounded&#8221; onclick=&#8221;custom_link&#8221; lazy_loading=&#8221;true&#8221; title=&#8221;NIDA&#8221; link=&#8221;\/fr\/nida-4\/&#8221;]<span id=\"creative-link-wrap-4629\" class=\"ult_main_cl ult-adjust-bottom-margin  \" >\n\t \t\t\t<span class=\"ult_cl_link_1  ult_crlink\" >\n\t\t\t\t\t<a  data-ultimate-target='#creative-link-wrap-4629 .ult_colorlink'  data-responsive-json-new='{\"font-size\":\"\",\"line-height\":\"\"}'  href=\"https:\/\/safariclub.gr\/fr\/nida-4\/\" title=\"Minoan\"  class=\"ult_colorlink ult-responsive \" style=\"font-weight:normal;color:; \"  data-textcolor=\"\" data-texthover=\"#333333\"data-style=\"Style_1\">\n\t\t\t\t\t\t\n\t\t\t\t\t\t<span data-hover=\"Nida Route\" style=\"color:;;;\" class=\"ult_btn10_span   \">Nida Route<\/span>\n\t\t\t\t\t\t\n\t\t\t\t\t<\/a>\n\t\t\t\t<\/span>\n\t\t\t<\/span>[\/vc_column_inner][vc_column_inner width=&#8221;1\/3&#8243;][vc_single_image image=&#8221;53696&#8243; img_size=&#8221;350&#215;250&#8243; add_caption=&#8221;yes&#8221; alignment=&#8221;center&#8221; style=&#8221;vc_box_rounded&#8221; onclick=&#8221;custom_link&#8221; lazy_loading=&#8221;true&#8221; title=&#8221;PRIVE&#8221; link=&#8221;\/fr\/prive-tour\/&#8221;]<span id=\"creative-link-wrap-7933\" class=\"ult_main_cl ult-adjust-bottom-margin  \" >\n\t \t\t\t<span class=\"ult_cl_link_1  ult_crlink\" >\n\t\t\t\t\t<a  data-ultimate-target='#creative-link-wrap-7933 .ult_colorlink'  data-responsive-json-new='{\"font-size\":\"\",\"line-height\":\"\"}'  href=\"https:\/\/safariclub.gr\/fr\/prive-tour\/\" title=\"Minoan\"  class=\"ult_colorlink ult-responsive \" style=\"font-weight:normal;color:; \"  data-textcolor=\"\" data-texthover=\"#333333\"data-style=\"Style_1\">\n\t\t\t\t\t\t\n\t\t\t\t\t\t<span data-hover=\"Priv\u00e9 Route\" style=\"color:;;;\" class=\"ult_btn10_span   \">Priv\u00e9 Route<\/span>\n\t\t\t\t\t\t\n\t\t\t\t\t<\/a>\n\t\t\t\t<\/span>\n\t\t\t<\/span>[\/vc_column_inner][\/vc_row_inner][vc_row_inner][vc_column_inner width=&#8221;1\/3&#8243;][vc_single_image image=&#8221;55915&#8243; img_size=&#8221;350&#215;250&#8243; add_caption=&#8221;yes&#8221; alignment=&#8221;center&#8221; style=&#8221;vc_box_rounded&#8221; onclick=&#8221;custom_link&#8221; lazy_loading=&#8221;true&#8221; title=&#8221;LASINTHOS&#8221; link=&#8221;\/fr\/lasinthos-route\/&#8221;]<span id=\"creative-link-wrap-4721\" class=\"ult_main_cl ult-adjust-bottom-margin  \" >\n\t \t\t\t<span class=\"ult_cl_link_1  ult_crlink\" >\n\t\t\t\t\t<a  data-ultimate-target='#creative-link-wrap-4721 .ult_colorlink'  data-responsive-json-new='{\"font-size\":\"\",\"line-height\":\"\"}'  href=\"https:\/\/safariclub.gr\/lasinthos-route\/\" title=\"Minoan\"  class=\"ult_colorlink ult-responsive \" style=\"font-weight:normal;color:; \"  data-textcolor=\"\" data-texthover=\"#333333\"data-style=\"Style_1\">\n\t\t\t\t\t\t\n\t\t\t\t\t\t<span data-hover=\"Lasinthos Route\" style=\"color:;;;\" class=\"ult_btn10_span   \">Lasinthos Route<\/span>\n\t\t\t\t\t\t\n\t\t\t\t\t<\/a>\n\t\t\t\t<\/span>\n\t\t\t<\/span>[\/vc_column_inner][vc_column_inner width=&#8221;1\/3&#8243;][vc_single_image image=&#8221;54485&#8243; img_size=&#8221;350&#215;250&#8243; add_caption=&#8221;yes&#8221; alignment=&#8221;center&#8221; style=&#8221;vc_box_rounded&#8221; onclick=&#8221;custom_link&#8221; lazy_loading=&#8221;true&#8221; title=&#8221;VLYCHADIA&#8221; link=&#8221;\/fr\/nida-4\/&#8221;]<span id=\"creative-link-wrap-9471\" class=\"ult_main_cl ult-adjust-bottom-margin  \" >\n\t \t\t\t<span class=\"ult_cl_link_1  ult_crlink\" >\n\t\t\t\t\t<a  data-ultimate-target='#creative-link-wrap-9471 .ult_colorlink'  data-responsive-json-new='{\"font-size\":\"\",\"line-height\":\"\"}'  href=\"#\" title=\"Minoan\"  class=\"ult_colorlink ult-responsive \" style=\"font-weight:normal;color:; \"  data-textcolor=\"\" data-texthover=\"#333333\"data-style=\"Style_1\">\n\t\t\t\t\t\t\n\t\t\t\t\t\t<span data-hover=\"Vlychadia Route\" style=\"color:;;;\" class=\"ult_btn10_span   \">Vlychadia Route<\/span>\n\t\t\t\t\t\t\n\t\t\t\t\t<\/a>\n\t\t\t\t<\/span>\n\t\t\t<\/span>[\/vc_column_inner][vc_column_inner width=&#8221;1\/3&#8243;][vc_single_image image=&#8221;54356&#8243; img_size=&#8221;350&#215;250&#8243; add_caption=&#8221;yes&#8221; alignment=&#8221;center&#8221; style=&#8221;vc_box_rounded&#8221; onclick=&#8221;custom_link&#8221; lazy_loading=&#8221;true&#8221; title=&#8221;TRYPITI&#8221; link=&#8221;\/fr\/tripiti\/&#8221;]<span id=\"creative-link-wrap-7075\" class=\"ult_main_cl ult-adjust-bottom-margin  \" >\n\t \t\t\t<span class=\"ult_cl_link_1  ult_crlink\" >\n\t\t\t\t\t<a  data-ultimate-target='#creative-link-wrap-7075 .ult_colorlink'  data-responsive-json-new='{\"font-size\":\"\",\"line-height\":\"\"}'  href=\"https:\/\/safariclub.gr\/fr\/tripiti\/\" title=\"Minoan\"  class=\"ult_colorlink ult-responsive \" style=\"font-weight:normal;color:; \"  data-textcolor=\"\" data-texthover=\"#333333\"data-style=\"Style_1\">\n\t\t\t\t\t\t\n\t\t\t\t\t\t<span data-hover=\"Trypiti Route\" style=\"color:;;;\" class=\"ult_btn10_span   \">Trypiti Route<\/span>\n\t\t\t\t\t\t\n\t\t\t\t\t<\/a>\n\t\t\t\t<\/span>\n\t\t\t<\/span>[\/vc_column_inner][\/vc_row_inner][vc_row_inner][vc_column_inner width=&#8221;1\/3&#8243;][vc_single_image image=&#8221;54529&#8243; img_size=&#8221;350&#215;250&#8243; add_caption=&#8221;yes&#8221; alignment=&#8221;center&#8221; style=&#8221;vc_box_rounded&#8221; onclick=&#8221;custom_link&#8221; lazy_loading=&#8221;true&#8221; title=&#8221;HA CANYON&#8221; link=&#8221;\/fr\/ha-canyon\/&#8221;]<span id=\"creative-link-wrap-4607\" class=\"ult_main_cl ult-adjust-bottom-margin  \" >\n\t \t\t\t<span class=\"ult_cl_link_1  ult_crlink\" >\n\t\t\t\t\t<a  data-ultimate-target='#creative-link-wrap-4607 .ult_colorlink'  data-responsive-json-new='{\"font-size\":\"\",\"line-height\":\"\"}'  href=\"https:\/\/safariclub.gr\/fr\/ha-canyon\/\" title=\"Ha Canyon\"  class=\"ult_colorlink ult-responsive \" style=\"font-weight:normal;color:; \"  data-textcolor=\"\" data-texthover=\"#333333\"data-style=\"Style_1\">\n\t\t\t\t\t\t\n\t\t\t\t\t\t<span data-hover=\"Ha Canyon Rouite\" style=\"color:;;;\" class=\"ult_btn10_span   \">Ha Canyon Rouite<\/span>\n\t\t\t\t\t\t\n\t\t\t\t\t<\/a>\n\t\t\t\t<\/span>\n\t\t\t<\/span>[\/vc_column_inner][\/vc_row_inner][\/vc_column][\/vc_row][vc_row][vc_column][vc_text_separator title=&#8221;Laissez-nous vous montrer o\u00f9 nous vivions&#8221; color=&#8221;orange&#8221;][\/vc_column][\/vc_row][vc_row][vc_column][vc_column_text]D\u00e9couvrez une autre Cr\u00e8te avec des chauffeurs informatifs et professionnels qui vous parlerons de mythologie, d&#8217;histoire, des anecdotes de leur \u00eele. Une excursion du Safari Club vous fera d\u00e9couvrir bien plus que ce que vous imaginiez voir de la Cr\u00e8te. Animaux sauvages, fleurs et herbes, la population locale cr\u00e9toise et sa l\u00e9gendaire hospitalit\u00e9. Sans oublier des paysages \u00e9poustouflants.<\/p>\n<p>Safari club: une exp\u00e9rience unique<\/p>\n<p>Rejoignez des excursions dans la beaut\u00e9 sauvage de la Cr\u00e8te, haut dans les montagnes, o\u00f9 seuls ch\u00e8vres et \u00e2nes vont g\u00e9n\u00e9ralement. Laissez l&#8217;\u00eele vous \u00e9merveiller. Ce sera sans nul doute le plus beau jour de vos vacances.[\/vc_column_text][\/vc_column][\/vc_row]<\/p>\n<\/div>","protected":false},"excerpt":{"rendered":"<p>[vc_row bg_type=&#8221;bg_color&#8221; css=&#8221;.vc_custom_1518772945247{margin-top: -70px !important;background-color: #fcfcfc !important;border-radius: 5px !important;}&#8221;][vc_column][vc_text_separator title=&#8221;CR\u00c8TE&#8221; color=&#8221;orange&#8221;][vc_row_inner][vc_column_inner width=&#8221;1\/3&#8243;][vc_single_image image=&#8221;53744&#8243; img_size=&#8221;350&#215;250&#8243; add_caption=&#8221;yes&#8221; alignment=&#8221;center&#8221; style=&#8221;vc_box_rounded&#8221; onclick=&#8221;custom_link&#8221; lazy_loading=&#8221;true&#8221; title=&#8221;MINOAN&#8221; link=&#8221;\/fr\/minoan-fr\/&#8221;][\/vc_column_inner][vc_column_inner width=&#8221;1\/3&#8243;][vc_single_image image=&#8221;53699&#8243; img_size=&#8221;350&#215;250&#8243; add_caption=&#8221;yes&#8221; alignment=&#8221;center&#8221; style=&#8221;vc_box_rounded&#8221; onclick=&#8221;custom_link&#8221; lazy_loading=&#8221;true&#8221; title=&#8221;KATHARO&#8221; link=&#8221;\/fr\/katharo-4\/&#8221;][\/vc_column_inner][vc_column_inner width=&#8221;1\/3&#8243;][vc_single_image image=&#8221;53606&#8243; img_size=&#8221;350&#215;250&#8243; add_caption=&#8221;yes&#8221; alignment=&#8221;center&#8221; style=&#8221;vc_box_rounded&#8221; onclick=&#8221;custom_link&#8221; lazy_loading=&#8221;true&#8221; title=&#8221;COUCHER DE SOLEIL&#8221; link=&#8221;\/fr\/sunset-4\/&#8221;][\/vc_column_inner][\/vc_row_inner][vc_row_inner][vc_column_inner width=&#8221;1\/3&#8243;][vc_single_image image=&#8221;53579&#8243; img_size=&#8221;350&#215;250&#8243; add_caption=&#8221;yes&#8221; alignment=&#8221;center&#8221; style=&#8221;vc_box_rounded&#8221; onclick=&#8221;custom_link&#8221; lazy_loading=&#8221;true&#8221; title=&#8221;PREVELI&#8221; link=&#8221;\/lasinthos-route\/&#8221;][\/vc_column_inner][vc_column_inner width=&#8221;1\/3&#8243;][vc_single_image image=&#8221;53621&#8243;&hellip;<\/p>\n","protected":false},"author":1,"featured_media":0,"parent":0,"menu_order":1,"comment_status":"closed","ping_status":"closed","template":"","meta":{"footnotes":""},"class_list":["post-52115","page","type-page","status-publish","hentry","description-off"],"_links":{"self":[{"href":"https:\/\/safariclub.gr\/fr\/wp-json\/wp\/v2\/pages\/52115","targetHints":{"allow":["GET"]}}],"collection":[{"href":"https:\/\/safariclub.gr\/fr\/wp-json\/wp\/v2\/pages"}],"about":[{"href":"https:\/\/safariclub.gr\/fr\/wp-json\/wp\/v2\/types\/page"}],"author":[{"embeddable":true,"href":"https:\/\/safariclub.gr\/fr\/wp-json\/wp\/v2\/users\/1"}],"replies":[{"embeddable":true,"href":"https:\/\/safariclub.gr\/fr\/wp-json\/wp\/v2\/comments?post=52115"}],"version-history":[{"count":22,"href":"https:\/\/safariclub.gr\/fr\/wp-json\/wp\/v2\/pages\/52115\/revisions"}],"predecessor-version":[{"id":57289,"href":"https:\/\/safariclub.gr\/fr\/wp-json\/wp\/v2\/pages\/52115\/revisions\/57289"}],"wp:attachment":[{"href":"https:\/\/safariclub.gr\/fr\/wp-json\/wp\/v2\/media?parent=52115"}],"curies":[{"name":"wp","href":"https:\/\/api.w.org\/{rel}","templated":true}]}}