{"id":57621,"date":"2024-11-21T11:52:03","date_gmt":"2024-11-21T09:52:03","guid":{"rendered":"https:\/\/safariclub.gr\/product\/sarakina\/"},"modified":"2024-12-18T12:43:59","modified_gmt":"2024-12-18T10:43:59","slug":"sarakina","status":"publish","type":"product","link":"https:\/\/safariclub.gr\/de\/produkt\/sarakina\/","title":{"rendered":"Sarakina"},"content":{"rendered":"<p>Dieser Tag ist der beste Weg, um den S\u00fcden der Insel mit seinen traditionellen D\u00f6rfern, W\u00e4ldern und Schluchten zu erkunden. Erkunden Sie die Mythologie, Flora, Fauna und das lokale Leben auf Kreta.<\/p>\n<p>Wir beginnen unsere Reise entlang der K\u00fcstenstra\u00dfe der Mirabello-Bucht, bevor wir zu unserem ersten Halt in den Bergen aufbrechen, von wo aus Sie einen herrlichen Blick auf das kretische und lybische Meer haben. In einem der traditionellen D\u00f6rfer machen wir eine Kaffeepause, bevor wir weiterfahren, um die Sarakina-Schlucht zu erreichen. Hier haben Sie Zeit zur freien Verf\u00fcgung, um die Schlucht zu erkunden, bevor wir zum Dorf Christos mit seinen lokalen Wasserquellen weiterfahren.<br \/>\nVon dort aus geht es weiter durch den Selakano-Wald, den gr\u00f6\u00dften verbliebenen Wald der Insel. Nach einem kurzen Halt an einer lokalen Wasserquelle genie\u00dfen wir die Aussicht in luftiger H\u00f6he, bevor wir in Katharo ankommen, wo uns ein k\u00f6stliches traditionelles Mittagessen erwartet, mit so viel kretischem Wein und Wasser, wie Sie m\u00f6chten. Von dort aus geht es weiter nach Kritsa, wo Sie freie Zeit haben, um zu erkunden, warum das Dorf f\u00fcr sein Oliven\u00f6l mit einem Goldenen Stern ausgezeichnet wurde, und um das Dorfleben und die Kultur kennenzulernen. Zur\u00fcck in den Fahrzeugen geht es langsam zur\u00fcck, vorbei am Denkmal einer lokalen Legende und durch die atemberaubende, zerkl\u00fcftete kretische Landschaft.<br \/>\n<strong>Dieser Tag ist voller einzigartiger Fotom\u00f6glichkeiten und un\u00fcbertroffener H\u00f6hepunkte. Sie werden diesen unglaublichen Tag mit Safariclub sicher nicht vergessen.<\/strong><\/p>\n<p><strong>H\u00f6hepunkte:<\/strong><br \/>\n<strong>Abholung vom Hotel<\/strong><br \/>\n<strong>Aussichtspunkt =<\/strong> Kretisches und Lybisches Meer<br \/>\n<strong>Traditionelles Dorf =<\/strong> Kaffeepause<br \/>\n<strong>Sarakina-Schlucht =<\/strong> Erkundung<br \/>\n<strong>Selakano Wald =<\/strong> lokale Quelle<br \/>\n<strong>Bergblick =<\/strong> Kr\u00e4uter pfl\u00fccken<br \/>\n<strong>Katharo =<\/strong> Traditionelles kretisches Essen mit lokalem Wein und Wasser<br \/>\n<strong>Kritsa =<\/strong> lokales Dorf<br \/>\n<strong>R\u00fcckkehr zum Hotel<\/strong><\/p>\n","protected":false},"excerpt":{"rendered":"<p>Dieser Tag ist der beste Weg, um den S\u00fcden der Insel mit seinen traditionellen D\u00f6rfern, W\u00e4ldern und Schluchten zu erkunden. Erkunden Sie die Mythologie, Flora, Fauna und das lokale Leben auf Kreta. Wir beginnen unsere Reise entlang der K\u00fcstenstra\u00dfe der Mirabello-Bucht, bevor wir zu unserem ersten Halt in den Bergen aufbrechen, von wo aus Sie&hellip;<\/p>\n","protected":false},"featured_media":53682,"comment_status":"open","ping_status":"closed","template":"","meta":[],"product_brand":[],"product_cat":[1418],"product_tag":[],"class_list":{"0":"post-57621","1":"product","2":"type-product","3":"status-publish","4":"has-post-thumbnail","6":"product_cat-land-rover-safari-de","7":"description-off","9":"first","10":"instock","11":"sold-individually","12":"shipping-taxable","13":"purchasable","14":"product-type-simple"},"_links":{"self":[{"href":"https:\/\/safariclub.gr\/de\/wp-json\/wp\/v2\/product\/57621","targetHints":{"allow":["GET"]}}],"collection":[{"href":"https:\/\/safariclub.gr\/de\/wp-json\/wp\/v2\/product"}],"about":[{"href":"https:\/\/safariclub.gr\/de\/wp-json\/wp\/v2\/types\/product"}],"replies":[{"embeddable":true,"href":"https:\/\/safariclub.gr\/de\/wp-json\/wp\/v2\/comments?post=57621"}],"wp:featuredmedia":[{"embeddable":true,"href":"https:\/\/safariclub.gr\/de\/wp-json\/wp\/v2\/media\/53682"}],"wp:attachment":[{"href":"https:\/\/safariclub.gr\/de\/wp-json\/wp\/v2\/media?parent=57621"}],"wp:term":[{"taxonomy":"product_brand","embeddable":true,"href":"https:\/\/safariclub.gr\/de\/wp-json\/wp\/v2\/product_brand?post=57621"},{"taxonomy":"product_cat","embeddable":true,"href":"https:\/\/safariclub.gr\/de\/wp-json\/wp\/v2\/product_cat?post=57621"},{"taxonomy":"product_tag","embeddable":true,"href":"https:\/\/safariclub.gr\/de\/wp-json\/wp\/v2\/product_tag?post=57621"}],"curies":[{"name":"wp","href":"https:\/\/api.w.org\/{rel}","templated":true}]}}