{"id":56804,"date":"2022-09-27T08:17:49","date_gmt":"2022-09-27T08:17:49","guid":{"rendered":"https:\/\/safariclub.gr\/?post_type=product&#038;p=56804"},"modified":"2024-11-22T13:44:48","modified_gmt":"2024-11-22T11:44:48","slug":"minoan-route-von-november-marz","status":"publish","type":"product","link":"https:\/\/safariclub.gr\/de\/produkt\/minoan-route-von-november-marz\/","title":{"rendered":"Minoan Route Dec &#8211; Mar"},"content":{"rendered":"<p>Machen Sie die Erfahrung Zentral-Kretas mit seinen uralten Pfaden und seiner reichen Tier- und Pflanzenwelt kennen zu lernen sowie viele Informationen \u00fcber das lokale Leben und Kreta zu bekommen.<\/p>\n<p>Unsere Reise beginnt an Ihrem Hotel sobald Sie Ihren Fahrer treffen und f\u00fchrt uns zu Beginn durch die spektakul\u00e4ren Berge Kretas zum Becken von Aposelemis, einem k\u00fcnstlich angelegten Stausee. Weiter geht es auf abgelegenen Pfaden ums\u00e4umt von Oliven Heinen zu Lyttos welches in der Antike als r\u00f6misches Aqu\u00e4dukt diente.<br \/>\nVon dort begeben wir uns in das urige Dorf Kastamonitsa, in dem Sie bei lokalen Erzeugern typisch kretanischen Raki und Oliven\u00f6l verkosten werden. Machen Sie sich bereit! Als n\u00e4chstes f\u00fchrt uns unsere Reise hoch in die Berge \u00fcber Feldwege und durch Bergp\u00e4sse auf den Spuren der Minoans zu einem lokalen Sch\u00e4fer bei dem Sie die M\u00f6glichkeit haben Ziegen zu f\u00fcttern und den von ihm hergestellten K\u00e4se zu probieren. Unser n\u00e4chster Halt bietet Ihnen einen einmaligen Blick auf den Minoischen Pfad und die Lassithi-Hochebene. Anschlie\u00dfend begeben wir uns zu der H\u00f6hle von Dikteon, der Geburtsst\u00e4tte des Gottes Zeus. Der Eintritt in die H\u00f6hle ist geb\u00fchrenpflichtig und festes Schuhwerk wird empfohlen.<\/p>\n<p lang=\"en-US\"><span style=\"color: #ff3333;\"><span style=\"font-family: Calibri, sans-serif;\"><span style=\"font-size: small;\"><b>(Aufgrund von Renovierungsarbeiten ist die H\u00f6hle vor\u00fcbergehend geschlossen !!! Wir besuchen stattdessen den Park der griechischen Mythologie\/der Eintritt kostet 6\u20ac)<\/b><\/span><\/span><\/span><\/p>\n<p>Danach machen wir unseren Weg auf die Hochebene selbst auf der wir eine lokale Taverne besuchen in der wir unseren Appetit mit einer Auswahl von typischen regionalen Spezialit\u00e4ten (vegetarische Option verf\u00fcgbar) und kretischem Wein stillen k\u00f6nnen.<\/p>\n<p>Gest\u00e4rkt fahren wir weiter in das Dorf Krassi, dass f\u00fcr seine 2000 Jahre alte Platane bekannt ist und \u00fcber eine nat\u00fcrliche Wasserquelle verf\u00fcgt. Auf unserem R\u00fcckweg aus Krassi fahren wir an einigen Olivenbaumplantagen vorbei und werden die spektakul\u00e4re K\u00fcste Kretas mit ihren tiefblauen Gew\u00e4ssern bewundern k\u00f6nnen. Es ist ein Tag voller \u00dcberraschungen und H\u00f6hepunkten. Dieses gro\u00dfe Abenteuer werden Sie sicher nie vergessen.<\/p>\n<p>&nbsp;<\/p>\n<ul>\n<li>Aposelimi Damm = Die versunkene Stadt von Sfendili<\/li>\n<li>Lyttos = R\u00f6misches Aqu\u00e4dukt<\/li>\n<li>Kastamonitsa = Raki + Oliven \u00d6l Verkostung<\/li>\n<li>Sch\u00e4fer = Ziegen F\u00fctterung + K\u00e4se Verkostung<\/li>\n<li>Minoischer Pfad = Aussichtspunkt<\/li>\n<li>Psychro = H\u00f6hle des Zeus oder Park der griechischen Mythologie<\/li>\n<li>Mittagessen = Traditionelles kretanisches Essen mit lokalem Wein und Wasser<\/li>\n<li>Krassi= 2000 Jahre alter Baum<\/li>\n<\/ul>\n","protected":false},"excerpt":{"rendered":"<p>Machen Sie die Erfahrung Zentral-Kretas mit seinen uralten Pfaden und seiner reichen Tier- und Pflanzenwelt kennen zu lernen sowie viele Informationen \u00fcber das lokale Leben und Kreta zu bekommen. Unsere Reise beginnt an Ihrem Hotel sobald Sie Ihren Fahrer treffen und f\u00fchrt uns zu Beginn durch die spektakul\u00e4ren Berge Kretas zum Becken von Aposelemis, einem&hellip;<\/p>\n","protected":false},"featured_media":54185,"comment_status":"open","ping_status":"closed","template":"","meta":[],"product_brand":[],"product_cat":[1418],"product_tag":[1464,1468,1469,1471,1467,1465,1470,1466,1472,1497,1475,1477,1473,1476,1474],"class_list":{"0":"post-56804","1":"product","2":"type-product","3":"status-publish","4":"has-post-thumbnail","6":"product_cat-land-rover-safari-de","7":"product_tag-land-rover-jeepsafari-von-ammoudara","8":"product_tag-land-rover-jeepsafari-von-analipsi","9":"product_tag-land-rover-jeepsafari-von-anissaras","10":"product_tag-land-rover-jeepsafari-von-chersonissos","11":"product_tag-land-rover-jeepsafari-von-gouves","12":"product_tag-land-rover-jeepsafari-von-heraklion","13":"product_tag-land-rover-jeepsafari-von-hersonissos","14":"product_tag-land-rover-jeepsafari-von-kokkini-hani","15":"product_tag-land-rover-jeepsafari-von-koutouloufari","16":"product_tag-lyttos-beach-de","17":"product_tag-land-rover-jeepsafari-von-malia","18":"product_tag-land-rover-jeepsafari-von-milatos","19":"product_tag-land-rover-jeepsafari-von-piskopiano","20":"product_tag-land-rover-jeepsafari-von-sissi","21":"product_tag-land-rover-jeepsafari-von-stalis","22":"description-off","24":"first","25":"instock","26":"sold-individually","27":"shipping-taxable","28":"purchasable","29":"product-type-simple"},"_links":{"self":[{"href":"https:\/\/safariclub.gr\/de\/wp-json\/wp\/v2\/product\/56804","targetHints":{"allow":["GET"]}}],"collection":[{"href":"https:\/\/safariclub.gr\/de\/wp-json\/wp\/v2\/product"}],"about":[{"href":"https:\/\/safariclub.gr\/de\/wp-json\/wp\/v2\/types\/product"}],"replies":[{"embeddable":true,"href":"https:\/\/safariclub.gr\/de\/wp-json\/wp\/v2\/comments?post=56804"}],"wp:featuredmedia":[{"embeddable":true,"href":"https:\/\/safariclub.gr\/de\/wp-json\/wp\/v2\/media\/54185"}],"wp:attachment":[{"href":"https:\/\/safariclub.gr\/de\/wp-json\/wp\/v2\/media?parent=56804"}],"wp:term":[{"taxonomy":"product_brand","embeddable":true,"href":"https:\/\/safariclub.gr\/de\/wp-json\/wp\/v2\/product_brand?post=56804"},{"taxonomy":"product_cat","embeddable":true,"href":"https:\/\/safariclub.gr\/de\/wp-json\/wp\/v2\/product_cat?post=56804"},{"taxonomy":"product_tag","embeddable":true,"href":"https:\/\/safariclub.gr\/de\/wp-json\/wp\/v2\/product_tag?post=56804"}],"curies":[{"name":"wp","href":"https:\/\/api.w.org\/{rel}","templated":true}]}}