{"id":56251,"date":"2021-06-30T07:38:35","date_gmt":"2021-06-30T07:38:35","guid":{"rendered":"https:\/\/safariclub.gr\/product\/vlychadia-route\/"},"modified":"2024-11-27T13:11:56","modified_gmt":"2024-11-27T11:11:56","slug":"vlychadia-route","status":"publish","type":"product","link":"https:\/\/safariclub.gr\/de\/produkt\/vlychadia-route\/","title":{"rendered":"Vlychadia Route"},"content":{"rendered":"<p>Lernen Sie den nord\u00f6stlichen Teil Kretas kennen und erkunden Sie die Wildnis, die Flora, die Fauna, die traditionellen D\u00f6rfer und erhalten Sie interessante Informationen \u00fcber Kreta und das Leben vor Ort.<\/p>\n<p>Nachdem Sie von Ihrem Hotel abgeholt wurden, fahren wir zu unserem ersten Halt an der Milatos-H\u00f6hle. Der Eingang der H\u00f6hle ist ein 200 Meter langer Fu\u00dfmarsch \u00fcber einen alten Fu\u00dfweg. Die H\u00f6hle bietet einen atemberaubenden Panoramablick auf die Bucht von Milatos, ein Denkmal und lokale Legenden. Anschlie\u00dfend gibt es eine Verkostung von lokalem Oliven\u00f6l und Honig.<\/p>\n<p>Wir fahren die Berge hinauf zur Ostseite der Insel und besuchen das Kloster Xera Xyla. Wir werden Ziegen in ihrer Umgebung beobachten und Kr\u00e4uter sammeln. Nach einem kleinen Spaziergang setzen wir unsere Reise durch die Berge und das kleine Dorf Nofalia fort, wo die Zeit praktisch stehen geblieben ist.<\/p>\n<p>Wir machen uns auf den Weg nach Vlichadia, das an der Nordk\u00fcste des Mirabello-Gebietes liegt. Es ist eine kleine Siedlung am Meer mit einem kleinen Felsenstrand vor dem Dorf, wo wir uns mit einem Bad abk\u00fchlen k\u00f6nnen.<\/p>\n<p>Um die sch\u00f6ne Aussicht noch ein wenig l\u00e4nger genie\u00dfen zu k\u00f6nnen, kehren wir zu einem k\u00f6stlichen traditionellen Mittagessen mit unbegrenzter Weinauswahl (Vegetarische- und Kinderoption verf\u00fcgbar) direkt am Meer ein.<br \/>\nFrisch gest\u00e4rkt geht es zur\u00fcck in die Berge zur Havgas-Schlucht, wo Sie einen Helikopterblick auf die Insel Spinalonga haben, bevor wir langsam zu unserem letzten Halt im traditionellen Dorf Fourni fahren, wo Sie Raki probieren k\u00f6nnen, bevor wir zu Ihrem Hotel zur\u00fcckfahren.<\/p>\n<p class=\"western\" lang=\"en-US\">Dies ist ein Tag voller \u00dcberraschungen und die Aufregung ist un\u00fcbertrefflich, Sie werden diesen lustigen Tag mit SAFARI CLUB sicher nicht vergessen!!!<\/p>\n<p lang=\"en-US\">Highlghts:<\/p>\n<ul>\n<li lang=\"en-US\">Abholung vom Hotel<\/li>\n<li lang=\"en-US\">H\u00f6hle von Milatos = Besuch der H\u00f6hle<\/li>\n<li lang=\"en-US\">Verkostung = Oliven\u00f6l<\/li>\n<li lang=\"en-US\">Kloster von Xera Xyla = Besichtigung<\/li>\n<li lang=\"en-US\">Kr\u00e4uterpfl\u00fccken = Genie\u00dfen Sie den Geruch und den einzigartigen Geschmack<\/li>\n<li lang=\"en-US\">Traditionelle Dorf = Zeit f\u00fcr einen kleinen Spaziergang<\/li>\n<li lang=\"en-US\">Vlichadia Beach = Zeit zum Schwimmen<\/li>\n<li lang=\"en-US\">Mittagessen = Traditionelles kretisches Essen mit lokalem Wein und Wasser<\/li>\n<li lang=\"en-US\">Aussichtspunkt = \u00fcber Spinalonga<\/li>\n<li lang=\"en-US\">Fourni = Raki-Verkostung<\/li>\n<\/ul>\n","protected":false},"excerpt":{"rendered":"<p>Lernen Sie den nord\u00f6stlichen Teil Kretas kennen und erkunden Sie die Wildnis, die Flora, die Fauna, die traditionellen D\u00f6rfer und erhalten Sie interessante Informationen \u00fcber Kreta und das Leben vor Ort. Nachdem Sie von Ihrem Hotel abgeholt wurden, fahren wir zu unserem ersten Halt an der Milatos-H\u00f6hle. Der Eingang der H\u00f6hle ist ein 200 Meter&hellip;<\/p>\n","protected":false},"featured_media":54511,"comment_status":"open","ping_status":"closed","template":"","meta":[],"product_brand":[],"product_cat":[1418],"product_tag":[],"class_list":{"0":"post-56251","1":"product","2":"type-product","3":"status-publish","4":"has-post-thumbnail","6":"product_cat-land-rover-safari-de","7":"description-off","9":"first","10":"instock","11":"sold-individually","12":"shipping-taxable","13":"purchasable","14":"product-type-simple"},"_links":{"self":[{"href":"https:\/\/safariclub.gr\/de\/wp-json\/wp\/v2\/product\/56251","targetHints":{"allow":["GET"]}}],"collection":[{"href":"https:\/\/safariclub.gr\/de\/wp-json\/wp\/v2\/product"}],"about":[{"href":"https:\/\/safariclub.gr\/de\/wp-json\/wp\/v2\/types\/product"}],"replies":[{"embeddable":true,"href":"https:\/\/safariclub.gr\/de\/wp-json\/wp\/v2\/comments?post=56251"}],"wp:featuredmedia":[{"embeddable":true,"href":"https:\/\/safariclub.gr\/de\/wp-json\/wp\/v2\/media\/54511"}],"wp:attachment":[{"href":"https:\/\/safariclub.gr\/de\/wp-json\/wp\/v2\/media?parent=56251"}],"wp:term":[{"taxonomy":"product_brand","embeddable":true,"href":"https:\/\/safariclub.gr\/de\/wp-json\/wp\/v2\/product_brand?post=56251"},{"taxonomy":"product_cat","embeddable":true,"href":"https:\/\/safariclub.gr\/de\/wp-json\/wp\/v2\/product_cat?post=56251"},{"taxonomy":"product_tag","embeddable":true,"href":"https:\/\/safariclub.gr\/de\/wp-json\/wp\/v2\/product_tag?post=56251"}],"curies":[{"name":"wp","href":"https:\/\/api.w.org\/{rel}","templated":true}]}}