{"id":56233,"date":"2021-06-30T10:29:16","date_gmt":"2021-06-30T10:29:16","guid":{"rendered":"https:\/\/safariclub.gr\/product\/traditionell-chania\/"},"modified":"2021-07-03T11:42:13","modified_gmt":"2021-07-03T11:42:13","slug":"traditionell-chania","status":"publish","type":"product","link":"https:\/\/safariclub.gr\/de\/produkt\/traditionell-chania\/","title":{"rendered":"Traditionell Chania"},"content":{"rendered":"<p>Kombinieren Sie eine einzigartige gef\u00fchrte Jeep-Tour in den Wei\u00dfen Bergen von Kreta mit Panoramablick, traditionellen kretischen D\u00f6rfern, lernen Sie die Geschichte und die Traditionen der Insel kennen und erfahren Sie alles \u00fcber den Lebensstil eines kretischen Hirten, indem Sie eine originale Hirtenh\u00fctte erkunden. Genie\u00dfen Sie die einzigartige Aussicht auf Chania von \u00fcber 1350m und treffen Sie die Kretischen Wildtiere mit Hilfe unserer 4&#215;4 Jeeps, die von erfahrenen deutsch sprechenden Begleitern gefahren werden.<br \/>\nUnser erstaunliches Offroad-Abenteuer beginnt nach der Durchquerung des Tals voller Orangenb\u00e4ume, Avocados und Gem\u00fcseg\u00e4rten. Wir steigen vom Fu\u00dfe der Wei\u00dfen Berge hinauf und fahren durch kretische D\u00f6rfer, die Ihnen das Gef\u00fchl geben, im Gebirge zu sein. Wir kommen in unserem Kaffeehaus an, um unsere morgendliche Pause zu genie\u00dfen. Kaffee oder Bergtee wird unseren G\u00e4sten kostenlos angeboten, w\u00e4hrend wir das Dorfleben weit weg vom Massentourismus genie\u00dfen. Weiter geht es auf der Offroad-Route hinauf zur Hirtenh\u00fctte &#8220;Mitato&#8221;, weit weg von touristischen Gebieten, wo sich nur ein Allrad Fahrzeug bewegen kann, genie\u00dfen Sie den herrlichen Panoramablick auf Nord-Kreta und, wenn wir Gl\u00fcck haben &#8230;sehen wir Adler, und wilde Ziegen werden auftauchen und uns einen guten Grund f\u00fcr einige zus\u00e4tzliche Fotostopps geben.<br \/>\nEine kleine steinige Stra\u00dfe f\u00fchrt uns zum h\u00f6chsten Punkt unserer Reise auf 1350 Metern H\u00f6he im Herzen der Wei\u00dfen Berge Kretas, wo Sie alles \u00fcber den Lebensstil eines Hirten erfahren, wo der ber\u00fchmte kretische &#8220;Graviera&#8221; -K\u00e4se hergestellt wurde Erkunden Sie eine originale Sch\u00e4ferh\u00fctte &#8220;Mitato&#8221;.<br \/>\nAuf unserem R\u00fcckweg genie\u00dfen wir den besten Panoramablick \u00fcber Chania von oben bis wir im Therisso Dorf ankommen und Appetit bekommen, hier besuchen wir eine kleine traditionelle kretische Taverne, wo wir vom Besitzer begr\u00fc\u00dft werden, um uns die kretische K\u00fcche zu pr\u00e4sentieren viel Essen, Wein und warme kretische Gastfreundschaft.<br \/>\nNach unserer Mittagspause folgen wir der Stra\u00dfe durch die faszinierende Schlucht von Therisso, die uns in die Stadt Chania f\u00fchrt.<\/p>\n<ul>\n<li>Das Herz der Wei\u00dfen Berge besuchen<\/li>\n<li>Ein Besuch einer urspr\u00fcnglichen Hirtenh\u00fctte &#8220;Mitato&#8221; auf 1400m<\/li>\n<li>Halt in einem Caf\u00e9 im Dorf<\/li>\n<li>Mittagessen mit traditionellen kretischen Speisen und Weinen.<\/li>\n<li>Bester Panoramablick auf Chania von oben<\/li>\n<\/ul>\n","protected":false},"excerpt":{"rendered":"<p>Kombinieren Sie eine einzigartige gef\u00fchrte Jeep-Tour in den Wei\u00dfen Bergen von Kreta mit Panoramablick, traditionellen kretischen D\u00f6rfern, lernen Sie die Geschichte und die Traditionen der Insel kennen und erfahren Sie alles \u00fcber den Lebensstil eines kretischen Hirten, indem Sie eine originale Hirtenh\u00fctte erkunden. Genie\u00dfen Sie die einzigartige Aussicht auf Chania von \u00fcber 1350m und treffen&hellip;<\/p>\n","protected":false},"featured_media":53526,"comment_status":"open","ping_status":"closed","template":"","meta":[],"product_brand":[],"product_cat":[1418],"product_tag":[],"class_list":{"0":"post-56233","1":"product","2":"type-product","3":"status-publish","4":"has-post-thumbnail","6":"product_cat-land-rover-safari-de","7":"description-off","9":"first","10":"instock","11":"sold-individually","12":"shipping-taxable","13":"purchasable","14":"product-type-simple"},"_links":{"self":[{"href":"https:\/\/safariclub.gr\/de\/wp-json\/wp\/v2\/product\/56233","targetHints":{"allow":["GET"]}}],"collection":[{"href":"https:\/\/safariclub.gr\/de\/wp-json\/wp\/v2\/product"}],"about":[{"href":"https:\/\/safariclub.gr\/de\/wp-json\/wp\/v2\/types\/product"}],"replies":[{"embeddable":true,"href":"https:\/\/safariclub.gr\/de\/wp-json\/wp\/v2\/comments?post=56233"}],"wp:featuredmedia":[{"embeddable":true,"href":"https:\/\/safariclub.gr\/de\/wp-json\/wp\/v2\/media\/53526"}],"wp:attachment":[{"href":"https:\/\/safariclub.gr\/de\/wp-json\/wp\/v2\/media?parent=56233"}],"wp:term":[{"taxonomy":"product_brand","embeddable":true,"href":"https:\/\/safariclub.gr\/de\/wp-json\/wp\/v2\/product_brand?post=56233"},{"taxonomy":"product_cat","embeddable":true,"href":"https:\/\/safariclub.gr\/de\/wp-json\/wp\/v2\/product_cat?post=56233"},{"taxonomy":"product_tag","embeddable":true,"href":"https:\/\/safariclub.gr\/de\/wp-json\/wp\/v2\/product_tag?post=56233"}],"curies":[{"name":"wp","href":"https:\/\/api.w.org\/{rel}","templated":true}]}}