{"id":56231,"date":"2021-06-30T10:22:39","date_gmt":"2021-06-30T10:22:39","guid":{"rendered":"https:\/\/safariclub.gr\/product\/omalos-route\/"},"modified":"2021-07-03T11:38:19","modified_gmt":"2021-07-03T11:38:19","slug":"omalos-route","status":"publish","type":"product","link":"https:\/\/safariclub.gr\/de\/produkt\/omalos-route\/","title":{"rendered":"Omalos Route"},"content":{"rendered":"<p>Unser Tag ist der perfekte Weg, die felsigen Berge von West-Kreta, mit den sch\u00f6nen Schluchten und Plateaus, eine herrliche Aussicht und weit entfernte Orte zu entdecken, die nur von Land Rovern erreicht werden k\u00f6nnen.<\/p>\n<p>Unser Tag beginnt, indem wir durch die gewaltigen Orangenhaine von Westkreta fahren in Richtung der Schlucht von Therisso , eine erstaunliche und wundervolle Reise. Hier halten wir f\u00fcr einen Kaffee, um die kretische Lebensweise kennen zu lernen und wir haben die M\u00f6glichkeit, das Dorf zu sehen, das an der Revolution von Kreta beteiligt war. Nach dem Kaffee, beginnen wir zu den &#8220;Wei\u00dfen Bergen&#8221; zu fahren wo wir einen weiteren Halt am Dorf Lakoi machen. Dort erhalten Sie die Chance, ein paar Fotos zu machen bevor unser Offroad-Abenteuer beginnt.<\/p>\n<p>Eine kleine Stra\u00dfe f\u00fchrt uns an den h\u00f6chsten Punkt des Tages, wo wir die Chance bekommen, die Samaria-Schlucht, aus der Vogelperspektive zu sehen und wir haben die M\u00f6glichkeit, viele vom Aussterben bedrohte Tierarten wie Geier und Adler zu beobachten. Auf der Fahrt zur Hochebene von Omalos sollten sie sich Appetit machen denn dort werden wir eine kleine traditionelle Taverne besuchen, die am Rande der Samaria-Schlucht liegt. Dort werden wir mit der ber\u00fchmten kretischen Gastfreundschaft von Aristotelis dem Besitzer begr\u00fc\u00dft, der uns die kretische K\u00fcche\u00a0 vorstellt und viel Wein serviert. Genug Freizeit wird ebenfalls angeboten, so dass Sie die Umgebung erkunden und wilde Kri-Kri in ihrem nat\u00fcrlichen Lebensraum beobachten k\u00f6nnen.<\/p>\n<p>Nach dem Mittagessen fahren wir durch die Hochebene von Omalos, wo die Zeit so gut wie still steht. Die Menschen vor Ort sind vor allem Bauern und sie werden viele Ziegen, Schafe und sogar einige Esel bei der Arbeit sehen. Wir werden einen kurzen Abstecher machen um das Dorf Sebronas zu besuchen, wo wir dem Weg des Flusses folgen. Wir machen einen Halt im Wald um frisches Wasser zu bekommen. Dann machen wir einen letzten Halt in dem Dorf Vouves, wo wir die Chance bekommen, den weltweit \u00e4ltesten Olivenbaum zu sehen, w\u00e4hrend Sie einen Kaffee oder Raki genie\u00dfen, bevor wir Ihre Hotels erreichen.<\/p>\n<p>Dies ist ein Tag voll von vielen \u00dcberraschungen und die Unterhaltung ist un\u00fcbertroffen, sicherlich werden Sie diesen Tag und das GROSSE ABENTEUER nicht so schnell vergessen !!<\/p>\n<ul>\n<li>Orangen Haine<\/li>\n<li>Therisso Schlucht = Kaffe Pause<\/li>\n<li>`Wei\u00dfe Berge`<\/li>\n<li>Lakoi = Aussichtspunkt<\/li>\n<li>H\u00f6chster Punkt = Aussichtspunkt<\/li>\n<li>Omalos Hochebene = Mittagessen<\/li>\n<li>Sebronas = Frischwasser Stop<\/li>\n<li>Vouves = \u00c4ltester Olivenbaum der Welt<\/li>\n<\/ul>\n","protected":false},"excerpt":{"rendered":"<p>Unser Tag ist der perfekte Weg, die felsigen Berge von West-Kreta, mit den sch\u00f6nen Schluchten und Plateaus, eine herrliche Aussicht und weit entfernte Orte zu entdecken, die nur von Land Rovern erreicht werden k\u00f6nnen. Unser Tag beginnt, indem wir durch die gewaltigen Orangenhaine von Westkreta fahren in Richtung der Schlucht von Therisso , eine erstaunliche&hellip;<\/p>\n","protected":false},"featured_media":53541,"comment_status":"open","ping_status":"closed","template":"","meta":[],"product_brand":[],"product_cat":[1418],"product_tag":[],"class_list":{"0":"post-56231","1":"product","2":"type-product","3":"status-publish","4":"has-post-thumbnail","6":"product_cat-land-rover-safari-de","7":"description-off","9":"first","10":"instock","11":"sold-individually","12":"shipping-taxable","13":"product-type-simple"},"_links":{"self":[{"href":"https:\/\/safariclub.gr\/de\/wp-json\/wp\/v2\/product\/56231","targetHints":{"allow":["GET"]}}],"collection":[{"href":"https:\/\/safariclub.gr\/de\/wp-json\/wp\/v2\/product"}],"about":[{"href":"https:\/\/safariclub.gr\/de\/wp-json\/wp\/v2\/types\/product"}],"replies":[{"embeddable":true,"href":"https:\/\/safariclub.gr\/de\/wp-json\/wp\/v2\/comments?post=56231"}],"wp:featuredmedia":[{"embeddable":true,"href":"https:\/\/safariclub.gr\/de\/wp-json\/wp\/v2\/media\/53541"}],"wp:attachment":[{"href":"https:\/\/safariclub.gr\/de\/wp-json\/wp\/v2\/media?parent=56231"}],"wp:term":[{"taxonomy":"product_brand","embeddable":true,"href":"https:\/\/safariclub.gr\/de\/wp-json\/wp\/v2\/product_brand?post=56231"},{"taxonomy":"product_cat","embeddable":true,"href":"https:\/\/safariclub.gr\/de\/wp-json\/wp\/v2\/product_cat?post=56231"},{"taxonomy":"product_tag","embeddable":true,"href":"https:\/\/safariclub.gr\/de\/wp-json\/wp\/v2\/product_tag?post=56231"}],"curies":[{"name":"wp","href":"https:\/\/api.w.org\/{rel}","templated":true}]}}