{"id":56070,"date":"2021-06-24T09:56:28","date_gmt":"2021-06-24T09:56:29","guid":{"rendered":"https:\/\/safariclub.gr\/?post_type=product&#038;p=56070"},"modified":"2022-06-01T05:12:09","modified_gmt":"2022-06-01T05:12:09","slug":"lasinthos-route","status":"publish","type":"product","link":"https:\/\/safariclub.gr\/de\/produkt\/lasinthos-route\/","title":{"rendered":"Lasinthos Route"},"content":{"rendered":"<p>Erleben Sie mit uns eine Kombination aus Offroad-Erkundung mit herrlichem Blick auf unsere wundersch\u00f6ne Insel und lernen Sie Traditionen, Handwerk und Kochen wie fr\u00fcher im einzigartigen Lasinthos Eco Park kennen.<\/p>\n<p>Ihr Fahrer holt Sie von Ihrem Hotel ab und schl\u00e4ngelt sich mit Blick auf die K\u00fcste die Berge hinauf, um ein kleines Bergdorf namens Mochos zu besuchen, in dem wir Zeit f\u00fcr einen kleinen Spaziergang haben.<\/p>\n<p>Danach fahren wir entlang der vielen Olivenhaine, wo Sie am Stra\u00dfenrand Kr\u00e4uter und Wildblumen finden, die seit vielen Generationen f\u00fcr ihre Heilkraft verwendet werden, bis wir den Aposelemi-Damm erreichen.<\/p>\n<p>Auf Feldwegen machen wir uns auf den Weg zu einem Besuch im Kloster von Vidiani mit seinem lebensspendenden Brunnen, bevor wir den Lasinthos Eco Park erreichen. Hier haben Sie die M\u00f6glichkeit, selbst aktiv zu werden, wenn Sie in die Herstellung von Keramik und Holzschnitzerei eingef\u00fchrt werden. Danach k\u00f6nnen Sie einen Spaziergang durch den kleinen<br \/>\nZoo kretischer Tiere machen, bevor Sie Gem\u00fcse f\u00fcr die darauffolgende Kochstunde pfl\u00fccken. Wenn Sie beobachten, wie die lokalen Produkte auf einzigartige Weise zubereitet werden, haben Sie Appetit auf die inklusive Mahlzeit, mit so viel lokalem Wein und Wasser, wie Sie m\u00f6chten.<\/p>\n<p>Erfrischt setzen wir unsere Reise zu einer Oliven\u00f6lfabrik fort, in der Sie mehr \u00fcber die Herstellung des \u00d6ls erfahren, das f\u00fcr Ihre vorherige Mahlzeit verwendet wurde. W\u00e4hrend wir weiterfahren, erreichen wir das Dorf Krassi, das f\u00fcr eine 2.000 Jahre alte Platane bekannt ist und eine nat\u00fcrliche Quellwasserquelle hat, bevor wir zu Ihrem Hotel zur\u00fcckkehren. Dies ist ein Tag voller \u00dcberraschungen und die Aufregung ist un\u00fcbertroffen. Sie werden Ihren unterhaltsamen Tag auf unserem GROSSEN ABENTEUER sicherlich nicht vergessen!<br \/>\nWir folgen der Regierungsverordnung des COVID-19.<\/p>\n","protected":false},"excerpt":{"rendered":"<p>Erleben Sie mit uns eine Kombination aus Offroad-Erkundung mit herrlichem Blick auf unsere wundersch\u00f6ne Insel und lernen Sie Traditionen, Handwerk und Kochen wie fr\u00fcher im einzigartigen Lasinthos Eco Park kennen. Ihr Fahrer holt Sie von Ihrem Hotel ab und schl\u00e4ngelt sich mit Blick auf die K\u00fcste die Berge hinauf, um ein kleines Bergdorf namens Mochos&hellip;<\/p>\n","protected":false},"featured_media":55916,"comment_status":"open","ping_status":"closed","template":"","meta":[],"product_brand":[],"product_cat":[1418],"product_tag":[1464,1468,1469,1471,1467,1465,1470,1466,1472,1475,1477,1473,1476,1474],"class_list":{"0":"post-56070","1":"product","2":"type-product","3":"status-publish","4":"has-post-thumbnail","6":"product_cat-land-rover-safari-de","7":"product_tag-land-rover-jeepsafari-von-ammoudara","8":"product_tag-land-rover-jeepsafari-von-analipsi","9":"product_tag-land-rover-jeepsafari-von-anissaras","10":"product_tag-land-rover-jeepsafari-von-chersonissos","11":"product_tag-land-rover-jeepsafari-von-gouves","12":"product_tag-land-rover-jeepsafari-von-heraklion","13":"product_tag-land-rover-jeepsafari-von-hersonissos","14":"product_tag-land-rover-jeepsafari-von-kokkini-hani","15":"product_tag-land-rover-jeepsafari-von-koutouloufari","16":"product_tag-land-rover-jeepsafari-von-malia","17":"product_tag-land-rover-jeepsafari-von-milatos","18":"product_tag-land-rover-jeepsafari-von-piskopiano","19":"product_tag-land-rover-jeepsafari-von-sissi","20":"product_tag-land-rover-jeepsafari-von-stalis","21":"description-off","23":"first","24":"instock","25":"sold-individually","26":"shipping-taxable","27":"product-type-simple"},"_links":{"self":[{"href":"https:\/\/safariclub.gr\/de\/wp-json\/wp\/v2\/product\/56070","targetHints":{"allow":["GET"]}}],"collection":[{"href":"https:\/\/safariclub.gr\/de\/wp-json\/wp\/v2\/product"}],"about":[{"href":"https:\/\/safariclub.gr\/de\/wp-json\/wp\/v2\/types\/product"}],"replies":[{"embeddable":true,"href":"https:\/\/safariclub.gr\/de\/wp-json\/wp\/v2\/comments?post=56070"}],"wp:featuredmedia":[{"embeddable":true,"href":"https:\/\/safariclub.gr\/de\/wp-json\/wp\/v2\/media\/55916"}],"wp:attachment":[{"href":"https:\/\/safariclub.gr\/de\/wp-json\/wp\/v2\/media?parent=56070"}],"wp:term":[{"taxonomy":"product_brand","embeddable":true,"href":"https:\/\/safariclub.gr\/de\/wp-json\/wp\/v2\/product_brand?post=56070"},{"taxonomy":"product_cat","embeddable":true,"href":"https:\/\/safariclub.gr\/de\/wp-json\/wp\/v2\/product_cat?post=56070"},{"taxonomy":"product_tag","embeddable":true,"href":"https:\/\/safariclub.gr\/de\/wp-json\/wp\/v2\/product_tag?post=56070"}],"curies":[{"name":"wp","href":"https:\/\/api.w.org\/{rel}","templated":true}]}}