{"id":55999,"date":"2021-05-27T06:58:35","date_gmt":"2021-05-27T06:58:35","guid":{"rendered":"https:\/\/safariclub.gr\/product\/private\/"},"modified":"2021-07-03T11:44:16","modified_gmt":"2021-07-03T11:44:16","slug":"private","status":"publish","type":"product","link":"https:\/\/safariclub.gr\/de\/produkt\/private\/","title":{"rendered":"Private"},"content":{"rendered":"<p>Alle unsere Routen k\u00f6nnen auch als Private Tour gebucht werden. Mit Abholung von Ihrer Unterkunft oder auch vom Hafen an dem Sie mit einem Kreuzfahrtsschiff anlegen.<\/p>\n<p>Dies ist der perfekte Weg um Kreta mit einer kleinen Gruppe von maximal 8 Personen pro Fahzeug kennen zu lernen. Ihr Fahrer, der ebenfalls Ihr pers\u00f6nlicher Reiseleiter f\u00fcr den Tag ist, hat Zeit um sich ganz\u00a0Individuell um alle G\u00e4ste zu k\u00fcmmern und hat Ihre ungeteilte Aufmerksamkeit.<\/p>\n<p>Es ist ideal f\u00fcr diejenigen, die ihren eigenen Tag oder Programm f\u00fcr jeden Teil der Insel, jeden Tag des Jahres anpassen m\u00f6chten !!<\/p>\n<p>Sie k\u00f6nnen nach Ihren W\u00fcnschen angepasst und mit Teambuilding-Aktivit\u00e4ten aufger\u00fcstet werden:<\/p>\n<ul>\n<li>Kochkurse<\/li>\n<li>K\u00e4se Herstellung<\/li>\n<li>Wandern und vieles mehr &#8230;<\/li>\n<\/ul>\n","protected":false},"excerpt":{"rendered":"<p>Alle unsere Routen k\u00f6nnen auch als Private Tour gebucht werden. Mit Abholung von Ihrer Unterkunft oder auch vom Hafen an dem Sie mit einem Kreuzfahrtsschiff anlegen. Dies ist der perfekte Weg um Kreta mit einer kleinen Gruppe von maximal 8 Personen pro Fahzeug kennen zu lernen. Ihr Fahrer, der ebenfalls Ihr pers\u00f6nlicher Reiseleiter f\u00fcr den&hellip;<\/p>\n","protected":false},"featured_media":53532,"comment_status":"open","ping_status":"closed","template":"","meta":[],"product_brand":[],"product_cat":[1418],"product_tag":[],"class_list":{"0":"post-55999","1":"product","2":"type-product","3":"status-publish","4":"has-post-thumbnail","6":"product_cat-land-rover-safari-de","7":"description-off","9":"first","10":"instock","11":"sold-individually","12":"shipping-taxable","13":"purchasable","14":"product-type-simple"},"_links":{"self":[{"href":"https:\/\/safariclub.gr\/de\/wp-json\/wp\/v2\/product\/55999","targetHints":{"allow":["GET"]}}],"collection":[{"href":"https:\/\/safariclub.gr\/de\/wp-json\/wp\/v2\/product"}],"about":[{"href":"https:\/\/safariclub.gr\/de\/wp-json\/wp\/v2\/types\/product"}],"replies":[{"embeddable":true,"href":"https:\/\/safariclub.gr\/de\/wp-json\/wp\/v2\/comments?post=55999"}],"wp:featuredmedia":[{"embeddable":true,"href":"https:\/\/safariclub.gr\/de\/wp-json\/wp\/v2\/media\/53532"}],"wp:attachment":[{"href":"https:\/\/safariclub.gr\/de\/wp-json\/wp\/v2\/media?parent=55999"}],"wp:term":[{"taxonomy":"product_brand","embeddable":true,"href":"https:\/\/safariclub.gr\/de\/wp-json\/wp\/v2\/product_brand?post=55999"},{"taxonomy":"product_cat","embeddable":true,"href":"https:\/\/safariclub.gr\/de\/wp-json\/wp\/v2\/product_cat?post=55999"},{"taxonomy":"product_tag","embeddable":true,"href":"https:\/\/safariclub.gr\/de\/wp-json\/wp\/v2\/product_tag?post=55999"}],"curies":[{"name":"wp","href":"https:\/\/api.w.org\/{rel}","templated":true}]}}