{"id":55996,"date":"2021-05-26T12:05:51","date_gmt":"2021-05-26T12:05:51","guid":{"rendered":"https:\/\/safariclub.gr\/product\/preveli-route\/"},"modified":"2021-07-05T12:21:34","modified_gmt":"2021-07-05T12:21:34","slug":"preveli-route","status":"publish","type":"product","link":"https:\/\/safariclub.gr\/de\/produkt\/preveli-route\/","title":{"rendered":"Preveli Route"},"content":{"rendered":"<p>Der von uns geplante Tag bietet ihnen die perfekte M\u00f6glichkeit und die einmalige Gelegenheit, den s\u00fcdlichen Teil Kretas mit seinen Bergen, den Schluchten und den wundersch\u00f6nen Palmenstr\u00e4nden kennenzulernen.<\/p>\n<p>Wir beginnen in der Wildnis und in berauschender H\u00f6he, wo Sie einen einmaligen Panoramablick auf Schluchten genie\u00dfen werden und die vom Aussterben bedrohten Geier bei Ihren Raubz\u00fcgen beobachten k\u00f6nnen. Wir fahren durch kleine D\u00f6rfer voller Charakter und kretischer Tradition und halten am Potamon Damm wo Sie einige wahrhaft wundersch\u00f6ne Fotos schie\u00dfen k\u00f6nnen.<\/p>\n<p>Anschlie\u00dfend fahren wir zur Patsos Schlucht mit ihren imposanten Steinw\u00e4nden und interessanten nat\u00fcrlichen Eigenheiten. Hier haben wir auch Zeit, uns ein wenig auszuruhen um einen Kaffee zu trinken und das typischste kretische Getr\u00e4nke schlechthin, Raki, zu probieren.<\/p>\n<p>Alle werden vom Spili Dorf begeistert sein. Es ist bekannt f\u00fcr seine Quellengew\u00e4sser und seine L\u00f6wenkopfbrunnen. Auf dem kleinen Dorfplatz gibt es 25 L\u00f6wenk\u00f6pfe, aus denen kaltes Wasser vom Psiloritis flie\u00dft. In den kleinen Gesch\u00e4ften k\u00f6nnen Sie sich kleine Erinnerungen in Form von Souvenirs und handgemachten Kunstgegenst\u00e4nden kaufen.<\/p>\n<p>Als naechstes fuehrt uns unsere Reise ueber Feldwege und holprige Strassen, durch kleine Doerfer in denen die Zeit stehengeblieben scheint. Nachdem wir durch Kerame gefahren sind werden Sie den Panorama Blick auf die Suedkueste Kretas und dem Lybischen Meer bewundern koennen. Danach wird der Staub und Dreck des ganzen Tages am Strand von Preveli\u00a0 abgewaschen<\/p>\n<p>Preveli ist einer der wunderschoensten Straende auf der Insel. Die grossen Palmen und das kristallklare Wasser sind sogar ausgewaehlt worden um die Bacardi Fernsehwerbung zu drehen. Es ist der einzige Strand an dem Sie gleichzeitig in kaltem Bergwasser und Meerwasser schwimmen koennen.<\/p>\n<p>Um den Appetit anzuregen , gehen wir vom Strand zurueck und halten fuer eine traditionelle kretische Mahlzeit mit soviel Wein wie sie moechten. Nach dem Essen geht es weiter in die Berge fuer eine dramatische Aussicht und mehr Fotos waehrend wir durch die Kourtaliotiko Schlucht fahren. Auf dem Weg zurueck koennen Sie von der Spitze des Berges, welche nur mit einem Land Rover Fahrzeug erreicht werden kann, die ganze Stadt Rethymno ueberblicken,<\/p>\n<p>Dies ist ein Tag voller \u00dcberraschungen und die Unterhaltung ist un\u00fcbertroffen, sicherlich werden Sie diesen Tag und das GROSSE ABENTEUER nicht so schnell vergessen !!<\/p>\n<ul>\n<li>Wildnis = Adler<\/li>\n<li>Potamon Damm = Aussichtspunkt<\/li>\n<li>Patsos Schlucht = Kaffee Pause + Raki Verkostung<\/li>\n<li>Spili = 25 L\u00f6wenkopf Fontainen<\/li>\n<li>Kerame = Aussichtspunkt<\/li>\n<li>Preveli Strand = Schwimmen + Mittagessen<\/li>\n<li>Kroustaliotico Schlucht = Aussichtspunkt<\/li>\n<li>Rethymno Aussicht<\/li>\n<\/ul>\n","protected":false},"excerpt":{"rendered":"<p>Der von uns geplante Tag bietet ihnen die perfekte M\u00f6glichkeit und die einmalige Gelegenheit, den s\u00fcdlichen Teil Kretas mit seinen Bergen, den Schluchten und den wundersch\u00f6nen Palmenstr\u00e4nden kennenzulernen. Wir beginnen in der Wildnis und in berauschender H\u00f6he, wo Sie einen einmaligen Panoramablick auf Schluchten genie\u00dfen werden und die vom Aussterben bedrohten Geier bei Ihren Raubz\u00fcgen&hellip;<\/p>\n","protected":false},"featured_media":53580,"comment_status":"open","ping_status":"closed","template":"","meta":[],"product_brand":[],"product_cat":[1418],"product_tag":[1478,1479,1464,1485,1488,1492,1465,1489,1491,1490],"class_list":{"0":"post-55996","1":"product","2":"type-product","3":"status-publish","4":"has-post-thumbnail","6":"product_cat-land-rover-safari-de","7":"product_tag-land-rover-jeepsafari-von-adelianos","8":"product_tag-land-rover-jeepsafari-von-agia-pelagia","9":"product_tag-land-rover-jeepsafari-von-ammoudara","10":"product_tag-land-rover-jeepsafari-von-bali","11":"product_tag-land-rover-jeepsafari-von-fodele","12":"product_tag-land-rover-jeepsafari-von-georgioupouli","13":"product_tag-land-rover-jeepsafari-von-heraklion","14":"product_tag-land-rover-jeepsafari-von-panormo","15":"product_tag-land-rover-jeepsafari-von-rethymnon","16":"product_tag-land-rover-jeepsafari-von-skaleta","17":"description-off","19":"first","20":"instock","21":"sold-individually","22":"shipping-taxable","23":"purchasable","24":"product-type-simple"},"_links":{"self":[{"href":"https:\/\/safariclub.gr\/de\/wp-json\/wp\/v2\/product\/55996","targetHints":{"allow":["GET"]}}],"collection":[{"href":"https:\/\/safariclub.gr\/de\/wp-json\/wp\/v2\/product"}],"about":[{"href":"https:\/\/safariclub.gr\/de\/wp-json\/wp\/v2\/types\/product"}],"replies":[{"embeddable":true,"href":"https:\/\/safariclub.gr\/de\/wp-json\/wp\/v2\/comments?post=55996"}],"wp:featuredmedia":[{"embeddable":true,"href":"https:\/\/safariclub.gr\/de\/wp-json\/wp\/v2\/media\/53580"}],"wp:attachment":[{"href":"https:\/\/safariclub.gr\/de\/wp-json\/wp\/v2\/media?parent=55996"}],"wp:term":[{"taxonomy":"product_brand","embeddable":true,"href":"https:\/\/safariclub.gr\/de\/wp-json\/wp\/v2\/product_brand?post=55996"},{"taxonomy":"product_cat","embeddable":true,"href":"https:\/\/safariclub.gr\/de\/wp-json\/wp\/v2\/product_cat?post=55996"},{"taxonomy":"product_tag","embeddable":true,"href":"https:\/\/safariclub.gr\/de\/wp-json\/wp\/v2\/product_tag?post=55996"}],"curies":[{"name":"wp","href":"https:\/\/api.w.org\/{rel}","templated":true}]}}