{"id":55993,"date":"2021-05-26T12:02:01","date_gmt":"2021-05-26T12:02:01","guid":{"rendered":"https:\/\/safariclub.gr\/product\/sunset-route\/"},"modified":"2024-11-22T15:13:18","modified_gmt":"2024-11-22T13:13:18","slug":"sunset-route","status":"publish","type":"product","link":"https:\/\/safariclub.gr\/de\/produkt\/sunset-route\/","title":{"rendered":"Sunset Route"},"content":{"rendered":"<p>Genie\u00dfen Sie mit uns einen Ausflug in die H\u00f6hen der kretischen Berge, der Sie mit lokalen Informationen, Verkostungen und traditionellem Essen sowie einem atemberaubenden Sonnenuntergang begeistern wird.<\/p>\n<p>Es beginnt in dem Moment, in dem Sie von Ihrem Hotel abgeholt werden, w\u00e4hrend Ihr Fahrer Sie mit Informationen, Fakten und Anekdoten auf dem Weg unterh\u00e4lt.<\/p>\n<p>Das Pfl\u00fccken von Kr\u00e4utern, die am Wegesrand wachsen, und die Verkostung lokaler Produkte geh\u00f6ren ebenso zum Programm wie der Besuch kleiner, malerischer D\u00f6rfer, die hoch in den Bergen fernab des Tourismus versteckt liegen.<\/p>\n<p>Der H\u00f6hepunkt des Abends ist die Aussicht von einem hochgelegenen Punkt, von dem aus Sie den Sonnenuntergang mit Sekt und frischem Obst genie\u00dfen k\u00f6nnen. Halten Sie Ihren Fotoapparat bereit, denn es bieten sich tolle Fotomotive.<\/p>\n<p>Nachdem Sie sich Appetit geholt haben, gehen wir zu einem kretischen Abendessen in einer lokalen Taverne, wo Sie eine Auswahl an traditionellen Vorspeisen haben und ein Hauptgericht\u00a0 (vegetarische Option vorhanden)\u00a0 mit ein oder zwei Gl\u00e4sern Wein ohne Limit mit vielen \u00dcberraschungen genie\u00dfen k\u00f6nnen.<\/p>\n<p>Nach dem Verlassen der Taverne schl\u00e4ngeln wir uns die Bergstra\u00dfen hinunter und genie\u00dfen den Blick auf die mondbeschienene K\u00fcste mit den funkelnden Lichtern der St\u00e4dte und D\u00f6rfer, bevor wir zu Ihrem Hotel zur\u00fcckgebracht werden.<\/p>\n<p>Dies ist ein Abend voller \u00dcberraschungen. Die Aufregung ist unvergleichlich!!! Sie werden diesen lustigen Ausflug mit SAFARICLUB nicht vergessen !!!<\/p>\n<p><strong>Highlights:<\/strong><\/p>\n<ul>\n<li>Abholung vom Hotel<\/li>\n<li>Fahrt in die Berge = Kr\u00e4uter pfl\u00fccken<\/li>\n<li>Traditionelles Dorf = Besuch<\/li>\n<li>Lokale Produkte = Verkostung<\/li>\n<li>H\u00f6chste H\u00f6he = Aussichtspunkt bei Sonnenuntergang inklusive Sekt + frischem Obst<\/li>\n<li>Lokales Restaurant = Abendessen<\/li>\n<li>R\u00fcckkehr zum Hotel gegen 23.00 Uhr<\/li>\n<\/ul>\n","protected":false},"excerpt":{"rendered":"<p>Genie\u00dfen Sie mit uns einen Ausflug in die H\u00f6hen der kretischen Berge, der Sie mit lokalen Informationen, Verkostungen und traditionellem Essen sowie einem atemberaubenden Sonnenuntergang begeistern wird. Es beginnt in dem Moment, in dem Sie von Ihrem Hotel abgeholt werden, w\u00e4hrend Ihr Fahrer Sie mit Informationen, Fakten und Anekdoten auf dem Weg unterh\u00e4lt. Das Pfl\u00fccken&hellip;<\/p>\n","protected":false},"featured_media":54286,"comment_status":"open","ping_status":"closed","template":"","meta":[],"product_brand":[],"product_cat":[1418],"product_tag":[1464,1468,1469,1471,1467,1465,1470,1466,1472,1475,1473,1476,1474],"class_list":{"0":"post-55993","1":"product","2":"type-product","3":"status-publish","4":"has-post-thumbnail","6":"product_cat-land-rover-safari-de","7":"product_tag-land-rover-jeepsafari-von-ammoudara","8":"product_tag-land-rover-jeepsafari-von-analipsi","9":"product_tag-land-rover-jeepsafari-von-anissaras","10":"product_tag-land-rover-jeepsafari-von-chersonissos","11":"product_tag-land-rover-jeepsafari-von-gouves","12":"product_tag-land-rover-jeepsafari-von-heraklion","13":"product_tag-land-rover-jeepsafari-von-hersonissos","14":"product_tag-land-rover-jeepsafari-von-kokkini-hani","15":"product_tag-land-rover-jeepsafari-von-koutouloufari","16":"product_tag-land-rover-jeepsafari-von-malia","17":"product_tag-land-rover-jeepsafari-von-piskopiano","18":"product_tag-land-rover-jeepsafari-von-sissi","19":"product_tag-land-rover-jeepsafari-von-stalis","20":"description-off","22":"first","23":"instock","24":"sold-individually","25":"shipping-taxable","26":"purchasable","27":"product-type-simple"},"_links":{"self":[{"href":"https:\/\/safariclub.gr\/de\/wp-json\/wp\/v2\/product\/55993","targetHints":{"allow":["GET"]}}],"collection":[{"href":"https:\/\/safariclub.gr\/de\/wp-json\/wp\/v2\/product"}],"about":[{"href":"https:\/\/safariclub.gr\/de\/wp-json\/wp\/v2\/types\/product"}],"replies":[{"embeddable":true,"href":"https:\/\/safariclub.gr\/de\/wp-json\/wp\/v2\/comments?post=55993"}],"wp:featuredmedia":[{"embeddable":true,"href":"https:\/\/safariclub.gr\/de\/wp-json\/wp\/v2\/media\/54286"}],"wp:attachment":[{"href":"https:\/\/safariclub.gr\/de\/wp-json\/wp\/v2\/media?parent=55993"}],"wp:term":[{"taxonomy":"product_brand","embeddable":true,"href":"https:\/\/safariclub.gr\/de\/wp-json\/wp\/v2\/product_brand?post=55993"},{"taxonomy":"product_cat","embeddable":true,"href":"https:\/\/safariclub.gr\/de\/wp-json\/wp\/v2\/product_cat?post=55993"},{"taxonomy":"product_tag","embeddable":true,"href":"https:\/\/safariclub.gr\/de\/wp-json\/wp\/v2\/product_tag?post=55993"}],"curies":[{"name":"wp","href":"https:\/\/api.w.org\/{rel}","templated":true}]}}