{"id":55990,"date":"2021-05-26T11:58:46","date_gmt":"2021-05-26T11:58:46","guid":{"rendered":"https:\/\/safariclub.gr\/product\/trypiti-route\/"},"modified":"2024-11-25T13:49:48","modified_gmt":"2024-11-25T11:49:48","slug":"trypiti-route","status":"publish","type":"product","link":"https:\/\/safariclub.gr\/de\/produkt\/trypiti-route\/","title":{"rendered":"Trypiti Route"},"content":{"rendered":"<p>Unser Tag ist der perfekte Weg, um den zentralen Teil Kretas von Bergen zu Schluchten zu einem wundersch\u00f6nen Strand zu erkunden.<\/p>\n<p>Unsere Reise beginnt, wenn wir uns auf den Weg zum Mount Juktas begeben und atemberaubende Ausblicke auf die blaue Unendlichkeit der \u00c4g\u00e4is genie\u00dfen. Gott Zeus wusste, was er tat, indem er den Berg Juktas als seine letzte Ruhest\u00e4tte w\u00e4hlte.<\/p>\n<p>Von hier aus nehmen wir die Stra\u00dfe durch ausgedehnte Weinberge, wo die Minoer eine der \u00e4ltesten Weinpressen der Welt bauten. Weiter geht es nach Charakas, einem kleinen Bergdorf, wo wir die Einheimischen zu einer Kaffeepause im traditionellen Kafeneion besuchen. Wir fahren weiter \u00fcber Feldwege, holprige Stra\u00dfen durch die Olivenhaine zu unserer n\u00e4chsten Station, der Spitze der Tripitis Schlucht, wo Sie einen herrlichen Blick \u00fcber die Schlucht mit ihren verschiedenen Gesteinsschichten, kretischen Wildkr\u00e4utern und dem Libyschen Meer haben. Wenn wir nun zu einer der sch\u00f6nsten und malerischsten Schluchten Kretas hinunterfahren, halten wir an, um Ihnen die M\u00f6glichkeit zu geben, durch die Schlucht zu dem schmalen Ort zu laufen, wo Sie die kleine Kirche Panagia finden, die in den Felsen gebaut ist.<\/p>\n<p>Da Sie sicherlich Appetitbekommen haben fahren wir zum Strand von Tripitis, wo wir ein\u00a0 traditionelles Mittagessen neben dem Strand mit unbegrenztem Wein und Wasser einnehmen. Jetzt k\u00f6nnen Sie etwas Freizeit f\u00fcr ein erfrischendes Bad im Libyschen Meer genie\u00dfen, wo Sie kristallklares blaues Wasser haben und die Temperatur des Wassers immer h\u00f6her ist als in der \u00c4g\u00e4is. Dann geht es zur\u00fcck in Richtung S\u00fcdk\u00fcste, vorbei an kleinen traditionellen D\u00f6rfern voller Charakter und Interesse, bis wir uns erfrischen und unser lokales Getr\u00e4nk Raki probieren.<\/p>\n<p>Dies ist ein Tag voller \u00dcberraschungen und die Aufregung ist un\u00fcbertroffen, Sie werden sicherlich nicht Ihren lustigen Tag mit Safariclub vergessen !!!<\/p>\n<p>&nbsp;<\/p>\n<p>Juktas = Aussichtspunkt<\/p>\n<p>Weinberge = \u00e4lteste Weinpresse<\/p>\n<p>Charakas = Kaffeepause<\/p>\n<p>Von oben Tripiti Gorge = Aussichtspunkt<\/p>\n<p>In der Tripiti Schlucht = Kirche von Panagia<\/p>\n<p>Tripiti Strand = schwimmen + Mittagessen<\/p>\n<p>Traditionelles Dorf = Raki-Verkostung<\/p>\n","protected":false},"excerpt":{"rendered":"<p>Unser Tag ist der perfekte Weg, um den zentralen Teil Kretas von Bergen zu Schluchten zu einem wundersch\u00f6nen Strand zu erkunden. Unsere Reise beginnt, wenn wir uns auf den Weg zum Mount Juktas begeben und atemberaubende Ausblicke auf die blaue Unendlichkeit der \u00c4g\u00e4is genie\u00dfen. Gott Zeus wusste, was er tat, indem er den Berg Juktas&hellip;<\/p>\n","protected":false},"featured_media":54357,"comment_status":"open","ping_status":"closed","template":"","meta":[],"product_brand":[],"product_cat":[1418],"product_tag":[1479,1464,1468,1469,1471,1488,1467,1465,1470],"class_list":{"0":"post-55990","1":"product","2":"type-product","3":"status-publish","4":"has-post-thumbnail","6":"product_cat-land-rover-safari-de","7":"product_tag-land-rover-jeepsafari-von-agia-pelagia","8":"product_tag-land-rover-jeepsafari-von-ammoudara","9":"product_tag-land-rover-jeepsafari-von-analipsi","10":"product_tag-land-rover-jeepsafari-von-anissaras","11":"product_tag-land-rover-jeepsafari-von-chersonissos","12":"product_tag-land-rover-jeepsafari-von-fodele","13":"product_tag-land-rover-jeepsafari-von-gouves","14":"product_tag-land-rover-jeepsafari-von-heraklion","15":"product_tag-land-rover-jeepsafari-von-hersonissos","16":"description-off","18":"first","19":"instock","20":"sold-individually","21":"shipping-taxable","22":"purchasable","23":"product-type-simple"},"_links":{"self":[{"href":"https:\/\/safariclub.gr\/de\/wp-json\/wp\/v2\/product\/55990","targetHints":{"allow":["GET"]}}],"collection":[{"href":"https:\/\/safariclub.gr\/de\/wp-json\/wp\/v2\/product"}],"about":[{"href":"https:\/\/safariclub.gr\/de\/wp-json\/wp\/v2\/types\/product"}],"replies":[{"embeddable":true,"href":"https:\/\/safariclub.gr\/de\/wp-json\/wp\/v2\/comments?post=55990"}],"wp:featuredmedia":[{"embeddable":true,"href":"https:\/\/safariclub.gr\/de\/wp-json\/wp\/v2\/media\/54357"}],"wp:attachment":[{"href":"https:\/\/safariclub.gr\/de\/wp-json\/wp\/v2\/media?parent=55990"}],"wp:term":[{"taxonomy":"product_brand","embeddable":true,"href":"https:\/\/safariclub.gr\/de\/wp-json\/wp\/v2\/product_brand?post=55990"},{"taxonomy":"product_cat","embeddable":true,"href":"https:\/\/safariclub.gr\/de\/wp-json\/wp\/v2\/product_cat?post=55990"},{"taxonomy":"product_tag","embeddable":true,"href":"https:\/\/safariclub.gr\/de\/wp-json\/wp\/v2\/product_tag?post=55990"}],"curies":[{"name":"wp","href":"https:\/\/api.w.org\/{rel}","templated":true}]}}