{"id":55987,"date":"2021-05-26T11:55:10","date_gmt":"2021-05-26T11:55:10","guid":{"rendered":"https:\/\/safariclub.gr\/product\/ha-canyon\/"},"modified":"2024-11-22T12:41:36","modified_gmt":"2024-11-22T10:41:36","slug":"ha-canyon","status":"publish","type":"product","link":"https:\/\/safariclub.gr\/de\/produkt\/ha-canyon\/","title":{"rendered":"Ha Canyon"},"content":{"rendered":"<p>Dieser Tag gibt Ihnen die M\u00f6glichkeit, den s\u00fcd\u00f6stlichen Teil der Insel mit traditionellen D\u00f6rfern und dem wahren Leben der Bewohner zu erkunden. Die Berge, W\u00e4lder und Schluchten lassen Sie die nat\u00fcrliche Sch\u00f6nheit sehen.<\/p>\n<p>Wir beginnen unsere Reise in der Peristeronas-Schlucht, die f\u00fcr ihre roten Schmetterlinge ber\u00fchmt ist, die durch die B\u00fcsche und Blumen fliegen. Wir fahren durch einige der traditionellen D\u00f6rfer, in denen die Zeit praktisch stehen geblieben ist, und machen eine Pause, um die Einheimischen auf einen Kaffee in einem \u201eKafeneion\u201c in Oreino zu treffen und etwas Zeit zum Entspannen zu haben. Unterwegs sehen wir T\u00e4ler voller Olivenb\u00e4ume und Wildkr\u00e4uter, die wir pfl\u00fccken, um ihren einzigartigen Geschmack zu genie\u00dfen und etwas \u00fcber ihre Heilkr\u00e4fte zu erfahren.<br \/>\nWir setzen das Abenteuer fort, indem wir hoch in die Berge gehen, wo wir eine Kombination aus den Rocky Mountains, dem Duft von Thymian und Salbeistr\u00e4uchern finden und einen einzigartigen Blick auf das s\u00fcdkretische Meer haben. Danach schl\u00e4ngeln wir uns durch den immergr\u00fcnen Kiefernwald von Thripiti, wo die B\u00e4ume ein Alter von bis zu 1000 Jahren erreichen k\u00f6nnen. Bevor der Magen zu knurren beginnt, halten wir f\u00fcr ein traditionelles kretisches Essen mit unbegrenztem Wein in einer lokalen Taverne.<br \/>\nFrisch gest\u00e4rkt fahren wir nach Agia Anna, einer kleinen traditionellen Kirche am Eingang von HA, wo wir f\u00fcr ein paar herrliche Fotomotive anhalten, bevor wir langsam zum Hotel zur\u00fcckfahren und einen weiteren Halt einlegen, von dem aus wir einen fantastischen Blick auf das nordkretische Meer haben.<\/p>\n<p>Dies ist ein Tag voller \u00dcberraschungen und die Aufregung ist un\u00fcbertroffen. Sie werden Ihren unterhaltsamen Tag mit Safariclub auf keinen Fall vergessen!<\/p>\n<p>Highlights:<\/p>\n<ul>\n<li>Abholung vom Hotel<\/li>\n<li>Schmetterlingsschlucht = Fotostopp<\/li>\n<li>Traditionelles Dorf = Kaffeepause<\/li>\n<li>Kr\u00e4utersammeln<\/li>\n<li>S\u00fcdliches Kretisches Meer = Aussichtspunkt<\/li>\n<li>Thripiti = Mittagessen<\/li>\n<li>Agia Anna = kleine Kirche<\/li>\n<li>Eingang von Ha = Fotostopp<\/li>\n<li>N\u00f6rdliches Kretisches Meer = Aussichtspunkt<\/li>\n<\/ul>\n","protected":false},"excerpt":{"rendered":"<p>Dieser Tag gibt Ihnen die M\u00f6glichkeit, den s\u00fcd\u00f6stlichen Teil der Insel mit traditionellen D\u00f6rfern und dem wahren Leben der Bewohner zu erkunden. Die Berge, W\u00e4lder und Schluchten lassen Sie die nat\u00fcrliche Sch\u00f6nheit sehen. Wir beginnen unsere Reise in der Peristeronas-Schlucht, die f\u00fcr ihre roten Schmetterlinge ber\u00fchmt ist, die durch die B\u00fcsche und Blumen fliegen. Wir&hellip;<\/p>\n","protected":false},"featured_media":54534,"comment_status":"open","ping_status":"closed","template":"","meta":[],"product_brand":[],"product_cat":[1418],"product_tag":[1487,1486],"class_list":{"0":"post-55987","1":"product","2":"type-product","3":"status-publish","4":"has-post-thumbnail","6":"product_cat-land-rover-safari-de","7":"product_tag-land-rover-jeepsafari-von-ierapetra","8":"product_tag-land-rover-jeepsafari-von-makry-gialos","9":"description-off","11":"first","12":"instock","13":"sold-individually","14":"shipping-taxable","15":"purchasable","16":"product-type-simple"},"_links":{"self":[{"href":"https:\/\/safariclub.gr\/de\/wp-json\/wp\/v2\/product\/55987","targetHints":{"allow":["GET"]}}],"collection":[{"href":"https:\/\/safariclub.gr\/de\/wp-json\/wp\/v2\/product"}],"about":[{"href":"https:\/\/safariclub.gr\/de\/wp-json\/wp\/v2\/types\/product"}],"replies":[{"embeddable":true,"href":"https:\/\/safariclub.gr\/de\/wp-json\/wp\/v2\/comments?post=55987"}],"wp:featuredmedia":[{"embeddable":true,"href":"https:\/\/safariclub.gr\/de\/wp-json\/wp\/v2\/media\/54534"}],"wp:attachment":[{"href":"https:\/\/safariclub.gr\/de\/wp-json\/wp\/v2\/media?parent=55987"}],"wp:term":[{"taxonomy":"product_brand","embeddable":true,"href":"https:\/\/safariclub.gr\/de\/wp-json\/wp\/v2\/product_brand?post=55987"},{"taxonomy":"product_cat","embeddable":true,"href":"https:\/\/safariclub.gr\/de\/wp-json\/wp\/v2\/product_cat?post=55987"},{"taxonomy":"product_tag","embeddable":true,"href":"https:\/\/safariclub.gr\/de\/wp-json\/wp\/v2\/product_tag?post=55987"}],"curies":[{"name":"wp","href":"https:\/\/api.w.org\/{rel}","templated":true}]}}