{"id":55984,"date":"2021-05-26T11:50:50","date_gmt":"2021-05-26T11:50:50","guid":{"rendered":"https:\/\/safariclub.gr\/product\/nida-route\/"},"modified":"2024-11-25T13:29:39","modified_gmt":"2024-11-25T11:29:39","slug":"nida-route","status":"publish","type":"product","link":"https:\/\/safariclub.gr\/de\/produkt\/nida-route\/","title":{"rendered":"Nida Route"},"content":{"rendered":"<p>Kombinieren Sie den Besuch traditioneller D\u00f6rfer, H\u00f6hlen, Hochebenen und Berglandschaften mit der Verkostung lokaler Produkte und lernen Sie das lokale Leben auf Kreta kennen.<br \/>\nWir beginnen unsere Reise in Gazi und fahren zum Dorf Krousonas, wo wir die Gelegenheit haben, lokale Produkte wie Oliven\u00f6l und Raki zu probieren. Hier haben wir Zeit, uns bei einem Kaffee zu entspannen und die atemberaubende Aussicht zu genie\u00dfen.<br \/>\nAuf unserem weiteren Weg zur Livadi-Hochebene sehen wir einige der vielen Apfelplantagen der Gegend, Olivenb\u00e4ume und Wildkr\u00e4uter, deren Duft in der Luft liegt, und treffen auf dem Weg zur H\u00f6hle von Sfendoni zweifellos einige freundliche einheimische Ziegen. Die H\u00f6hle ist reich verziert mit Stalaktiten, Stalagmiten und versteinerten Wellen und beherbergt nicht nur verschiedene Fledermausarten, sondern auch Dutzende von Wirbellosen. Der Eintritt kostet 6 \u20ac und beinhaltet einen F\u00fchrer, und es wird empfohlen, festes Schuhwerk zu tragen.<br \/>\nMit gro\u00dfem Appetit machen wir uns auf den Weg zum Restaurant, wo wir ein k\u00f6stliches traditionelles Mittagessen mit unbegrenzter Weinauswahl (auch vegetarisch) zu uns nehmen. Nach der St\u00e4rkung besuchen wir das ber\u00fchmte Dorf Anogeia, das an den H\u00e4ngen des Psiloritis liegt. Bei einem kurzen Spaziergang k\u00f6nnen Sie das Zentrum von Anogia besuchen und die Einheimischen kennenlernen. Bevor wir uns langsam auf den R\u00fcckweg machen, halten wir an der Nordk\u00fcste von Heraklion, wo Sie die M\u00f6glichkeit haben, ein paar tolle Fotos zu machen, bevor wir uns auf den Heimweg machen.<\/p>\n<p>Ein Tag voller \u00dcberraschungen, der an Spannung kaum zu \u00fcberbieten ist und den Sie sicher nicht so schnell vergessen werden, wenn Sie mit SAFARICLUB unterwegs sind!<\/p>\n<p>H\u00f6hepunkte:<br \/>\nAbholung vom Hotel<br \/>\nKrousonas= Verkostung von Raki und Oliven\u00f6l<br \/>\nLivadi Plateau= Apfelplantagen<br \/>\nKr\u00e4utersammeln<br \/>\nSfendoni-H\u00f6hle = optionaler Besuch<br \/>\nMittagspause= Traditionelles kretisches Essen mit lokalem Wein und Wasser<br \/>\nAnogia = Kleiner Spaziergang<br \/>\nAussichtspunkt Kretisches Nordmeer = Fotostopp<br \/>\nR\u00fcckfahrt zum Hotel<\/p>\n","protected":false},"excerpt":{"rendered":"<p>Kombinieren Sie den Besuch traditioneller D\u00f6rfer, H\u00f6hlen, Hochebenen und Berglandschaften mit der Verkostung lokaler Produkte und lernen Sie das lokale Leben auf Kreta kennen. Wir beginnen unsere Reise in Gazi und fahren zum Dorf Krousonas, wo wir die Gelegenheit haben, lokale Produkte wie Oliven\u00f6l und Raki zu probieren. Hier haben wir Zeit, uns bei einem&hellip;<\/p>\n","protected":false},"featured_media":55484,"comment_status":"open","ping_status":"closed","template":"","meta":[],"product_brand":[],"product_cat":[1418],"product_tag":[1479,1464,1468,1469,1471,1488,1467,1465,1470],"class_list":{"0":"post-55984","1":"product","2":"type-product","3":"status-publish","4":"has-post-thumbnail","6":"product_cat-land-rover-safari-de","7":"product_tag-land-rover-jeepsafari-von-agia-pelagia","8":"product_tag-land-rover-jeepsafari-von-ammoudara","9":"product_tag-land-rover-jeepsafari-von-analipsi","10":"product_tag-land-rover-jeepsafari-von-anissaras","11":"product_tag-land-rover-jeepsafari-von-chersonissos","12":"product_tag-land-rover-jeepsafari-von-fodele","13":"product_tag-land-rover-jeepsafari-von-gouves","14":"product_tag-land-rover-jeepsafari-von-heraklion","15":"product_tag-land-rover-jeepsafari-von-hersonissos","16":"description-off","18":"first","19":"instock","20":"sold-individually","21":"shipping-taxable","22":"purchasable","23":"product-type-simple"},"_links":{"self":[{"href":"https:\/\/safariclub.gr\/de\/wp-json\/wp\/v2\/product\/55984","targetHints":{"allow":["GET"]}}],"collection":[{"href":"https:\/\/safariclub.gr\/de\/wp-json\/wp\/v2\/product"}],"about":[{"href":"https:\/\/safariclub.gr\/de\/wp-json\/wp\/v2\/types\/product"}],"replies":[{"embeddable":true,"href":"https:\/\/safariclub.gr\/de\/wp-json\/wp\/v2\/comments?post=55984"}],"wp:featuredmedia":[{"embeddable":true,"href":"https:\/\/safariclub.gr\/de\/wp-json\/wp\/v2\/media\/55484"}],"wp:attachment":[{"href":"https:\/\/safariclub.gr\/de\/wp-json\/wp\/v2\/media?parent=55984"}],"wp:term":[{"taxonomy":"product_brand","embeddable":true,"href":"https:\/\/safariclub.gr\/de\/wp-json\/wp\/v2\/product_brand?post=55984"},{"taxonomy":"product_cat","embeddable":true,"href":"https:\/\/safariclub.gr\/de\/wp-json\/wp\/v2\/product_cat?post=55984"},{"taxonomy":"product_tag","embeddable":true,"href":"https:\/\/safariclub.gr\/de\/wp-json\/wp\/v2\/product_tag?post=55984"}],"curies":[{"name":"wp","href":"https:\/\/api.w.org\/{rel}","templated":true}]}}