{"id":55981,"date":"2021-05-26T11:13:06","date_gmt":"2021-05-26T11:13:06","guid":{"rendered":"https:\/\/safariclub.gr\/product\/katharo-route\/"},"modified":"2025-03-31T12:47:44","modified_gmt":"2025-03-31T09:47:44","slug":"katharo-route","status":"publish","type":"product","link":"https:\/\/safariclub.gr\/de\/produkt\/katharo-route\/","title":{"rendered":"Katharo Route"},"content":{"rendered":"<p>Der von uns geplante Tag bietet Ihnen die passende M\u00f6glichkeit Zentral-Kreta mit seinen zwei Hochebenen, seiner Mythologie und seiner reichen Geschichte zu erkunden und besser kennen zu lernen.<\/p>\n<p>Unser erster Halt ist Kritsa ein niedrig gelegenes Bergdorf, hier k\u00f6nnen Sie einen kleinen Spaziergang machen, um die lokalen Kunsthandwerksl\u00e4den zu besichtigen und Sie haben Zeit f\u00fcr eine Erfrischung. Der n\u00e4chste Halt auf einer Bergspitze bietet Ihnen einen unvergesslichen Panoramablick auf die Mirabello Bucht. Dort k\u00f6nnen Sie Fotos aufnehmen und dabei beide Seiten der Insel, also sowohl das kretanische als auch das lybische Meer bewundern. Unsere Reise f\u00fchrt uns auf die Ebene von \u201cKatharo\u201c und durch die gr\u00f6\u00dften W\u00e4lder der Insel, wo es keine Stra\u00dfen gibt und wir eine H\u00f6he von \u00fcber 1500 Meter erreichen. In dieser Wildnis werden wir an einem abgelegenen Kafeneion halten und rasten.\u00a0 Anschlie\u00dfend geht es weiter \u00fcber Feldwege und durch B\u00e4che, in das sogenannte Ziegental. Hier wird die Reise erst richtig spannend!!!<\/p>\n<p>Unser n\u00e4chster Halt gibt Ihnen erneut die M\u00f6glichkeit, aus der Vogelperspektive Fotos zu schie\u00dfen und die Hochebene von Lasithi bestaunen zu k\u00f6nnen. Anschlie\u00dfend begeben wir uns auf die Ebene von Lasithi wo wir eine k\u00f6stliche Mahlzeit, bestehend aus verschiedenen kretischen Vorspeisen und einem traditionellen Hauptgang aus dem Ofen (vegetarische Option verf\u00fcgbar) mit unbegrenztem kretischem Wein und Wasser genie\u00dfen k\u00f6nnen.<\/p>\n<p>Auf der Lasithi-Ebene ist die Zeit stehen geblieben. Die Einwohner bestehen gr\u00f6\u00dftenteils aus Landwirten. Sie werden Esel sehen, die immer noch im landwirtschaftlichen Alltag eingesetzt werden.<\/p>\n<p>Unsere Route f\u00fchrt uns nun in das Dorf Krassi, dass f\u00fcr seine 2000 Jahre alte Platane bekannt ist und \u00fcber eine nat\u00fcrliche Wasserquelle verf\u00fcgt. Auf unserem R\u00fcckweg fahren wir durch die Region Selinari, wo Sie vom Aussterben bedrohte Geier sehen werden.<\/p>\n<p>Dieser Tag ist voller \u00dcberraschungen und H\u00f6hepunkten. Sie werden dieses Abenteuer sicherlich nicht vergessen.<\/p>\n<p>Highlights:<\/p>\n<ul>\n<li>Kritsa = Kaffeepause<\/li>\n<li>Selakano Wald =\u00a0Gr\u00f6\u00dfter Kiefernwald der Insel \/ Aussichtspunkt<\/li>\n<li>Katharo = Raki und Honig Verkostung<\/li>\n<li>Havgas Schlucht = Aussichtspunkt<\/li>\n<li>Ziegen-Tal\u00a0= Aussichtspunkt von Lassithi Plateau<\/li>\n<li>Mittagessen = Traditionelles kretanisches Essen mit lokalem Wein und Wasser<\/li>\n<li>Lassithi Plateau = Bauernh\u00f6fe und Windm\u00fchlen<\/li>\n<li>Krassi = 2000\u00a0Jahre alter Baum \/ Dorf Quelle<\/li>\n<li>Selinari= Adler<\/li>\n<\/ul>\n","protected":false},"excerpt":{"rendered":"<p>Der von uns geplante Tag bietet Ihnen die passende M\u00f6glichkeit Zentral-Kreta mit seinen zwei Hochebenen, seiner Mythologie und seiner reichen Geschichte zu erkunden und besser kennen zu lernen. Unser erster Halt ist Kritsa ein niedrig gelegenes Bergdorf, hier k\u00f6nnen Sie einen kleinen Spaziergang machen, um die lokalen Kunsthandwerksl\u00e4den zu besichtigen und Sie haben Zeit f\u00fcr&hellip;<\/p>\n","protected":false},"featured_media":55379,"comment_status":"open","ping_status":"closed","template":"","meta":[],"product_brand":[],"product_cat":[1418],"product_tag":[1482,1483,1481,1484,1475,1480,1474],"class_list":{"0":"post-55981","1":"product","2":"type-product","3":"status-publish","4":"has-post-thumbnail","6":"product_cat-land-rover-safari-de","7":"product_tag-land-rover-jeepsafari-von-agios-nikolaos","8":"product_tag-land-rover-jeepsafari-von-daios","9":"product_tag-land-rover-jeepsafari-von-elounda","10":"product_tag-land-rover-jeepsafari-von-istron","11":"product_tag-land-rover-jeepsafari-von-malia","12":"product_tag-land-rover-jeepsafari-von-plaka","13":"product_tag-land-rover-jeepsafari-von-stalis","14":"description-off","16":"first","17":"instock","18":"sold-individually","19":"shipping-taxable","20":"purchasable","21":"product-type-simple"},"_links":{"self":[{"href":"https:\/\/safariclub.gr\/de\/wp-json\/wp\/v2\/product\/55981","targetHints":{"allow":["GET"]}}],"collection":[{"href":"https:\/\/safariclub.gr\/de\/wp-json\/wp\/v2\/product"}],"about":[{"href":"https:\/\/safariclub.gr\/de\/wp-json\/wp\/v2\/types\/product"}],"replies":[{"embeddable":true,"href":"https:\/\/safariclub.gr\/de\/wp-json\/wp\/v2\/comments?post=55981"}],"wp:featuredmedia":[{"embeddable":true,"href":"https:\/\/safariclub.gr\/de\/wp-json\/wp\/v2\/media\/55379"}],"wp:attachment":[{"href":"https:\/\/safariclub.gr\/de\/wp-json\/wp\/v2\/media?parent=55981"}],"wp:term":[{"taxonomy":"product_brand","embeddable":true,"href":"https:\/\/safariclub.gr\/de\/wp-json\/wp\/v2\/product_brand?post=55981"},{"taxonomy":"product_cat","embeddable":true,"href":"https:\/\/safariclub.gr\/de\/wp-json\/wp\/v2\/product_cat?post=55981"},{"taxonomy":"product_tag","embeddable":true,"href":"https:\/\/safariclub.gr\/de\/wp-json\/wp\/v2\/product_tag?post=55981"}],"curies":[{"name":"wp","href":"https:\/\/api.w.org\/{rel}","templated":true}]}}