{"id":52682,"date":"2018-03-13T12:37:15","date_gmt":"2018-03-13T12:37:15","guid":{"rendered":"https:\/\/safariclub.gr\/?page_id=52682"},"modified":"2019-05-05T11:05:42","modified_gmt":"2019-05-05T11:05:42","slug":"geschaeftsbedingungen","status":"publish","type":"page","link":"https:\/\/safariclub.gr\/de\/geschaeftsbedingungen\/","title":{"rendered":"Gesch\u00e4ftsbedingungen"},"content":{"rendered":"<div class=\"wpb-content-wrapper\"><p>[vc_row][vc_column][vc_column_text]<\/p>\n<h2>Gesch\u00e4ftsbedingungen<\/h2>\n<ol>\n<li><strong>Einf\u00fchrung<\/strong><\/li>\n<\/ol>\n<p>&nbsp;<\/p>\n<p>Diese Website-Standardbedingungen, die auf dieser Webseite geschrieben sind, verwalten Ihre Nutzung dieser Website. Diese Bedingungen werden vollst\u00e4ndig angewendet und betreffen Ihre Nutzung dieser Website. Durch die Nutzung dieser Website haben Sie zugestimmt, alle hier beschriebenen Bedingungen zu akzeptieren. Sie d\u00fcrfen diese Website nicht nutzen, wenn Sie mit diesen Allgemeinen Gesch\u00e4ftsbedingungen der Website nicht einverstanden sind.<\/p>\n<p>Minderj\u00e4hrige oder Personen unter 18 Jahren d\u00fcrfen diese Website nicht nutzen.<\/p>\n<ol start=\"2\">\n<li><b>Rechte an geistigem Eigentum<\/b><\/li>\n<\/ol>\n<p>Abgesehen von den Inhalten, die Sie besitzen, besitzen Safari Club S.A. und \/ oder seine Lizenzgeber gem\u00e4\u00df diesen Bedingungen alle geistigen Eigentumsrechte und Materialien, die auf dieser Website enthalten sind.<\/p>\n<p>Sie erhalten eine beschr\u00e4nkte Lizenz nur zum Betrachten des auf dieser Website enthaltenen Materials.<\/p>\n<p>&nbsp;<\/p>\n<ol start=\"3\">\n<li><strong>Beschr\u00e4nkungen<\/strong><\/li>\n<\/ol>\n<p>Sie sind ausdr\u00fccklich von allen folgenden eingeschr\u00e4nkt<\/p>\n<ul>\n<li>Ver\u00f6ffentlichung von Website-Material in anderen Medien;<\/li>\n<li>Verkauf, Unterlizensierung und \/ oder anderweitige Kommerzialisierung von Website-Material;<\/li>\n<li>\u00f6ffentliches Vorf\u00fchren und \/ oder Zeigen von Website-Material;<\/li>\n<li>Nutzung dieser Website in irgendeiner Weise, die f\u00fcr diese Website sch\u00e4dlich ist oder sein k\u00f6nnte;<\/li>\n<li>Nutzung dieser Website in irgendeiner Weise, die sich auf den Benutzerzugriff auf diese Website auswirkt;<\/li>\n<li>die Nutzung dieser Website im Widerspruch zu geltenden Gesetzen und Vorschriften oder in irgendeiner Weise zu Sch\u00e4den an der Website oder an Personen oder Unternehmen f\u00fchren kann;<\/li>\n<li>die Durchf\u00fchrung von Data Mining, Datenerhebung, Datenextraktion oder andere \u00e4hnliche Aktivit\u00e4ten in Bezug auf diese Website;<\/li>\n<li>Nutzung dieser Website f\u00fcr Werbung oder Marketing.<\/li>\n<\/ul>\n<p>Bestimmte Bereiche dieser Website sind f\u00fcr Sie nicht zug\u00e4nglich und Safari Club S.A. kann den Zugriff auf Bereiche dieser Website jederzeit nach freiem Ermessen einschr\u00e4nken. Alle Benutzer-IDs und Kennw\u00f6rter, die Sie f\u00fcr diese Website haben, sind vertraulich und Sie m\u00fcssen ebenfalls die Vertraulichkeit wahren.<\/p>\n<ol start=\"4\">\n<li><strong>Dein Inhalt<\/strong><\/li>\n<\/ol>\n<p>In diesen Allgemeinen Gesch\u00e4ftsbedingungen der Website bedeutet &#8220;Ihr Inhalt&#8221; jeden Ton, Videotext, Bilder oder anderes Material, das Sie auf dieser Website anzeigen m\u00f6chten. Durch die Anzeige Ihrer Inhalte gew\u00e4hren Sie Safari Club S.A. eine nicht ausschlie\u00dfliche, weltweit unwiderrufliche, unterlizenzierbare Lizenz zur Verwendung, Reproduktion, Anpassung, Ver\u00f6ffentlichung, \u00dcbersetzung und Verbreitung in allen Medien.<\/p>\n<p>Ihre Inhalte m\u00fcssen Ihre eigenen sein und d\u00fcrfen keine Rechte Dritter verletzen. Safari Club S.A. beh\u00e4lt sich das Recht vor, Ihre Inhalte jederzeit ohne vorherige Ank\u00fcndigung von dieser Website zu entfernen.<\/p>\n<p>5.\u00a0<strong>Keine Garantien<\/strong><\/p>\n<p>Diese Website wird &#8220;so wie sie ist&#8221; mit allen Fehlern bereitgestellt, und Safari Club S.A. gibt keine Zusicherungen oder Gew\u00e4hrleistungen irgendwelcher Art im Zusammenhang mit dieser Website oder den auf dieser Website enthaltenen Materialien ab. Auch nichts, was auf dieser Website enthalten ist, soll so ausgelegt werden, dass es Sie ber\u00e4t.<\/p>\n<ol start=\"6\">\n<li><strong>Haftungsbeschr\u00e4nkung<\/strong><\/li>\n<\/ol>\n<p>In keinem Fall haftet Safari Club S.A., noch einer seiner leitenden Angestellten, Direktoren oder Angestellten, f\u00fcr irgendetwas, das aus oder in irgendeiner Weise mit Ihrer Nutzung dieser Website in Verbindung steht, unabh\u00e4ngig davon, ob diese Haftung vertraglich vereinbart ist. Safari Club S.A., einschlie\u00dflich seiner leitenden Angestellten, Direktoren und Mitarbeiter, haftet nicht f\u00fcr indirekte, Folgesch\u00e4den oder besondere Haftungen, die sich aus oder im Zusammenhang mit Ihrer Nutzung dieser Website ergeben.<\/p>\n<ol start=\"7\">\n<li><strong>Entsch\u00e4digung<\/strong><\/li>\n<\/ol>\n<p>Sie stellen Safari Club S.A. in vollem Umfang von allen und \/ oder allen Haftungen, Kosten, Forderungen, Klagegr\u00fcnden, Sch\u00e4den und Kosten frei, die in irgendeiner Weise im Zusammenhang mit Ihrer Verletzung der Bestimmungen dieser Bedingungen entstehen.<\/p>\n<ol start=\"8\">\n<li><strong>Salvatorische Klausel<\/strong><\/li>\n<\/ol>\n<p>Sollte eine der Bestimmungen dieser Bedingungen nach geltendem Recht ung\u00fcltig sein, werden diese Bestimmungen gel\u00f6scht, ohne die \u00fcbrigen Bestimmungen zu ber\u00fchren.<\/p>\n<ol start=\"9\">\n<li><strong>Variation der Bedingungen<\/strong><\/li>\n<\/ol>\n<p>Safari Club S.A. ist berechtigt, diese Bedingungen jederzeit nach eigenem Ermessen zu \u00fcberarbeiten, und es wird von Ihnen erwartet, dass Sie diese Bedingungen regelm\u00e4\u00dfig \u00fcberpr\u00fcfen.<\/p>\n<ol start=\"10\">\n<li><strong>Zuordnung<\/strong><\/li>\n<\/ol>\n<p>Der Safari Club S.A. ist berechtigt, seine Rechte und \/ oder Pflichten unter diesen Bedingungen ohne Benachrichtigung zu \u00fcbertragen, zu \u00fcbertragen und zu vergeben. Es ist Ihnen jedoch nicht gestattet, Ihre Rechte und \/ oder Pflichten unter diesen Bedingungen abzutreten, zu \u00fcbertragen oder zu vergeben.<\/p>\n<ol start=\"11\">\n<li><b>Ganze Vereinbarung<\/b><\/li>\n<\/ol>\n<p>Diese Bedingungen stellen die gesamte Vereinbarung zwischen Safari Club S.A. und Ihnen in Bezug auf Ihre Nutzung dieser Website dar und ersetzen alle vorherigen Vereinbarungen und Absprachen.<\/p>\n<ol start=\"12\">\n<li><strong>Geltendes Recht &amp; Gerichtsstand<\/strong><\/li>\n<\/ol>\n<p>Diese Bedingungen unterliegen den Gesetzen des griechischen Staates und werden entsprechend ausgelegt. Sie unterwerfen sich der nicht ausschlie\u00dflichen Zust\u00e4ndigkeit der in Griechenland ans\u00e4ssigen staatlichen und f\u00f6deralen Gerichte zur Beilegung von Streitigkeiten.<\/p>\n<ol start=\"13\">\n<li><strong>Stornierung<\/strong><\/li>\n<\/ol>\n<p>F\u00fcr eine vollst\u00e4ndige R\u00fcckerstattung der Tour muss eine Stornierung 24 Stunden vor der Abholung von der Unterkunft erfolgen.<\/p>\n<p>Wenn der Gast weniger als 24 Stunden vor der Abholung von der Unterkunft storniert oder nicht zur Abholung erscheint, wird die Tour nicht zur\u00fcckerstattet.<\/p>\n<p>&nbsp;<\/p>\n<p>&nbsp;<\/p>\n<p>[\/vc_column_text][\/vc_column][\/vc_row]<\/p>\n<\/div>","protected":false},"excerpt":{"rendered":"<p>[vc_row][vc_column][vc_column_text] Gesch\u00e4ftsbedingungen Einf\u00fchrung &nbsp; Diese Website-Standardbedingungen, die auf dieser Webseite geschrieben sind, verwalten Ihre Nutzung dieser Website. Diese Bedingungen werden vollst\u00e4ndig angewendet und betreffen Ihre Nutzung dieser Website. Durch die Nutzung dieser Website haben Sie zugestimmt, alle hier beschriebenen Bedingungen zu akzeptieren. Sie d\u00fcrfen diese Website nicht nutzen, wenn Sie mit diesen Allgemeinen Gesch\u00e4ftsbedingungen der&hellip;<\/p>\n","protected":false},"author":1,"featured_media":0,"parent":0,"menu_order":0,"comment_status":"closed","ping_status":"closed","template":"","meta":{"footnotes":""},"class_list":["post-52682","page","type-page","status-publish","hentry","description-off"],"_links":{"self":[{"href":"https:\/\/safariclub.gr\/de\/wp-json\/wp\/v2\/pages\/52682","targetHints":{"allow":["GET"]}}],"collection":[{"href":"https:\/\/safariclub.gr\/de\/wp-json\/wp\/v2\/pages"}],"about":[{"href":"https:\/\/safariclub.gr\/de\/wp-json\/wp\/v2\/types\/page"}],"author":[{"embeddable":true,"href":"https:\/\/safariclub.gr\/de\/wp-json\/wp\/v2\/users\/1"}],"replies":[{"embeddable":true,"href":"https:\/\/safariclub.gr\/de\/wp-json\/wp\/v2\/comments?post=52682"}],"version-history":[{"count":1,"href":"https:\/\/safariclub.gr\/de\/wp-json\/wp\/v2\/pages\/52682\/revisions"}],"predecessor-version":[{"id":53913,"href":"https:\/\/safariclub.gr\/de\/wp-json\/wp\/v2\/pages\/52682\/revisions\/53913"}],"wp:attachment":[{"href":"https:\/\/safariclub.gr\/de\/wp-json\/wp\/v2\/media?parent=52682"}],"curies":[{"name":"wp","href":"https:\/\/api.w.org\/{rel}","templated":true}]}}