{"id":52633,"date":"2018-03-13T12:05:47","date_gmt":"2018-03-13T12:05:47","guid":{"rendered":"https:\/\/safariclub.gr\/?page_id=52633"},"modified":"2019-05-05T11:05:18","modified_gmt":"2019-05-05T11:05:18","slug":"fahrer","status":"publish","type":"page","link":"https:\/\/safariclub.gr\/de\/fahrer\/","title":{"rendered":"Fahrer"},"content":{"rendered":"<div class=\"wpb-content-wrapper\"><p>[vc_row][vc_column][vc_column_text]<\/p>\n<div id=\"gt-src-c\" class=\"g-unit\">\n<div id=\"gt-src-p\">\n<div id=\"gt-src-wrap\" class=\"\">\n<div id=\"gt-src-cc\">\n<div id=\"gt-src-cc-ctr\" class=\"cc-ctr gt-src-cc-normal\"><\/div>\n<\/div>\n<\/div>\n<div id=\"src-translit\" class=\"translit\" dir=\"ltr\"><\/div>\n<\/div>\n<\/div>\n<div id=\"gt-res-c\" class=\"g-unit\">\n<div id=\"gt-res-p\">\n<div id=\"gt-res-data\">\n<div id=\"gt-res-wrap\">\n<div id=\"gt-res-content\">\n<div id=\"gt-res-dir-ctr\" class=\"trans-verified-button-small\" dir=\"ltr\">\n<p><span id=\"result_box\" class=\"\" lang=\"de\">Wir sind davon \u00fcberzeugt, dass die Fahrer der wichtigste Aspekt jeder Safari sind.\u00a0Das Fahrzeug muss in einem guten Zustand sein, der Betrieb muss p\u00fcnktlich und gut organisiert sein.\u00a0<span class=\"\">Wir haben einen sehr gr\u00fcndlichen Rekrutierungsprozess, um sicherzustellen, dass wir die Besten der Besten haben: Erfahren, professionell, fr\u00f6hlich, lustig, gespr\u00e4chig und in der Lage, die Leidenschaft in jedem Einzelnen zu entfachen und diese Reise zu einem unvergesslichen Erlebnis zu machen.<\/span>\u00a0<span class=\"\">Schlie\u00dflich kann eine Safari mit Safariclub eine Reise ihres Lebens sein.<\/span><\/span><\/p>\n<p><span class=\"\">Es passiert meistens: Unsere G\u00e4ste kommen nach Kreta, ein neues Land, in dem sie noch nie waren, voller Wunder, Fragen \u00fcber all die Tiere, denen sie begegnen werden und welche erstaunlichen Orte sie sehen k\u00f6nnen.<\/span>\u00a0<span class=\"\">Aber am Ende, ist es am schwierigsten, sich vom Fahrer zu verabschieden.<\/span><\/p>\n<\/div>\n<\/div>\n<\/div>\n<\/div>\n<\/div>\n<\/div>\n<p>[\/vc_column_text][\/vc_column][\/vc_row]<\/p>\n<\/div>","protected":false},"excerpt":{"rendered":"<p>[vc_row][vc_column][vc_column_text] Wir sind davon \u00fcberzeugt, dass die Fahrer der wichtigste Aspekt jeder Safari sind.\u00a0Das Fahrzeug muss in einem guten Zustand sein, der Betrieb muss p\u00fcnktlich und gut organisiert sein.\u00a0Wir haben einen sehr gr\u00fcndlichen Rekrutierungsprozess, um sicherzustellen, dass wir die Besten der Besten haben: Erfahren, professionell, fr\u00f6hlich, lustig, gespr\u00e4chig und in der Lage, die Leidenschaft in&hellip;<\/p>\n","protected":false},"author":1,"featured_media":0,"parent":0,"menu_order":0,"comment_status":"closed","ping_status":"closed","template":"","meta":{"footnotes":""},"class_list":["post-52633","page","type-page","status-publish","hentry","description-off"],"_links":{"self":[{"href":"https:\/\/safariclub.gr\/de\/wp-json\/wp\/v2\/pages\/52633","targetHints":{"allow":["GET"]}}],"collection":[{"href":"https:\/\/safariclub.gr\/de\/wp-json\/wp\/v2\/pages"}],"about":[{"href":"https:\/\/safariclub.gr\/de\/wp-json\/wp\/v2\/types\/page"}],"author":[{"embeddable":true,"href":"https:\/\/safariclub.gr\/de\/wp-json\/wp\/v2\/users\/1"}],"replies":[{"embeddable":true,"href":"https:\/\/safariclub.gr\/de\/wp-json\/wp\/v2\/comments?post=52633"}],"version-history":[{"count":1,"href":"https:\/\/safariclub.gr\/de\/wp-json\/wp\/v2\/pages\/52633\/revisions"}],"predecessor-version":[{"id":53858,"href":"https:\/\/safariclub.gr\/de\/wp-json\/wp\/v2\/pages\/52633\/revisions\/53858"}],"wp:attachment":[{"href":"https:\/\/safariclub.gr\/de\/wp-json\/wp\/v2\/media?parent=52633"}],"curies":[{"name":"wp","href":"https:\/\/api.w.org\/{rel}","templated":true}]}}