{"id":52390,"date":"2018-03-07T10:24:00","date_gmt":"2018-03-07T10:24:00","guid":{"rendered":"https:\/\/safariclub.gr\/?page_id=52390"},"modified":"2019-05-05T12:00:06","modified_gmt":"2019-05-05T12:00:06","slug":"ueber-uns","status":"publish","type":"page","link":"https:\/\/safariclub.gr\/de\/ueber-uns\/","title":{"rendered":"\u00dcBER UNS"},"content":{"rendered":"<div class=\"wpb-content-wrapper\"><p>[vc_row css=&#8221;.vc_custom_1518778961615{margin-top: -130px !important;background-color: #ffffff !important;border-radius: 1px !important;}&#8221;][vc_column css=&#8221;.vc_custom_1518778850975{padding-top: 20px !important;background-color: #ffffff !important;border-radius: 5px !important;}&#8221;][vc_column_text]Kreta ist eine wundersch\u00f6ne und abwechslungsreiche Insel, die ihren zahlreichen Besuchern und Einwohnern so viel zu bieten hat. Unser Ziel ist es, eine unterhaltsame und enthusiastische Einf\u00fchrung in seine nat\u00fcrliche Sch\u00f6nheit, Traditionen, Handwerk, Geschichte und Gastronomie sowie in das moderne Leben zu geben.<\/p>\n<p>&nbsp;<\/p>\n<p>Safari Club startete im Jahr 2002 eine Route f\u00fcr den britischen Markt und hat seitdem erreicht, um die Nummer eins Tour auf der Insel Kreta nach Trip Advisor Bewertungen zu werden. Im Laufe der Zeit haben wir expandiert und bieten jetzt mehrere Routen \u00fcber die ganze Insel an und auch Touren in Englisch, Franz\u00f6sisch, Deutsch und Niederl\u00e4ndisch.<\/p>\n<p>&nbsp;<\/p>\n<p>Die meisten Besucher kommen um die K\u00fcste mit ihren goldenen Str\u00e4nden und dem ruhigen blauen Wasser zu genie\u00dfen, unser Ziel ist es die G\u00e4ste abseits der ausgetretenen Pfade und hoch in die Berge zu f\u00fchren, um den Geschmack auf das &#8220;echte Kreta&#8221; zu bekommen, indem sie lokale D\u00f6rfer, Gesch\u00e4fte und Traditionen unterst\u00fctzen welche mit der Zeit abnehmen.<\/p>\n<p>&nbsp;<\/p>\n<p>Wir arbeiten mit den meisten gro\u00dfen Reiseveranstaltern zusammen, die sich auf die Vorschriften des Verbandes der Reiseveranstalter (FTO) konzentrieren, und alle unsere Routen sind nach den Gesundheits- und Sicherheitsstandards des europ\u00e4ischen Marktes gestaltet. Wir werden von Thomas Cook auch als &#8220;Lokal Griechenland&#8221; -Tour bezeichnet, die den Gemeinden und der Umwelt sowohl in wirtschaftlicher als auch in sozialer Hinsicht maximalen Nutzen bringt.<\/p>\n<p>&nbsp;<\/p>\n<p>Wir sind immer bem\u00fcht, unseren Service zu verbessern, und alle R\u00fcckmeldungen werden begr\u00fc\u00dft und gesch\u00e4tzt.[\/vc_column_text][\/vc_column][\/vc_row]<\/p>\n<\/div>","protected":false},"excerpt":{"rendered":"<p>[vc_row css=&#8221;.vc_custom_1518778961615{margin-top: -130px !important;background-color: #ffffff !important;border-radius: 1px !important;}&#8221;][vc_column css=&#8221;.vc_custom_1518778850975{padding-top: 20px !important;background-color: #ffffff !important;border-radius: 5px !important;}&#8221;][vc_column_text]Kreta ist eine wundersch\u00f6ne und abwechslungsreiche Insel, die ihren zahlreichen Besuchern und Einwohnern so viel zu bieten hat. Unser Ziel ist es, eine unterhaltsame und enthusiastische Einf\u00fchrung in seine nat\u00fcrliche Sch\u00f6nheit, Traditionen, Handwerk, Geschichte und Gastronomie sowie in das moderne Leben&hellip;<\/p>\n","protected":false},"author":1,"featured_media":0,"parent":0,"menu_order":0,"comment_status":"closed","ping_status":"closed","template":"","meta":{"footnotes":""},"class_list":["post-52390","page","type-page","status-publish","hentry","description-off"],"_links":{"self":[{"href":"https:\/\/safariclub.gr\/de\/wp-json\/wp\/v2\/pages\/52390","targetHints":{"allow":["GET"]}}],"collection":[{"href":"https:\/\/safariclub.gr\/de\/wp-json\/wp\/v2\/pages"}],"about":[{"href":"https:\/\/safariclub.gr\/de\/wp-json\/wp\/v2\/types\/page"}],"author":[{"embeddable":true,"href":"https:\/\/safariclub.gr\/de\/wp-json\/wp\/v2\/users\/1"}],"replies":[{"embeddable":true,"href":"https:\/\/safariclub.gr\/de\/wp-json\/wp\/v2\/comments?post=52390"}],"version-history":[{"count":1,"href":"https:\/\/safariclub.gr\/de\/wp-json\/wp\/v2\/pages\/52390\/revisions"}],"predecessor-version":[{"id":53857,"href":"https:\/\/safariclub.gr\/de\/wp-json\/wp\/v2\/pages\/52390\/revisions\/53857"}],"wp:attachment":[{"href":"https:\/\/safariclub.gr\/de\/wp-json\/wp\/v2\/media?parent=52390"}],"curies":[{"name":"wp","href":"https:\/\/api.w.org\/{rel}","templated":true}]}}